{"id":78,"date":"2016-12-29T09:08:48","date_gmt":"2016-12-29T08:08:48","guid":{"rendered":"https:\/\/klasam.se\/?page_id=78"},"modified":"2023-03-30T07:35:25","modified_gmt":"2023-03-30T07:35:25","slug":"protokoll","status":"publish","type":"page","link":"https:\/\/klasam.se\/ostravarmland\/arkiv\/protokoll\/","title":{"rendered":"Protokoll"},"content":{"rendered":"\n<p><strong>Vid varje sammantr\u00e4de skrivs det ett protokoll, man g\u00f6r en paragraf (\u00a7) f\u00f6r varje \u00e4rende.<\/strong><\/p>\n\n\n\n<p>Protokollet justeras (skrivs under av ordf\u00f6rande och av en eller tv\u00e5 justeringsm\u00e4n) detta f\u00f6r att kolla s\u00e5 att besluten \u00e4r riktigt formulerade. D\u00e4refter publiceras protokollet h\u00e4r (dock utan sj\u00e4lva justeringen pga tillg\u00e4nglighetskraven). Om n\u00e5gon beh\u00f6ver ha en justerad kopia g\u00e5r det bra att v\u00e4nda sig till f\u00f6rbundets kansli genom att maila till socialforvaltningen@filipstad.se<\/p>\n","protected":false},"excerpt":{"rendered":"<p>Vid varje sammantr\u00e4de skrivs det ett protokoll, man g\u00f6r en paragraf (\u00a7) f\u00f6r varje \u00e4rende. Protokollet justeras (skrivs under av ordf\u00f6rande och av en eller tv\u00e5 justeringsm\u00e4n) detta f\u00f6r att kolla s\u00e5 att besluten \u00e4r riktigt formulerade. D\u00e4refter publiceras protokollet h\u00e4r (dock utan sj\u00e4lva justeringen pga tillg\u00e4nglighetskraven). Om n\u00e5gon beh\u00f6ver ha en justerad kopia g\u00e5r [&hellip;]<\/p>\n","protected":false},"author":7,"featured_media":0,"parent":58,"menu_order":0,"comment_status":"closed","ping_status":"closed","template":"","meta":{"footnotes":""},"class_list":["post-78","page","type-page","status-publish","hentry"],"yoast_head":"<!-- This site is optimized with the Yoast SEO plugin v27.3 - https:\/\/yoast.com\/product\/yoast-seo-wordpress\/ -->\n<title>Protokoll - Samordningsf\u00f6rbundet \u00d6stra V\u00e4rmland<\/title>\n<meta name=\"robots\" content=\"index, follow, max-snippet:-1, max-image-preview:large, max-video-preview:-1\" \/>\n<link rel=\"canonical\" href=\"https:\/\/klasam.se\/ostravarmland\/arkiv\/protokoll\/\" \/>\n<meta property=\"og:locale\" content=\"sv_SE\" \/>\n<meta property=\"og:type\" content=\"article\" \/>\n<meta property=\"og:title\" content=\"Protokoll - Samordningsf\u00f6rbundet \u00d6stra V\u00e4rmland\" \/>\n<meta property=\"og:description\" content=\"Vid varje sammantr\u00e4de skrivs det ett protokoll, man g\u00f6r en paragraf (\u00a7) f\u00f6r varje \u00e4rende. Protokollet justeras (skrivs under av ordf\u00f6rande och av en eller tv\u00e5 justeringsm\u00e4n) detta f\u00f6r att kolla s\u00e5 att besluten \u00e4r riktigt formulerade. D\u00e4refter publiceras protokollet h\u00e4r (dock utan sj\u00e4lva justeringen pga tillg\u00e4nglighetskraven). Om n\u00e5gon beh\u00f6ver ha en justerad kopia g\u00e5r [&hellip;]\" \/>\n<meta property=\"og:url\" content=\"https:\/\/klasam.se\/ostravarmland\/arkiv\/protokoll\/\" \/>\n<meta property=\"og:site_name\" content=\"Samordningsf\u00f6rbundet \u00d6stra V\u00e4rmland\" \/>\n<meta property=\"article:modified_time\" content=\"2023-03-30T07:35:25+00:00\" \/>\n<meta name=\"twitter:card\" content=\"summary_large_image\" \/>\n<meta name=\"twitter:label1\" content=\"Ber\u00e4knad l\u00e4stid\" \/>\n\t<meta name=\"twitter:data1\" content=\"1 minut\" \/>\n<script type=\"application\/ld+json\" class=\"yoast-schema-graph\">{\"@context\":\"https:\\\/\\\/schema.org\",\"@graph\":[{\"@type\":\"WebPage\",\"@id\":\"https:\\\/\\\/klasam.se\\\/ostravarmland\\\/arkiv\\\/protokoll\\\/\",\"url\":\"https:\\\/\\\/klasam.se\\\/ostravarmland\\\/arkiv\\\/protokoll\\\/\",\"name\":\"Protokoll - Samordningsf\u00f6rbundet \u00d6stra V\u00e4rmland\",\"isPartOf\":{\"@id\":\"https:\\\/\\\/klasam.se\\\/ostravarmland\\\/#website\"},\"datePublished\":\"2016-12-29T08:08:48+00:00\",\"dateModified\":\"2023-03-30T07:35:25+00:00\",\"breadcrumb\":{\"@id\":\"https:\\\/\\\/klasam.se\\\/ostravarmland\\\/arkiv\\\/protokoll\\\/#breadcrumb\"},\"inLanguage\":\"sv-SE\",\"potentialAction\":[{\"@type\":\"ReadAction\",\"target\":[\"https:\\\/\\\/klasam.se\\\/ostravarmland\\\/arkiv\\\/protokoll\\\/\"]}]},{\"@type\":\"BreadcrumbList\",\"@id\":\"https:\\\/\\\/klasam.se\\\/ostravarmland\\\/arkiv\\\/protokoll\\\/#breadcrumb\",\"itemListElement\":[{\"@type\":\"ListItem\",\"position\":1,\"name\":\"Home\",\"item\":\"https:\\\/\\\/klasam.se\\\/ostravarmland\\\/\"},{\"@type\":\"ListItem\",\"position\":2,\"name\":\"Arkiv\",\"item\":\"https:\\\/\\\/klasam.se\\\/ostravarmland\\\/arkiv\\\/\"},{\"@type\":\"ListItem\",\"position\":3,\"name\":\"Protokoll\"}]},{\"@type\":\"WebSite\",\"@id\":\"https:\\\/\\\/klasam.se\\\/ostravarmland\\\/#website\",\"url\":\"https:\\\/\\\/klasam.se\\\/ostravarmland\\\/\",\"name\":\"Samordningsf\u00f6rbundet \u00d6stra V\u00e4rmland\",\"description\":\"\",\"potentialAction\":[{\"@type\":\"SearchAction\",\"target\":{\"@type\":\"EntryPoint\",\"urlTemplate\":\"https:\\\/\\\/klasam.se\\\/ostravarmland\\\/?s={search_term_string}\"},\"query-input\":{\"@type\":\"PropertyValueSpecification\",\"valueRequired\":true,\"valueName\":\"search_term_string\"}}],\"inLanguage\":\"sv-SE\"}]}<\/script>\n<!-- \/ Yoast SEO plugin. -->","yoast_head_json":{"title":"Protokoll - Samordningsf\u00f6rbundet \u00d6stra V\u00e4rmland","robots":{"index":"index","follow":"follow","max-snippet":"max-snippet:-1","max-image-preview":"max-image-preview:large","max-video-preview":"max-video-preview:-1"},"canonical":"https:\/\/klasam.se\/ostravarmland\/arkiv\/protokoll\/","og_locale":"sv_SE","og_type":"article","og_title":"Protokoll - Samordningsf\u00f6rbundet \u00d6stra V\u00e4rmland","og_description":"Vid varje sammantr\u00e4de skrivs det ett protokoll, man g\u00f6r en paragraf (\u00a7) f\u00f6r varje \u00e4rende. Protokollet justeras (skrivs under av ordf\u00f6rande och av en eller tv\u00e5 justeringsm\u00e4n) detta f\u00f6r att kolla s\u00e5 att besluten \u00e4r riktigt formulerade. D\u00e4refter publiceras protokollet h\u00e4r (dock utan sj\u00e4lva justeringen pga tillg\u00e4nglighetskraven). Om n\u00e5gon beh\u00f6ver ha en justerad kopia g\u00e5r [&hellip;]","og_url":"https:\/\/klasam.se\/ostravarmland\/arkiv\/protokoll\/","og_site_name":"Samordningsf\u00f6rbundet \u00d6stra V\u00e4rmland","article_modified_time":"2023-03-30T07:35:25+00:00","twitter_card":"summary_large_image","twitter_misc":{"Ber\u00e4knad l\u00e4stid":"1 minut"},"schema":{"@context":"https:\/\/schema.org","@graph":[{"@type":"WebPage","@id":"https:\/\/klasam.se\/ostravarmland\/arkiv\/protokoll\/","url":"https:\/\/klasam.se\/ostravarmland\/arkiv\/protokoll\/","name":"Protokoll - Samordningsf\u00f6rbundet \u00d6stra V\u00e4rmland","isPartOf":{"@id":"https:\/\/klasam.se\/ostravarmland\/#website"},"datePublished":"2016-12-29T08:08:48+00:00","dateModified":"2023-03-30T07:35:25+00:00","breadcrumb":{"@id":"https:\/\/klasam.se\/ostravarmland\/arkiv\/protokoll\/#breadcrumb"},"inLanguage":"sv-SE","potentialAction":[{"@type":"ReadAction","target":["https:\/\/klasam.se\/ostravarmland\/arkiv\/protokoll\/"]}]},{"@type":"BreadcrumbList","@id":"https:\/\/klasam.se\/ostravarmland\/arkiv\/protokoll\/#breadcrumb","itemListElement":[{"@type":"ListItem","position":1,"name":"Home","item":"https:\/\/klasam.se\/ostravarmland\/"},{"@type":"ListItem","position":2,"name":"Arkiv","item":"https:\/\/klasam.se\/ostravarmland\/arkiv\/"},{"@type":"ListItem","position":3,"name":"Protokoll"}]},{"@type":"WebSite","@id":"https:\/\/klasam.se\/ostravarmland\/#website","url":"https:\/\/klasam.se\/ostravarmland\/","name":"Samordningsf\u00f6rbundet \u00d6stra V\u00e4rmland","description":"","potentialAction":[{"@type":"SearchAction","target":{"@type":"EntryPoint","urlTemplate":"https:\/\/klasam.se\/ostravarmland\/?s={search_term_string}"},"query-input":{"@type":"PropertyValueSpecification","valueRequired":true,"valueName":"search_term_string"}}],"inLanguage":"sv-SE"}]}},"_links":{"self":[{"href":"https:\/\/klasam.se\/ostravarmland\/wp-json\/wp\/v2\/pages\/78","targetHints":{"allow":["GET"]}}],"collection":[{"href":"https:\/\/klasam.se\/ostravarmland\/wp-json\/wp\/v2\/pages"}],"about":[{"href":"https:\/\/klasam.se\/ostravarmland\/wp-json\/wp\/v2\/types\/page"}],"author":[{"embeddable":true,"href":"https:\/\/klasam.se\/ostravarmland\/wp-json\/wp\/v2\/users\/7"}],"replies":[{"embeddable":true,"href":"https:\/\/klasam.se\/ostravarmland\/wp-json\/wp\/v2\/comments?post=78"}],"version-history":[{"count":1,"href":"https:\/\/klasam.se\/ostravarmland\/wp-json\/wp\/v2\/pages\/78\/revisions"}],"predecessor-version":[{"id":2095,"href":"https:\/\/klasam.se\/ostravarmland\/wp-json\/wp\/v2\/pages\/78\/revisions\/2095"}],"up":[{"embeddable":true,"href":"https:\/\/klasam.se\/ostravarmland\/wp-json\/wp\/v2\/pages\/58"}],"wp:attachment":[{"href":"https:\/\/klasam.se\/ostravarmland\/wp-json\/wp\/v2\/media?parent=78"}],"curies":[{"name":"wp","href":"https:\/\/api.w.org\/{rel}","templated":true}]}}