{"id":472,"date":"2017-02-10T07:41:34","date_gmt":"2017-02-10T06:41:34","guid":{"rendered":"https:\/\/klasam.se\/?page_id=472"},"modified":"2022-10-03T13:50:56","modified_gmt":"2022-10-03T13:50:56","slug":"vara-projekt","status":"publish","type":"page","link":"https:\/\/klasam.se\/ostravarmland\/vara-projekt\/","title":{"rendered":"Syftet med f\u00f6rbundets insatser"},"content":{"rendered":"<p class=\"sv-font-normal\">F\u00f6rbundets uppgift \u00e4r att finansiera specifika direkta eller indirekta insatser, inom v\u00e5rt geografiska omr\u00e5de Filipstad och Storfors. Insatserna ska genomf\u00f6ras n\u00e4ra individer som har behov av samordnade rehabiliteringsinsatser. Det inneb\u00e4r att individens behov ska vara utg\u00e5ngspunkten f\u00f6r alla samverkansinsatser, det g\u00e4ller oavsett om insatsen \u00e4r individinriktad eller struktur\u00f6vergripande.<\/p>\n<p class=\"sv-font-normal\">Insatserna som erbjuds ska ligga inom parternas samlade ansvarsomr\u00e5de. Genom att sammanf\u00f6ra resurser fr\u00e5n de olika parterna kan samordnade bed\u00f6mningar och insatser underl\u00e4ttas.<\/p>\n<h3 id=\"h-Individinriktadeinsatser\" class=\"sv-font-h3\">Individinriktade insatser<\/h3>\n<p class=\"sv-font-normal\">De individinriktade insatserna syftar till att deltagaren ska uppn\u00e5 eller f\u00f6rb\u00e4ttra sin arbetsf\u00f6rm\u00e5ga. Insatserna kan vara arbetslivsinriktade, aktiverande och motiverande, behandlande eller f\u00f6rebyggande.<\/p>\n<p class=\"sv-font-normal\">Villkoret f\u00f6r att f\u00e5 insatser inom ramen f\u00f6r finansiell samordning \u00e4r att individen har ett klart behov av samordnade insatser fr\u00e5n flera rehabiliteringsakt\u00f6rer.<\/p>\n<p class=\"sv-font-normal\">De individinriktade insatserna genomf\u00f6rs av medlemmarnas medarbetare.<\/p>\n<h3 id=\"h-Strukturovergripandeinsatser\" class=\"sv-font-h3\">Struktur\u00f6vergripande insatser<\/h3>\n<p class=\"sv-font-normal\">De struktur\u00f6vergripande insatserna syftar till att st\u00e4rka samverkan mellan myndigheterna och f\u00f6r att \u00f6ka kunskapen om olika gruppers behov av rehabilitering. De struktur\u00f6vergripande insatserna kan bland annat inneh\u00e5lla f\u00f6rstudier, projektst\u00f6d eller kompetensutvecklingsinsatser och v\u00e4nder sig <br \/>till anst\u00e4llda inom de samverkande myndigheterna.<\/p>\n\n\n<p><\/p>\n","protected":false},"excerpt":{"rendered":"<p>F\u00f6rbundets uppgift \u00e4r att finansiera specifika direkta eller indirekta insatser, inom v\u00e5rt geografiska omr\u00e5de Filipstad och Storfors. Insatserna ska genomf\u00f6ras n\u00e4ra individer som har behov av samordnade rehabiliteringsinsatser. Det inneb\u00e4r att individens behov ska vara utg\u00e5ngspunkten f\u00f6r alla samverkansinsatser, det g\u00e4ller oavsett om insatsen \u00e4r individinriktad eller struktur\u00f6vergripande. Insatserna som erbjuds ska ligga inom parternas [&hellip;]<\/p>\n","protected":false},"author":7,"featured_media":1767,"parent":0,"menu_order":0,"comment_status":"closed","ping_status":"closed","template":"","meta":{"footnotes":""},"class_list":["post-472","page","type-page","status-publish","has-post-thumbnail","hentry"],"yoast_head":"<!-- This site is optimized with the Yoast SEO plugin v27.3 - https:\/\/yoast.com\/product\/yoast-seo-wordpress\/ -->\n<title>Syftet med f\u00f6rbundets insatser - Samordningsf\u00f6rbundet \u00d6stra V\u00e4rmland<\/title>\n<meta name=\"robots\" content=\"index, follow, max-snippet:-1, max-image-preview:large, max-video-preview:-1\" \/>\n<link rel=\"canonical\" href=\"https:\/\/klasam.se\/ostravarmland\/vara-projekt\/\" \/>\n<meta property=\"og:locale\" content=\"sv_SE\" \/>\n<meta property=\"og:type\" content=\"article\" \/>\n<meta property=\"og:title\" content=\"Syftet med f\u00f6rbundets insatser - Samordningsf\u00f6rbundet \u00d6stra V\u00e4rmland\" \/>\n<meta property=\"og:description\" content=\"F\u00f6rbundets uppgift \u00e4r att finansiera specifika direkta eller indirekta insatser, inom v\u00e5rt geografiska omr\u00e5de Filipstad och Storfors. Insatserna ska genomf\u00f6ras n\u00e4ra individer som har behov av samordnade rehabiliteringsinsatser. Det inneb\u00e4r att individens behov ska vara utg\u00e5ngspunkten f\u00f6r alla samverkansinsatser, det g\u00e4ller oavsett om insatsen \u00e4r individinriktad eller struktur\u00f6vergripande. Insatserna som erbjuds ska ligga inom parternas [&hellip;]\" \/>\n<meta property=\"og:url\" content=\"https:\/\/klasam.se\/ostravarmland\/vara-projekt\/\" \/>\n<meta property=\"og:site_name\" content=\"Samordningsf\u00f6rbundet \u00d6stra V\u00e4rmland\" \/>\n<meta property=\"article:modified_time\" content=\"2022-10-03T13:50:56+00:00\" \/>\n<meta name=\"twitter:card\" content=\"summary_large_image\" \/>\n<meta name=\"twitter:label1\" content=\"Ber\u00e4knad l\u00e4stid\" \/>\n\t<meta name=\"twitter:data1\" content=\"1 minut\" \/>\n<script type=\"application\/ld+json\" class=\"yoast-schema-graph\">{\"@context\":\"https:\\\/\\\/schema.org\",\"@graph\":[{\"@type\":\"WebPage\",\"@id\":\"https:\\\/\\\/klasam.se\\\/ostravarmland\\\/vara-projekt\\\/\",\"url\":\"https:\\\/\\\/klasam.se\\\/ostravarmland\\\/vara-projekt\\\/\",\"name\":\"Syftet med f\u00f6rbundets insatser - Samordningsf\u00f6rbundet \u00d6stra V\u00e4rmland\",\"isPartOf\":{\"@id\":\"https:\\\/\\\/klasam.se\\\/ostravarmland\\\/#website\"},\"primaryImageOfPage\":{\"@id\":\"https:\\\/\\\/klasam.se\\\/ostravarmland\\\/vara-projekt\\\/#primaryimage\"},\"image\":{\"@id\":\"https:\\\/\\\/klasam.se\\\/ostravarmland\\\/vara-projekt\\\/#primaryimage\"},\"thumbnailUrl\":\"\",\"datePublished\":\"2017-02-10T06:41:34+00:00\",\"dateModified\":\"2022-10-03T13:50:56+00:00\",\"breadcrumb\":{\"@id\":\"https:\\\/\\\/klasam.se\\\/ostravarmland\\\/vara-projekt\\\/#breadcrumb\"},\"inLanguage\":\"sv-SE\",\"potentialAction\":[{\"@type\":\"ReadAction\",\"target\":[\"https:\\\/\\\/klasam.se\\\/ostravarmland\\\/vara-projekt\\\/\"]}]},{\"@type\":\"ImageObject\",\"inLanguage\":\"sv-SE\",\"@id\":\"https:\\\/\\\/klasam.se\\\/ostravarmland\\\/vara-projekt\\\/#primaryimage\",\"url\":\"\",\"contentUrl\":\"\"},{\"@type\":\"BreadcrumbList\",\"@id\":\"https:\\\/\\\/klasam.se\\\/ostravarmland\\\/vara-projekt\\\/#breadcrumb\",\"itemListElement\":[{\"@type\":\"ListItem\",\"position\":1,\"name\":\"Home\",\"item\":\"https:\\\/\\\/klasam.se\\\/ostravarmland\\\/\"},{\"@type\":\"ListItem\",\"position\":2,\"name\":\"Syftet med f\u00f6rbundets insatser\"}]},{\"@type\":\"WebSite\",\"@id\":\"https:\\\/\\\/klasam.se\\\/ostravarmland\\\/#website\",\"url\":\"https:\\\/\\\/klasam.se\\\/ostravarmland\\\/\",\"name\":\"Samordningsf\u00f6rbundet \u00d6stra V\u00e4rmland\",\"description\":\"\",\"potentialAction\":[{\"@type\":\"SearchAction\",\"target\":{\"@type\":\"EntryPoint\",\"urlTemplate\":\"https:\\\/\\\/klasam.se\\\/ostravarmland\\\/?s={search_term_string}\"},\"query-input\":{\"@type\":\"PropertyValueSpecification\",\"valueRequired\":true,\"valueName\":\"search_term_string\"}}],\"inLanguage\":\"sv-SE\"}]}<\/script>\n<!-- \/ Yoast SEO plugin. -->","yoast_head_json":{"title":"Syftet med f\u00f6rbundets insatser - Samordningsf\u00f6rbundet \u00d6stra V\u00e4rmland","robots":{"index":"index","follow":"follow","max-snippet":"max-snippet:-1","max-image-preview":"max-image-preview:large","max-video-preview":"max-video-preview:-1"},"canonical":"https:\/\/klasam.se\/ostravarmland\/vara-projekt\/","og_locale":"sv_SE","og_type":"article","og_title":"Syftet med f\u00f6rbundets insatser - Samordningsf\u00f6rbundet \u00d6stra V\u00e4rmland","og_description":"F\u00f6rbundets uppgift \u00e4r att finansiera specifika direkta eller indirekta insatser, inom v\u00e5rt geografiska omr\u00e5de Filipstad och Storfors. Insatserna ska genomf\u00f6ras n\u00e4ra individer som har behov av samordnade rehabiliteringsinsatser. Det inneb\u00e4r att individens behov ska vara utg\u00e5ngspunkten f\u00f6r alla samverkansinsatser, det g\u00e4ller oavsett om insatsen \u00e4r individinriktad eller struktur\u00f6vergripande. Insatserna som erbjuds ska ligga inom parternas [&hellip;]","og_url":"https:\/\/klasam.se\/ostravarmland\/vara-projekt\/","og_site_name":"Samordningsf\u00f6rbundet \u00d6stra V\u00e4rmland","article_modified_time":"2022-10-03T13:50:56+00:00","twitter_card":"summary_large_image","twitter_misc":{"Ber\u00e4knad l\u00e4stid":"1 minut"},"schema":{"@context":"https:\/\/schema.org","@graph":[{"@type":"WebPage","@id":"https:\/\/klasam.se\/ostravarmland\/vara-projekt\/","url":"https:\/\/klasam.se\/ostravarmland\/vara-projekt\/","name":"Syftet med f\u00f6rbundets insatser - Samordningsf\u00f6rbundet \u00d6stra V\u00e4rmland","isPartOf":{"@id":"https:\/\/klasam.se\/ostravarmland\/#website"},"primaryImageOfPage":{"@id":"https:\/\/klasam.se\/ostravarmland\/vara-projekt\/#primaryimage"},"image":{"@id":"https:\/\/klasam.se\/ostravarmland\/vara-projekt\/#primaryimage"},"thumbnailUrl":"","datePublished":"2017-02-10T06:41:34+00:00","dateModified":"2022-10-03T13:50:56+00:00","breadcrumb":{"@id":"https:\/\/klasam.se\/ostravarmland\/vara-projekt\/#breadcrumb"},"inLanguage":"sv-SE","potentialAction":[{"@type":"ReadAction","target":["https:\/\/klasam.se\/ostravarmland\/vara-projekt\/"]}]},{"@type":"ImageObject","inLanguage":"sv-SE","@id":"https:\/\/klasam.se\/ostravarmland\/vara-projekt\/#primaryimage","url":"","contentUrl":""},{"@type":"BreadcrumbList","@id":"https:\/\/klasam.se\/ostravarmland\/vara-projekt\/#breadcrumb","itemListElement":[{"@type":"ListItem","position":1,"name":"Home","item":"https:\/\/klasam.se\/ostravarmland\/"},{"@type":"ListItem","position":2,"name":"Syftet med f\u00f6rbundets insatser"}]},{"@type":"WebSite","@id":"https:\/\/klasam.se\/ostravarmland\/#website","url":"https:\/\/klasam.se\/ostravarmland\/","name":"Samordningsf\u00f6rbundet \u00d6stra V\u00e4rmland","description":"","potentialAction":[{"@type":"SearchAction","target":{"@type":"EntryPoint","urlTemplate":"https:\/\/klasam.se\/ostravarmland\/?s={search_term_string}"},"query-input":{"@type":"PropertyValueSpecification","valueRequired":true,"valueName":"search_term_string"}}],"inLanguage":"sv-SE"}]}},"_links":{"self":[{"href":"https:\/\/klasam.se\/ostravarmland\/wp-json\/wp\/v2\/pages\/472","targetHints":{"allow":["GET"]}}],"collection":[{"href":"https:\/\/klasam.se\/ostravarmland\/wp-json\/wp\/v2\/pages"}],"about":[{"href":"https:\/\/klasam.se\/ostravarmland\/wp-json\/wp\/v2\/types\/page"}],"author":[{"embeddable":true,"href":"https:\/\/klasam.se\/ostravarmland\/wp-json\/wp\/v2\/users\/7"}],"replies":[{"embeddable":true,"href":"https:\/\/klasam.se\/ostravarmland\/wp-json\/wp\/v2\/comments?post=472"}],"version-history":[{"count":1,"href":"https:\/\/klasam.se\/ostravarmland\/wp-json\/wp\/v2\/pages\/472\/revisions"}],"predecessor-version":[{"id":1950,"href":"https:\/\/klasam.se\/ostravarmland\/wp-json\/wp\/v2\/pages\/472\/revisions\/1950"}],"wp:featuredmedia":[{"embeddable":true,"href":"https:\/\/klasam.se\/ostravarmland\/wp-json\/"}],"wp:attachment":[{"href":"https:\/\/klasam.se\/ostravarmland\/wp-json\/wp\/v2\/media?parent=472"}],"curies":[{"name":"wp","href":"https:\/\/api.w.org\/{rel}","templated":true}]}}