{"id":2268,"date":"2025-01-10T11:19:30","date_gmt":"2025-01-10T11:19:30","guid":{"rendered":"https:\/\/klasam.se\/ostravarmland\/?page_id=2268"},"modified":"2026-02-09T08:47:00","modified_gmt":"2026-02-09T08:47:00","slug":"tidigare-verksamhetsplaner","status":"publish","type":"page","link":"https:\/\/klasam.se\/ostravarmland\/tidigare-verksamhetsplaner\/","title":{"rendered":"Tidigare verksamhetsplaner"},"content":{"rendered":"\n<div data-wp-interactive=\"core\/file\" class=\"wp-block-file\"><object data-wp-bind--hidden=\"!state.hasPdfPreview\" hidden class=\"wp-block-file__embed\" data=\"https:\/\/klasam.se\/ostravarmland\/wp-content\/uploads\/sites\/2\/2025\/01\/Finsam-VP-2024.pdf\" type=\"application\/pdf\" style=\"width:100%;height:600px\" aria-label=\"Inb\u00e4ddning av Finsam VP 2024.\"><\/object><a id=\"wp-block-file--media-94e64d85-0848-40a7-a206-d5d8211381ba\" href=\"https:\/\/klasam.se\/ostravarmland\/wp-content\/uploads\/sites\/2\/2025\/01\/Finsam-VP-2024.pdf\">Finsam VP 2024<\/a><a href=\"https:\/\/klasam.se\/ostravarmland\/wp-content\/uploads\/sites\/2\/2025\/01\/Finsam-VP-2024.pdf\" class=\"wp-block-file__button wp-element-button\" download aria-describedby=\"wp-block-file--media-94e64d85-0848-40a7-a206-d5d8211381ba\">Ladda ner<\/a><\/div>\n\n\n\n<div data-wp-interactive=\"core\/file\" class=\"wp-block-file\"><object data-wp-bind--hidden=\"!state.hasPdfPreview\" hidden class=\"wp-block-file__embed\" data=\"https:\/\/klasam.se\/ostravarmland\/wp-content\/uploads\/sites\/2\/2025\/01\/Finsam-VP-2023.pdf\" type=\"application\/pdf\" style=\"width:100%;height:600px\" aria-label=\"Inb\u00e4ddning av Finsam VP 2023.\"><\/object><a id=\"wp-block-file--media-f29fde43-014b-4342-8fbf-08f56b5c00e6\" href=\"https:\/\/klasam.se\/ostravarmland\/wp-content\/uploads\/sites\/2\/2025\/01\/Finsam-VP-2023.pdf\">Finsam VP 2023<\/a><a href=\"https:\/\/klasam.se\/ostravarmland\/wp-content\/uploads\/sites\/2\/2025\/01\/Finsam-VP-2023.pdf\" class=\"wp-block-file__button wp-element-button\" download aria-describedby=\"wp-block-file--media-f29fde43-014b-4342-8fbf-08f56b5c00e6\">Ladda ner<\/a><\/div>\n\n\n\n<div data-wp-interactive=\"core\/file\" class=\"wp-block-file\"><object data-wp-bind--hidden=\"!state.hasPdfPreview\" hidden class=\"wp-block-file__embed\" data=\"https:\/\/klasam.se\/ostravarmland\/wp-content\/uploads\/sites\/2\/2025\/01\/Finsam-VP-2022.pdf\" type=\"application\/pdf\" style=\"width:100%;height:600px\" aria-label=\"Inb\u00e4ddning av Finsam VP 2022.\"><\/object><a id=\"wp-block-file--media-4740977a-bcc4-4edf-9aad-825de064c377\" href=\"https:\/\/klasam.se\/ostravarmland\/wp-content\/uploads\/sites\/2\/2025\/01\/Finsam-VP-2022.pdf\">Finsam VP 2022<\/a><a href=\"https:\/\/klasam.se\/ostravarmland\/wp-content\/uploads\/sites\/2\/2025\/01\/Finsam-VP-2022.pdf\" class=\"wp-block-file__button wp-element-button\" download aria-describedby=\"wp-block-file--media-4740977a-bcc4-4edf-9aad-825de064c377\">Ladda ner<\/a><\/div>\n\n\n\n<div data-wp-interactive=\"core\/file\" class=\"wp-block-file\"><object data-wp-bind--hidden=\"!state.hasPdfPreview\" hidden class=\"wp-block-file__embed\" data=\"https:\/\/klasam.se\/ostravarmland\/wp-content\/uploads\/sites\/2\/2025\/01\/Finsam-VP-2021.pdf\" type=\"application\/pdf\" style=\"width:100%;height:600px\" aria-label=\"Inb\u00e4ddning av Finsam VP 2021.\"><\/object><a id=\"wp-block-file--media-269ff079-0a5b-4ea4-b46d-71cc4a801773\" href=\"https:\/\/klasam.se\/ostravarmland\/wp-content\/uploads\/sites\/2\/2025\/01\/Finsam-VP-2021.pdf\">Finsam VP 2021<\/a><a href=\"https:\/\/klasam.se\/ostravarmland\/wp-content\/uploads\/sites\/2\/2025\/01\/Finsam-VP-2021.pdf\" class=\"wp-block-file__button wp-element-button\" download aria-describedby=\"wp-block-file--media-269ff079-0a5b-4ea4-b46d-71cc4a801773\">Ladda ner<\/a><\/div>\n\n\n\n<div data-wp-interactive=\"core\/file\" class=\"wp-block-file\"><object data-wp-bind--hidden=\"!state.hasPdfPreview\" hidden class=\"wp-block-file__embed\" data=\"https:\/\/klasam.se\/ostravarmland\/wp-content\/uploads\/sites\/2\/2026\/02\/Finsam-VP-2025.pdf\" type=\"application\/pdf\" style=\"width:100%;height:600px\" aria-label=\"Inb\u00e4ddning av Finsam VP 2025.\"><\/object><a id=\"wp-block-file--media-96e903a3-bd16-4703-9635-958f5ac7d452\" href=\"https:\/\/klasam.se\/ostravarmland\/wp-content\/uploads\/sites\/2\/2026\/02\/Finsam-VP-2025.pdf\">Finsam VP 2025<\/a><a href=\"https:\/\/klasam.se\/ostravarmland\/wp-content\/uploads\/sites\/2\/2026\/02\/Finsam-VP-2025.pdf\" class=\"wp-block-file__button wp-element-button\" download aria-describedby=\"wp-block-file--media-96e903a3-bd16-4703-9635-958f5ac7d452\">Ladda ner<\/a><\/div>\n","protected":false},"excerpt":{"rendered":"","protected":false},"author":8,"featured_media":0,"parent":0,"menu_order":0,"comment_status":"closed","ping_status":"closed","template":"","meta":{"footnotes":""},"class_list":["post-2268","page","type-page","status-publish","hentry"],"yoast_head":"<!-- This site is optimized with the Yoast SEO plugin v27.3 - https:\/\/yoast.com\/product\/yoast-seo-wordpress\/ -->\n<title>Tidigare verksamhetsplaner - Samordningsf\u00f6rbundet \u00d6stra V\u00e4rmland<\/title>\n<meta name=\"robots\" content=\"index, follow, max-snippet:-1, max-image-preview:large, max-video-preview:-1\" \/>\n<link rel=\"canonical\" href=\"https:\/\/klasam.se\/ostravarmland\/tidigare-verksamhetsplaner\/\" \/>\n<meta property=\"og:locale\" content=\"sv_SE\" \/>\n<meta property=\"og:type\" content=\"article\" \/>\n<meta property=\"og:title\" content=\"Tidigare verksamhetsplaner - Samordningsf\u00f6rbundet \u00d6stra V\u00e4rmland\" \/>\n<meta property=\"og:url\" content=\"https:\/\/klasam.se\/ostravarmland\/tidigare-verksamhetsplaner\/\" \/>\n<meta property=\"og:site_name\" content=\"Samordningsf\u00f6rbundet \u00d6stra V\u00e4rmland\" \/>\n<meta property=\"article:modified_time\" content=\"2026-02-09T08:47:00+00:00\" \/>\n<meta name=\"twitter:card\" content=\"summary_large_image\" \/>\n<meta name=\"twitter:label1\" content=\"Ber\u00e4knad l\u00e4stid\" \/>\n\t<meta name=\"twitter:data1\" content=\"1 minut\" \/>\n<script type=\"application\/ld+json\" class=\"yoast-schema-graph\">{\"@context\":\"https:\\\/\\\/schema.org\",\"@graph\":[{\"@type\":\"WebPage\",\"@id\":\"https:\\\/\\\/klasam.se\\\/ostravarmland\\\/tidigare-verksamhetsplaner\\\/\",\"url\":\"https:\\\/\\\/klasam.se\\\/ostravarmland\\\/tidigare-verksamhetsplaner\\\/\",\"name\":\"Tidigare verksamhetsplaner - Samordningsf\u00f6rbundet \u00d6stra V\u00e4rmland\",\"isPartOf\":{\"@id\":\"https:\\\/\\\/klasam.se\\\/ostravarmland\\\/#website\"},\"datePublished\":\"2025-01-10T11:19:30+00:00\",\"dateModified\":\"2026-02-09T08:47:00+00:00\",\"breadcrumb\":{\"@id\":\"https:\\\/\\\/klasam.se\\\/ostravarmland\\\/tidigare-verksamhetsplaner\\\/#breadcrumb\"},\"inLanguage\":\"sv-SE\",\"potentialAction\":[{\"@type\":\"ReadAction\",\"target\":[\"https:\\\/\\\/klasam.se\\\/ostravarmland\\\/tidigare-verksamhetsplaner\\\/\"]}]},{\"@type\":\"BreadcrumbList\",\"@id\":\"https:\\\/\\\/klasam.se\\\/ostravarmland\\\/tidigare-verksamhetsplaner\\\/#breadcrumb\",\"itemListElement\":[{\"@type\":\"ListItem\",\"position\":1,\"name\":\"Home\",\"item\":\"https:\\\/\\\/klasam.se\\\/ostravarmland\\\/\"},{\"@type\":\"ListItem\",\"position\":2,\"name\":\"Tidigare verksamhetsplaner\"}]},{\"@type\":\"WebSite\",\"@id\":\"https:\\\/\\\/klasam.se\\\/ostravarmland\\\/#website\",\"url\":\"https:\\\/\\\/klasam.se\\\/ostravarmland\\\/\",\"name\":\"Samordningsf\u00f6rbundet \u00d6stra V\u00e4rmland\",\"description\":\"\",\"potentialAction\":[{\"@type\":\"SearchAction\",\"target\":{\"@type\":\"EntryPoint\",\"urlTemplate\":\"https:\\\/\\\/klasam.se\\\/ostravarmland\\\/?s={search_term_string}\"},\"query-input\":{\"@type\":\"PropertyValueSpecification\",\"valueRequired\":true,\"valueName\":\"search_term_string\"}}],\"inLanguage\":\"sv-SE\"}]}<\/script>\n<!-- \/ Yoast SEO plugin. -->","yoast_head_json":{"title":"Tidigare verksamhetsplaner - Samordningsf\u00f6rbundet \u00d6stra V\u00e4rmland","robots":{"index":"index","follow":"follow","max-snippet":"max-snippet:-1","max-image-preview":"max-image-preview:large","max-video-preview":"max-video-preview:-1"},"canonical":"https:\/\/klasam.se\/ostravarmland\/tidigare-verksamhetsplaner\/","og_locale":"sv_SE","og_type":"article","og_title":"Tidigare verksamhetsplaner - Samordningsf\u00f6rbundet \u00d6stra V\u00e4rmland","og_url":"https:\/\/klasam.se\/ostravarmland\/tidigare-verksamhetsplaner\/","og_site_name":"Samordningsf\u00f6rbundet \u00d6stra V\u00e4rmland","article_modified_time":"2026-02-09T08:47:00+00:00","twitter_card":"summary_large_image","twitter_misc":{"Ber\u00e4knad l\u00e4stid":"1 minut"},"schema":{"@context":"https:\/\/schema.org","@graph":[{"@type":"WebPage","@id":"https:\/\/klasam.se\/ostravarmland\/tidigare-verksamhetsplaner\/","url":"https:\/\/klasam.se\/ostravarmland\/tidigare-verksamhetsplaner\/","name":"Tidigare verksamhetsplaner - Samordningsf\u00f6rbundet \u00d6stra V\u00e4rmland","isPartOf":{"@id":"https:\/\/klasam.se\/ostravarmland\/#website"},"datePublished":"2025-01-10T11:19:30+00:00","dateModified":"2026-02-09T08:47:00+00:00","breadcrumb":{"@id":"https:\/\/klasam.se\/ostravarmland\/tidigare-verksamhetsplaner\/#breadcrumb"},"inLanguage":"sv-SE","potentialAction":[{"@type":"ReadAction","target":["https:\/\/klasam.se\/ostravarmland\/tidigare-verksamhetsplaner\/"]}]},{"@type":"BreadcrumbList","@id":"https:\/\/klasam.se\/ostravarmland\/tidigare-verksamhetsplaner\/#breadcrumb","itemListElement":[{"@type":"ListItem","position":1,"name":"Home","item":"https:\/\/klasam.se\/ostravarmland\/"},{"@type":"ListItem","position":2,"name":"Tidigare verksamhetsplaner"}]},{"@type":"WebSite","@id":"https:\/\/klasam.se\/ostravarmland\/#website","url":"https:\/\/klasam.se\/ostravarmland\/","name":"Samordningsf\u00f6rbundet \u00d6stra V\u00e4rmland","description":"","potentialAction":[{"@type":"SearchAction","target":{"@type":"EntryPoint","urlTemplate":"https:\/\/klasam.se\/ostravarmland\/?s={search_term_string}"},"query-input":{"@type":"PropertyValueSpecification","valueRequired":true,"valueName":"search_term_string"}}],"inLanguage":"sv-SE"}]}},"_links":{"self":[{"href":"https:\/\/klasam.se\/ostravarmland\/wp-json\/wp\/v2\/pages\/2268","targetHints":{"allow":["GET"]}}],"collection":[{"href":"https:\/\/klasam.se\/ostravarmland\/wp-json\/wp\/v2\/pages"}],"about":[{"href":"https:\/\/klasam.se\/ostravarmland\/wp-json\/wp\/v2\/types\/page"}],"author":[{"embeddable":true,"href":"https:\/\/klasam.se\/ostravarmland\/wp-json\/wp\/v2\/users\/8"}],"replies":[{"embeddable":true,"href":"https:\/\/klasam.se\/ostravarmland\/wp-json\/wp\/v2\/comments?post=2268"}],"version-history":[{"count":3,"href":"https:\/\/klasam.se\/ostravarmland\/wp-json\/wp\/v2\/pages\/2268\/revisions"}],"predecessor-version":[{"id":2336,"href":"https:\/\/klasam.se\/ostravarmland\/wp-json\/wp\/v2\/pages\/2268\/revisions\/2336"}],"wp:attachment":[{"href":"https:\/\/klasam.se\/ostravarmland\/wp-json\/wp\/v2\/media?parent=2268"}],"curies":[{"name":"wp","href":"https:\/\/api.w.org\/{rel}","templated":true}]}}