{"id":2029,"date":"2022-12-15T12:26:31","date_gmt":"2022-12-15T12:26:31","guid":{"rendered":"https:\/\/klasam.se\/ostravarmland\/?page_id=2029"},"modified":"2023-03-30T08:22:35","modified_gmt":"2023-03-30T08:22:35","slug":"2029-2","status":"publish","type":"page","link":"https:\/\/klasam.se\/ostravarmland\/","title":{"rendered":""},"content":{"rendered":"\n<div class=\"wp-block-cover is-light\"><span aria-hidden=\"true\" class=\"wp-block-cover__background has-background-dim\"><\/span><img loading=\"lazy\" decoding=\"async\" width=\"1024\" height=\"683\" class=\"wp-block-cover__image-background wp-image-1997\" alt=\"\" src=\"https:\/\/klasam.se\/ostravarmland\/wp-content\/uploads\/sites\/2\/2022\/10\/barley-field-g6a0cd7500_1920-1-1024x683.jpg\" data-object-fit=\"cover\" srcset=\"https:\/\/klasam.se\/ostravarmland\/wp-content\/uploads\/sites\/2\/2022\/10\/barley-field-g6a0cd7500_1920-1-1024x683.jpg 1024w, https:\/\/klasam.se\/ostravarmland\/wp-content\/uploads\/sites\/2\/2022\/10\/barley-field-g6a0cd7500_1920-1-300x200.jpg 300w, https:\/\/klasam.se\/ostravarmland\/wp-content\/uploads\/sites\/2\/2022\/10\/barley-field-g6a0cd7500_1920-1-768x512.jpg 768w, https:\/\/klasam.se\/ostravarmland\/wp-content\/uploads\/sites\/2\/2022\/10\/barley-field-g6a0cd7500_1920-1-1536x1024.jpg 1536w, https:\/\/klasam.se\/ostravarmland\/wp-content\/uploads\/sites\/2\/2022\/10\/barley-field-g6a0cd7500_1920-1.jpg 1920w\" sizes=\"auto, (max-width: 1024px) 100vw, 1024px\" \/><div class=\"wp-block-cover__inner-container is-layout-flow wp-block-cover-is-layout-flow\">\n<p class=\"has-text-align-center has-white-color has-text-color has-large-font-size\"><strong><em><sup>V\u00e5ra gemensamma insatser leder till utveckling och arbete<\/sup><\/em><\/strong><\/p>\n<\/div><\/div>\n","protected":false},"excerpt":{"rendered":"","protected":false},"author":8,"featured_media":0,"parent":0,"menu_order":0,"comment_status":"closed","ping_status":"closed","template":"","meta":{"footnotes":""},"class_list":["post-2029","page","type-page","status-publish","hentry"],"yoast_head":"<!-- This site is optimized with the Yoast SEO plugin v27.3 - https:\/\/yoast.com\/product\/yoast-seo-wordpress\/ -->\n<title>- Samordningsf\u00f6rbundet \u00d6stra V\u00e4rmland<\/title>\n<meta name=\"robots\" content=\"index, follow, max-snippet:-1, max-image-preview:large, max-video-preview:-1\" \/>\n<link rel=\"canonical\" href=\"https:\/\/klasam.se\/ostravarmland\/\" \/>\n<meta property=\"og:locale\" content=\"sv_SE\" \/>\n<meta property=\"og:type\" content=\"article\" \/>\n<meta property=\"og:title\" content=\"- Samordningsf\u00f6rbundet \u00d6stra V\u00e4rmland\" \/>\n<meta property=\"og:url\" content=\"https:\/\/klasam.se\/ostravarmland\/\" \/>\n<meta property=\"og:site_name\" content=\"Samordningsf\u00f6rbundet \u00d6stra V\u00e4rmland\" \/>\n<meta property=\"article:modified_time\" content=\"2023-03-30T08:22:35+00:00\" \/>\n<meta property=\"og:image\" content=\"https:\/\/klasam.se\/ostravarmland\/wp-content\/uploads\/sites\/2\/2022\/10\/barley-field-g6a0cd7500_1920-1-1024x683.jpg\" \/>\n<meta name=\"twitter:card\" content=\"summary_large_image\" \/>\n<meta name=\"twitter:label1\" content=\"Ber\u00e4knad l\u00e4stid\" \/>\n\t<meta name=\"twitter:data1\" content=\"1 minut\" \/>\n<script type=\"application\/ld+json\" class=\"yoast-schema-graph\">{\"@context\":\"https:\\\/\\\/schema.org\",\"@graph\":[{\"@type\":\"WebPage\",\"@id\":\"https:\\\/\\\/klasam.se\\\/ostravarmland\\\/\",\"url\":\"https:\\\/\\\/klasam.se\\\/ostravarmland\\\/\",\"name\":\"- Samordningsf\u00f6rbundet \u00d6stra V\u00e4rmland\",\"isPartOf\":{\"@id\":\"https:\\\/\\\/klasam.se\\\/ostravarmland\\\/#website\"},\"primaryImageOfPage\":{\"@id\":\"https:\\\/\\\/klasam.se\\\/ostravarmland\\\/#primaryimage\"},\"image\":{\"@id\":\"https:\\\/\\\/klasam.se\\\/ostravarmland\\\/#primaryimage\"},\"thumbnailUrl\":\"https:\\\/\\\/klasam.se\\\/ostravarmland\\\/wp-content\\\/uploads\\\/sites\\\/2\\\/2022\\\/10\\\/barley-field-g6a0cd7500_1920-1-1024x683.jpg\",\"datePublished\":\"2022-12-15T12:26:31+00:00\",\"dateModified\":\"2023-03-30T08:22:35+00:00\",\"inLanguage\":\"sv-SE\",\"potentialAction\":[{\"@type\":\"ReadAction\",\"target\":[\"https:\\\/\\\/klasam.se\\\/ostravarmland\\\/\"]}]},{\"@type\":\"ImageObject\",\"inLanguage\":\"sv-SE\",\"@id\":\"https:\\\/\\\/klasam.se\\\/ostravarmland\\\/#primaryimage\",\"url\":\"https:\\\/\\\/klasam.se\\\/ostravarmland\\\/wp-content\\\/uploads\\\/sites\\\/2\\\/2022\\\/10\\\/barley-field-g6a0cd7500_1920-1.jpg\",\"contentUrl\":\"https:\\\/\\\/klasam.se\\\/ostravarmland\\\/wp-content\\\/uploads\\\/sites\\\/2\\\/2022\\\/10\\\/barley-field-g6a0cd7500_1920-1.jpg\",\"width\":1920,\"height\":1280},{\"@type\":\"WebSite\",\"@id\":\"https:\\\/\\\/klasam.se\\\/ostravarmland\\\/#website\",\"url\":\"https:\\\/\\\/klasam.se\\\/ostravarmland\\\/\",\"name\":\"Samordningsf\u00f6rbundet \u00d6stra V\u00e4rmland\",\"description\":\"\",\"potentialAction\":[{\"@type\":\"SearchAction\",\"target\":{\"@type\":\"EntryPoint\",\"urlTemplate\":\"https:\\\/\\\/klasam.se\\\/ostravarmland\\\/?s={search_term_string}\"},\"query-input\":{\"@type\":\"PropertyValueSpecification\",\"valueRequired\":true,\"valueName\":\"search_term_string\"}}],\"inLanguage\":\"sv-SE\"}]}<\/script>\n<!-- \/ Yoast SEO plugin. -->","yoast_head_json":{"title":"- Samordningsf\u00f6rbundet \u00d6stra V\u00e4rmland","robots":{"index":"index","follow":"follow","max-snippet":"max-snippet:-1","max-image-preview":"max-image-preview:large","max-video-preview":"max-video-preview:-1"},"canonical":"https:\/\/klasam.se\/ostravarmland\/","og_locale":"sv_SE","og_type":"article","og_title":"- Samordningsf\u00f6rbundet \u00d6stra V\u00e4rmland","og_url":"https:\/\/klasam.se\/ostravarmland\/","og_site_name":"Samordningsf\u00f6rbundet \u00d6stra V\u00e4rmland","article_modified_time":"2023-03-30T08:22:35+00:00","og_image":[{"url":"https:\/\/klasam.se\/ostravarmland\/wp-content\/uploads\/sites\/2\/2022\/10\/barley-field-g6a0cd7500_1920-1-1024x683.jpg","type":"","width":"","height":""}],"twitter_card":"summary_large_image","twitter_misc":{"Ber\u00e4knad l\u00e4stid":"1 minut"},"schema":{"@context":"https:\/\/schema.org","@graph":[{"@type":"WebPage","@id":"https:\/\/klasam.se\/ostravarmland\/","url":"https:\/\/klasam.se\/ostravarmland\/","name":"- Samordningsf\u00f6rbundet \u00d6stra V\u00e4rmland","isPartOf":{"@id":"https:\/\/klasam.se\/ostravarmland\/#website"},"primaryImageOfPage":{"@id":"https:\/\/klasam.se\/ostravarmland\/#primaryimage"},"image":{"@id":"https:\/\/klasam.se\/ostravarmland\/#primaryimage"},"thumbnailUrl":"https:\/\/klasam.se\/ostravarmland\/wp-content\/uploads\/sites\/2\/2022\/10\/barley-field-g6a0cd7500_1920-1-1024x683.jpg","datePublished":"2022-12-15T12:26:31+00:00","dateModified":"2023-03-30T08:22:35+00:00","inLanguage":"sv-SE","potentialAction":[{"@type":"ReadAction","target":["https:\/\/klasam.se\/ostravarmland\/"]}]},{"@type":"ImageObject","inLanguage":"sv-SE","@id":"https:\/\/klasam.se\/ostravarmland\/#primaryimage","url":"https:\/\/klasam.se\/ostravarmland\/wp-content\/uploads\/sites\/2\/2022\/10\/barley-field-g6a0cd7500_1920-1.jpg","contentUrl":"https:\/\/klasam.se\/ostravarmland\/wp-content\/uploads\/sites\/2\/2022\/10\/barley-field-g6a0cd7500_1920-1.jpg","width":1920,"height":1280},{"@type":"WebSite","@id":"https:\/\/klasam.se\/ostravarmland\/#website","url":"https:\/\/klasam.se\/ostravarmland\/","name":"Samordningsf\u00f6rbundet \u00d6stra V\u00e4rmland","description":"","potentialAction":[{"@type":"SearchAction","target":{"@type":"EntryPoint","urlTemplate":"https:\/\/klasam.se\/ostravarmland\/?s={search_term_string}"},"query-input":{"@type":"PropertyValueSpecification","valueRequired":true,"valueName":"search_term_string"}}],"inLanguage":"sv-SE"}]}},"_links":{"self":[{"href":"https:\/\/klasam.se\/ostravarmland\/wp-json\/wp\/v2\/pages\/2029","targetHints":{"allow":["GET"]}}],"collection":[{"href":"https:\/\/klasam.se\/ostravarmland\/wp-json\/wp\/v2\/pages"}],"about":[{"href":"https:\/\/klasam.se\/ostravarmland\/wp-json\/wp\/v2\/types\/page"}],"author":[{"embeddable":true,"href":"https:\/\/klasam.se\/ostravarmland\/wp-json\/wp\/v2\/users\/8"}],"replies":[{"embeddable":true,"href":"https:\/\/klasam.se\/ostravarmland\/wp-json\/wp\/v2\/comments?post=2029"}],"version-history":[{"count":5,"href":"https:\/\/klasam.se\/ostravarmland\/wp-json\/wp\/v2\/pages\/2029\/revisions"}],"predecessor-version":[{"id":2042,"href":"https:\/\/klasam.se\/ostravarmland\/wp-json\/wp\/v2\/pages\/2029\/revisions\/2042"}],"wp:attachment":[{"href":"https:\/\/klasam.se\/ostravarmland\/wp-json\/wp\/v2\/media?parent=2029"}],"curies":[{"name":"wp","href":"https:\/\/api.w.org\/{rel}","templated":true}]}}