{"id":1378,"date":"2021-03-30T10:51:37","date_gmt":"2021-03-30T08:51:37","guid":{"rendered":"https:\/\/klasam.se\/?page_id=1378"},"modified":"2022-12-16T12:16:01","modified_gmt":"2022-12-16T12:16:01","slug":"utbildnings-och-utvecklingsinsatser","status":"publish","type":"page","link":"https:\/\/klasam.se\/ostravarmland\/utbildnings-och-utvecklingsinsatser\/","title":{"rendered":"Strukturinsatser"},"content":{"rendered":"\n<p><strong>Strukturinsatser <\/strong><\/p>\n\n\n\n<p>F\u00f6rbundet erbjuder medarbetare och chefer hos parterna m\u00f6jlighet till utbildnings- och utvecklingsinsatser som syftar till samsyn och kompetensutveckling inom parternas samlade ansvarsomr\u00e5de. Samordning \u00e4r p\u00e5 m\u00e5nga s\u00e4tt en unik m\u00f6jlighetslagstiftning f\u00f6r att kunna samordna resurser p\u00e5 ett effektivt s\u00e4tt. F\u00f6r att utnyttja detta p\u00e5 b\u00e4sta s\u00e4tt kr\u00e4vs kunskap. <\/p>\n\n\n\n<p>Nationella r\u00e5det erbjuder bland annat utbildning f\u00f6r f\u00f6rbundsstyrelser, chefsgrupper och andra intresserade. Utbildningarna ger kunskap om grunderna och id\u00e9erna bakom den finansiella samordningen, genomg\u00e5ng av centrala delar i lagstiftningen och ger svar p\u00e5 de vanligaste fr\u00e5gorna inom omr\u00e5det samt uppf\u00f6ljning i det myndighets\u00f6vergripande uppf\u00f6ljningssystemet SUS.<\/p>\n\n\n\n<p><strong>Strukturinsatser 2023<\/strong><\/p>\n\n\n\n<p>F\u00f6r att st\u00e4rka kunskaperna runt att arbeta med projekt kommer styrelse, beredningsgrupp, projekt att erbjudas utbildning under \u00e5ret. Utbildningen ska vara anpassad utifr\u00e5n arbetet inom FINSAM.<\/p>\n\n\n\n<p>Samordningsf\u00f6rbundet \u00f6stra V\u00e4rmland ing\u00e5r i regeringsuppdraget att \u00f6ka uppt\u00e4ckten av V\u00e5ld i n\u00e4ra relationer. Under 2022 p\u00e5b\u00f6rjades en uppstartsprocess och under 2023 g\u00e5r f\u00f6rbundet in i en mer aktiv medverkan i Stoppa v\u00e5ldet. Under 2023 kommer de projekt som finansieras av f\u00f6rbundet att b\u00f6rja att anv\u00e4nda validerade 7-fr\u00e5geinstrumentet f\u00f6r att \u00f6ka uppt\u00e4ckten. Att rutinm\u00e4ssigt st\u00e4lla fr\u00e5gorna g\u00f6r skillnad! <\/p>\n","protected":false},"excerpt":{"rendered":"<p>Strukturinsatser F\u00f6rbundet erbjuder medarbetare och chefer hos parterna m\u00f6jlighet till utbildnings- och utvecklingsinsatser som syftar till samsyn och kompetensutveckling inom parternas samlade ansvarsomr\u00e5de. Samordning \u00e4r p\u00e5 m\u00e5nga s\u00e4tt en unik m\u00f6jlighetslagstiftning f\u00f6r att kunna samordna resurser p\u00e5 ett effektivt s\u00e4tt. F\u00f6r att utnyttja detta p\u00e5 b\u00e4sta s\u00e4tt kr\u00e4vs kunskap. Nationella r\u00e5det erbjuder bland annat utbildning [&hellip;]<\/p>\n","protected":false},"author":7,"featured_media":510,"parent":0,"menu_order":0,"comment_status":"closed","ping_status":"closed","template":"","meta":{"footnotes":""},"class_list":["post-1378","page","type-page","status-publish","has-post-thumbnail","hentry"],"yoast_head":"<!-- This site is optimized with the Yoast SEO plugin v27.3 - https:\/\/yoast.com\/product\/yoast-seo-wordpress\/ -->\n<title>Strukturinsatser - Samordningsf\u00f6rbundet \u00d6stra V\u00e4rmland<\/title>\n<meta name=\"robots\" content=\"index, follow, max-snippet:-1, max-image-preview:large, max-video-preview:-1\" \/>\n<link rel=\"canonical\" href=\"https:\/\/klasam.se\/ostravarmland\/utbildnings-och-utvecklingsinsatser\/\" \/>\n<meta property=\"og:locale\" content=\"sv_SE\" \/>\n<meta property=\"og:type\" content=\"article\" \/>\n<meta property=\"og:title\" content=\"Strukturinsatser - Samordningsf\u00f6rbundet \u00d6stra V\u00e4rmland\" \/>\n<meta property=\"og:description\" content=\"Strukturinsatser F\u00f6rbundet erbjuder medarbetare och chefer hos parterna m\u00f6jlighet till utbildnings- och utvecklingsinsatser som syftar till samsyn och kompetensutveckling inom parternas samlade ansvarsomr\u00e5de. Samordning \u00e4r p\u00e5 m\u00e5nga s\u00e4tt en unik m\u00f6jlighetslagstiftning f\u00f6r att kunna samordna resurser p\u00e5 ett effektivt s\u00e4tt. F\u00f6r att utnyttja detta p\u00e5 b\u00e4sta s\u00e4tt kr\u00e4vs kunskap. Nationella r\u00e5det erbjuder bland annat utbildning [&hellip;]\" \/>\n<meta property=\"og:url\" content=\"https:\/\/klasam.se\/ostravarmland\/utbildnings-och-utvecklingsinsatser\/\" \/>\n<meta property=\"og:site_name\" content=\"Samordningsf\u00f6rbundet \u00d6stra V\u00e4rmland\" \/>\n<meta property=\"article:modified_time\" content=\"2022-12-16T12:16:01+00:00\" \/>\n<meta name=\"twitter:card\" content=\"summary_large_image\" \/>\n<meta name=\"twitter:label1\" content=\"Ber\u00e4knad l\u00e4stid\" \/>\n\t<meta name=\"twitter:data1\" content=\"1 minut\" \/>\n<script type=\"application\/ld+json\" class=\"yoast-schema-graph\">{\"@context\":\"https:\\\/\\\/schema.org\",\"@graph\":[{\"@type\":\"WebPage\",\"@id\":\"https:\\\/\\\/klasam.se\\\/ostravarmland\\\/utbildnings-och-utvecklingsinsatser\\\/\",\"url\":\"https:\\\/\\\/klasam.se\\\/ostravarmland\\\/utbildnings-och-utvecklingsinsatser\\\/\",\"name\":\"Strukturinsatser - Samordningsf\u00f6rbundet \u00d6stra V\u00e4rmland\",\"isPartOf\":{\"@id\":\"https:\\\/\\\/klasam.se\\\/ostravarmland\\\/#website\"},\"primaryImageOfPage\":{\"@id\":\"https:\\\/\\\/klasam.se\\\/ostravarmland\\\/utbildnings-och-utvecklingsinsatser\\\/#primaryimage\"},\"image\":{\"@id\":\"https:\\\/\\\/klasam.se\\\/ostravarmland\\\/utbildnings-och-utvecklingsinsatser\\\/#primaryimage\"},\"thumbnailUrl\":\"\",\"datePublished\":\"2021-03-30T08:51:37+00:00\",\"dateModified\":\"2022-12-16T12:16:01+00:00\",\"breadcrumb\":{\"@id\":\"https:\\\/\\\/klasam.se\\\/ostravarmland\\\/utbildnings-och-utvecklingsinsatser\\\/#breadcrumb\"},\"inLanguage\":\"sv-SE\",\"potentialAction\":[{\"@type\":\"ReadAction\",\"target\":[\"https:\\\/\\\/klasam.se\\\/ostravarmland\\\/utbildnings-och-utvecklingsinsatser\\\/\"]}]},{\"@type\":\"ImageObject\",\"inLanguage\":\"sv-SE\",\"@id\":\"https:\\\/\\\/klasam.se\\\/ostravarmland\\\/utbildnings-och-utvecklingsinsatser\\\/#primaryimage\",\"url\":\"\",\"contentUrl\":\"\"},{\"@type\":\"BreadcrumbList\",\"@id\":\"https:\\\/\\\/klasam.se\\\/ostravarmland\\\/utbildnings-och-utvecklingsinsatser\\\/#breadcrumb\",\"itemListElement\":[{\"@type\":\"ListItem\",\"position\":1,\"name\":\"Home\",\"item\":\"https:\\\/\\\/klasam.se\\\/ostravarmland\\\/\"},{\"@type\":\"ListItem\",\"position\":2,\"name\":\"Strukturinsatser\"}]},{\"@type\":\"WebSite\",\"@id\":\"https:\\\/\\\/klasam.se\\\/ostravarmland\\\/#website\",\"url\":\"https:\\\/\\\/klasam.se\\\/ostravarmland\\\/\",\"name\":\"Samordningsf\u00f6rbundet \u00d6stra V\u00e4rmland\",\"description\":\"\",\"potentialAction\":[{\"@type\":\"SearchAction\",\"target\":{\"@type\":\"EntryPoint\",\"urlTemplate\":\"https:\\\/\\\/klasam.se\\\/ostravarmland\\\/?s={search_term_string}\"},\"query-input\":{\"@type\":\"PropertyValueSpecification\",\"valueRequired\":true,\"valueName\":\"search_term_string\"}}],\"inLanguage\":\"sv-SE\"}]}<\/script>\n<!-- \/ Yoast SEO plugin. -->","yoast_head_json":{"title":"Strukturinsatser - Samordningsf\u00f6rbundet \u00d6stra V\u00e4rmland","robots":{"index":"index","follow":"follow","max-snippet":"max-snippet:-1","max-image-preview":"max-image-preview:large","max-video-preview":"max-video-preview:-1"},"canonical":"https:\/\/klasam.se\/ostravarmland\/utbildnings-och-utvecklingsinsatser\/","og_locale":"sv_SE","og_type":"article","og_title":"Strukturinsatser - Samordningsf\u00f6rbundet \u00d6stra V\u00e4rmland","og_description":"Strukturinsatser F\u00f6rbundet erbjuder medarbetare och chefer hos parterna m\u00f6jlighet till utbildnings- och utvecklingsinsatser som syftar till samsyn och kompetensutveckling inom parternas samlade ansvarsomr\u00e5de. Samordning \u00e4r p\u00e5 m\u00e5nga s\u00e4tt en unik m\u00f6jlighetslagstiftning f\u00f6r att kunna samordna resurser p\u00e5 ett effektivt s\u00e4tt. F\u00f6r att utnyttja detta p\u00e5 b\u00e4sta s\u00e4tt kr\u00e4vs kunskap. Nationella r\u00e5det erbjuder bland annat utbildning [&hellip;]","og_url":"https:\/\/klasam.se\/ostravarmland\/utbildnings-och-utvecklingsinsatser\/","og_site_name":"Samordningsf\u00f6rbundet \u00d6stra V\u00e4rmland","article_modified_time":"2022-12-16T12:16:01+00:00","twitter_card":"summary_large_image","twitter_misc":{"Ber\u00e4knad l\u00e4stid":"1 minut"},"schema":{"@context":"https:\/\/schema.org","@graph":[{"@type":"WebPage","@id":"https:\/\/klasam.se\/ostravarmland\/utbildnings-och-utvecklingsinsatser\/","url":"https:\/\/klasam.se\/ostravarmland\/utbildnings-och-utvecklingsinsatser\/","name":"Strukturinsatser - Samordningsf\u00f6rbundet \u00d6stra V\u00e4rmland","isPartOf":{"@id":"https:\/\/klasam.se\/ostravarmland\/#website"},"primaryImageOfPage":{"@id":"https:\/\/klasam.se\/ostravarmland\/utbildnings-och-utvecklingsinsatser\/#primaryimage"},"image":{"@id":"https:\/\/klasam.se\/ostravarmland\/utbildnings-och-utvecklingsinsatser\/#primaryimage"},"thumbnailUrl":"","datePublished":"2021-03-30T08:51:37+00:00","dateModified":"2022-12-16T12:16:01+00:00","breadcrumb":{"@id":"https:\/\/klasam.se\/ostravarmland\/utbildnings-och-utvecklingsinsatser\/#breadcrumb"},"inLanguage":"sv-SE","potentialAction":[{"@type":"ReadAction","target":["https:\/\/klasam.se\/ostravarmland\/utbildnings-och-utvecklingsinsatser\/"]}]},{"@type":"ImageObject","inLanguage":"sv-SE","@id":"https:\/\/klasam.se\/ostravarmland\/utbildnings-och-utvecklingsinsatser\/#primaryimage","url":"","contentUrl":""},{"@type":"BreadcrumbList","@id":"https:\/\/klasam.se\/ostravarmland\/utbildnings-och-utvecklingsinsatser\/#breadcrumb","itemListElement":[{"@type":"ListItem","position":1,"name":"Home","item":"https:\/\/klasam.se\/ostravarmland\/"},{"@type":"ListItem","position":2,"name":"Strukturinsatser"}]},{"@type":"WebSite","@id":"https:\/\/klasam.se\/ostravarmland\/#website","url":"https:\/\/klasam.se\/ostravarmland\/","name":"Samordningsf\u00f6rbundet \u00d6stra V\u00e4rmland","description":"","potentialAction":[{"@type":"SearchAction","target":{"@type":"EntryPoint","urlTemplate":"https:\/\/klasam.se\/ostravarmland\/?s={search_term_string}"},"query-input":{"@type":"PropertyValueSpecification","valueRequired":true,"valueName":"search_term_string"}}],"inLanguage":"sv-SE"}]}},"_links":{"self":[{"href":"https:\/\/klasam.se\/ostravarmland\/wp-json\/wp\/v2\/pages\/1378","targetHints":{"allow":["GET"]}}],"collection":[{"href":"https:\/\/klasam.se\/ostravarmland\/wp-json\/wp\/v2\/pages"}],"about":[{"href":"https:\/\/klasam.se\/ostravarmland\/wp-json\/wp\/v2\/types\/page"}],"author":[{"embeddable":true,"href":"https:\/\/klasam.se\/ostravarmland\/wp-json\/wp\/v2\/users\/7"}],"replies":[{"embeddable":true,"href":"https:\/\/klasam.se\/ostravarmland\/wp-json\/wp\/v2\/comments?post=1378"}],"version-history":[{"count":3,"href":"https:\/\/klasam.se\/ostravarmland\/wp-json\/wp\/v2\/pages\/1378\/revisions"}],"predecessor-version":[{"id":2064,"href":"https:\/\/klasam.se\/ostravarmland\/wp-json\/wp\/v2\/pages\/1378\/revisions\/2064"}],"wp:featuredmedia":[{"embeddable":true,"href":"https:\/\/klasam.se\/ostravarmland\/wp-json\/"}],"wp:attachment":[{"href":"https:\/\/klasam.se\/ostravarmland\/wp-json\/wp\/v2\/media?parent=1378"}],"curies":[{"name":"wp","href":"https:\/\/api.w.org\/{rel}","templated":true}]}}