{"id":1376,"date":"2021-03-30T10:50:39","date_gmt":"2021-03-30T08:50:39","guid":{"rendered":"https:\/\/klasam.se\/?page_id=1376"},"modified":"2021-03-30T10:50:39","modified_gmt":"2021-03-30T08:50:39","slug":"forbundsgemensam-resurs-for-statistik-och-analys","status":"publish","type":"page","link":"https:\/\/klasam.se\/ostravarmland\/forbundsgemensam-resurs-for-statistik-och-analys\/","title":{"rendered":"F\u00f6rbundsgemensam resurs f\u00f6r statistik och analys"},"content":{"rendered":"\n<p><strong>F\u00f6rbundsgemensam resurs f\u00f6r statistik och analys<\/strong><\/p>\n\n\n\n<p><strong>Bakgrund<\/strong><\/p>\n\n\n\n<p>Behovet av en resurs f\u00f6r uppf\u00f6ljning, analys och utv\u00e4rdering identifierades under verksamhets\u00e5ret 2020. F\u00f6rbunden i V\u00e4rmland\/Dalsland gick d\u00e4rf\u00f6r samman f\u00f6r att rekrytera och anst\u00e4lla en utredare f\u00f6r uppdraget att ge f\u00f6rbunden st\u00f6d vid uppf\u00f6ljning och analys. Detta i syfte att finna gemensamma strukturer f\u00f6r uppf\u00f6ljning i FINSAM V\u00e4rmland\/Dalsland. Vidare syftar den till att skapa underlag f\u00f6r att kunna m\u00f6jligg\u00f6ra v\u00e4l underbyggda fram\u00e5tsyftande beslut baserade p\u00e5 fakta om behov samt att finna m\u00f6nster om lika\/olika behov i olika kommuner (det lokala perspektivet).<\/p>\n\n\n\n<p>Utredaren p\u00e5b\u00f6rjade sitt uppdrag i april och avslutade uppdraget i oktober d\u00e5 han fick annan tj\u00e4nst. Under dessa sex m\u00e5nader genomf\u00f6rde han ett antal kartl\u00e4ggningar och utredningar. D\u00e5 det g\u00e4ller det st\u00f6d han gav f\u00f6rbundet s\u00e5 var det f\u00f6ljande:<\/p>\n\n\n\n<ul class=\"wp-block-list\"><li>St\u00f6d vid framtagande av m\u00e4tbara m\u00e5l f\u00f6r uppf\u00f6ljning av f\u00f6rbundets insatser<\/li><li>St\u00f6d vid planering av insatsen Unga vuxna<\/li><li>St\u00f6d till f\u00f6rbundschefen vid analys av statistik<\/li><\/ul>\n\n\n\n<p>Styrgrupp f\u00f6r uppdraget har varit f\u00f6rbundschefsn\u00e4tverket. Vid uppf\u00f6ljning av insatsen kom styrgruppen fram till f\u00f6ljande: <\/p>\n\n\n\n<ul class=\"wp-block-list\"><li>Det \u00e4r sv\u00e5rt att tillgodose f\u00f6rbundens behov av st\u00f6d vid uppf\u00f6ljning och analys d\u00e5 behoven ser s\u00e5 olika ut.<\/li><li>Det b\u00e4sta \u00e4r att ut\u00f6ka samverkan mellan f\u00f6rbunden och p\u00e5 s\u00e5 s\u00e4tt st\u00f6dja varandra vid uppf\u00f6ljning och analys. <\/li><\/ul>\n","protected":false},"excerpt":{"rendered":"<p>F\u00f6rbundsgemensam resurs f\u00f6r statistik och analys Bakgrund Behovet av en resurs f\u00f6r uppf\u00f6ljning, analys och utv\u00e4rdering identifierades under verksamhets\u00e5ret 2020. F\u00f6rbunden i V\u00e4rmland\/Dalsland gick d\u00e4rf\u00f6r samman f\u00f6r att rekrytera och anst\u00e4lla en utredare f\u00f6r uppdraget att ge f\u00f6rbunden st\u00f6d vid uppf\u00f6ljning och analys. Detta i syfte att finna gemensamma strukturer f\u00f6r uppf\u00f6ljning i FINSAM V\u00e4rmland\/Dalsland. [&hellip;]<\/p>\n","protected":false},"author":7,"featured_media":0,"parent":0,"menu_order":0,"comment_status":"closed","ping_status":"closed","template":"","meta":{"footnotes":""},"class_list":["post-1376","page","type-page","status-publish","hentry"],"yoast_head":"<!-- This site is optimized with the Yoast SEO plugin v27.3 - https:\/\/yoast.com\/product\/yoast-seo-wordpress\/ -->\n<title>F\u00f6rbundsgemensam resurs f\u00f6r statistik och analys - Samordningsf\u00f6rbundet \u00d6stra V\u00e4rmland<\/title>\n<meta name=\"robots\" content=\"index, follow, max-snippet:-1, max-image-preview:large, max-video-preview:-1\" \/>\n<link rel=\"canonical\" href=\"https:\/\/klasam.se\/ostravarmland\/forbundsgemensam-resurs-for-statistik-och-analys\/\" \/>\n<meta property=\"og:locale\" content=\"sv_SE\" \/>\n<meta property=\"og:type\" content=\"article\" \/>\n<meta property=\"og:title\" content=\"F\u00f6rbundsgemensam resurs f\u00f6r statistik och analys - Samordningsf\u00f6rbundet \u00d6stra V\u00e4rmland\" \/>\n<meta property=\"og:description\" content=\"F\u00f6rbundsgemensam resurs f\u00f6r statistik och analys Bakgrund Behovet av en resurs f\u00f6r uppf\u00f6ljning, analys och utv\u00e4rdering identifierades under verksamhets\u00e5ret 2020. F\u00f6rbunden i V\u00e4rmland\/Dalsland gick d\u00e4rf\u00f6r samman f\u00f6r att rekrytera och anst\u00e4lla en utredare f\u00f6r uppdraget att ge f\u00f6rbunden st\u00f6d vid uppf\u00f6ljning och analys. Detta i syfte att finna gemensamma strukturer f\u00f6r uppf\u00f6ljning i FINSAM V\u00e4rmland\/Dalsland. [&hellip;]\" \/>\n<meta property=\"og:url\" content=\"https:\/\/klasam.se\/ostravarmland\/forbundsgemensam-resurs-for-statistik-och-analys\/\" \/>\n<meta property=\"og:site_name\" content=\"Samordningsf\u00f6rbundet \u00d6stra V\u00e4rmland\" \/>\n<meta name=\"twitter:card\" content=\"summary_large_image\" \/>\n<meta name=\"twitter:label1\" content=\"Ber\u00e4knad l\u00e4stid\" \/>\n\t<meta name=\"twitter:data1\" content=\"1 minut\" \/>\n<script type=\"application\/ld+json\" class=\"yoast-schema-graph\">{\"@context\":\"https:\\\/\\\/schema.org\",\"@graph\":[{\"@type\":\"WebPage\",\"@id\":\"https:\\\/\\\/klasam.se\\\/ostravarmland\\\/forbundsgemensam-resurs-for-statistik-och-analys\\\/\",\"url\":\"https:\\\/\\\/klasam.se\\\/ostravarmland\\\/forbundsgemensam-resurs-for-statistik-och-analys\\\/\",\"name\":\"F\u00f6rbundsgemensam resurs f\u00f6r statistik och analys - Samordningsf\u00f6rbundet \u00d6stra V\u00e4rmland\",\"isPartOf\":{\"@id\":\"https:\\\/\\\/klasam.se\\\/ostravarmland\\\/#website\"},\"datePublished\":\"2021-03-30T08:50:39+00:00\",\"breadcrumb\":{\"@id\":\"https:\\\/\\\/klasam.se\\\/ostravarmland\\\/forbundsgemensam-resurs-for-statistik-och-analys\\\/#breadcrumb\"},\"inLanguage\":\"sv-SE\",\"potentialAction\":[{\"@type\":\"ReadAction\",\"target\":[\"https:\\\/\\\/klasam.se\\\/ostravarmland\\\/forbundsgemensam-resurs-for-statistik-och-analys\\\/\"]}]},{\"@type\":\"BreadcrumbList\",\"@id\":\"https:\\\/\\\/klasam.se\\\/ostravarmland\\\/forbundsgemensam-resurs-for-statistik-och-analys\\\/#breadcrumb\",\"itemListElement\":[{\"@type\":\"ListItem\",\"position\":1,\"name\":\"Home\",\"item\":\"https:\\\/\\\/klasam.se\\\/ostravarmland\\\/\"},{\"@type\":\"ListItem\",\"position\":2,\"name\":\"F\u00f6rbundsgemensam resurs f\u00f6r statistik och analys\"}]},{\"@type\":\"WebSite\",\"@id\":\"https:\\\/\\\/klasam.se\\\/ostravarmland\\\/#website\",\"url\":\"https:\\\/\\\/klasam.se\\\/ostravarmland\\\/\",\"name\":\"Samordningsf\u00f6rbundet \u00d6stra V\u00e4rmland\",\"description\":\"\",\"potentialAction\":[{\"@type\":\"SearchAction\",\"target\":{\"@type\":\"EntryPoint\",\"urlTemplate\":\"https:\\\/\\\/klasam.se\\\/ostravarmland\\\/?s={search_term_string}\"},\"query-input\":{\"@type\":\"PropertyValueSpecification\",\"valueRequired\":true,\"valueName\":\"search_term_string\"}}],\"inLanguage\":\"sv-SE\"}]}<\/script>\n<!-- \/ Yoast SEO plugin. -->","yoast_head_json":{"title":"F\u00f6rbundsgemensam resurs f\u00f6r statistik och analys - Samordningsf\u00f6rbundet \u00d6stra V\u00e4rmland","robots":{"index":"index","follow":"follow","max-snippet":"max-snippet:-1","max-image-preview":"max-image-preview:large","max-video-preview":"max-video-preview:-1"},"canonical":"https:\/\/klasam.se\/ostravarmland\/forbundsgemensam-resurs-for-statistik-och-analys\/","og_locale":"sv_SE","og_type":"article","og_title":"F\u00f6rbundsgemensam resurs f\u00f6r statistik och analys - Samordningsf\u00f6rbundet \u00d6stra V\u00e4rmland","og_description":"F\u00f6rbundsgemensam resurs f\u00f6r statistik och analys Bakgrund Behovet av en resurs f\u00f6r uppf\u00f6ljning, analys och utv\u00e4rdering identifierades under verksamhets\u00e5ret 2020. F\u00f6rbunden i V\u00e4rmland\/Dalsland gick d\u00e4rf\u00f6r samman f\u00f6r att rekrytera och anst\u00e4lla en utredare f\u00f6r uppdraget att ge f\u00f6rbunden st\u00f6d vid uppf\u00f6ljning och analys. Detta i syfte att finna gemensamma strukturer f\u00f6r uppf\u00f6ljning i FINSAM V\u00e4rmland\/Dalsland. [&hellip;]","og_url":"https:\/\/klasam.se\/ostravarmland\/forbundsgemensam-resurs-for-statistik-och-analys\/","og_site_name":"Samordningsf\u00f6rbundet \u00d6stra V\u00e4rmland","twitter_card":"summary_large_image","twitter_misc":{"Ber\u00e4knad l\u00e4stid":"1 minut"},"schema":{"@context":"https:\/\/schema.org","@graph":[{"@type":"WebPage","@id":"https:\/\/klasam.se\/ostravarmland\/forbundsgemensam-resurs-for-statistik-och-analys\/","url":"https:\/\/klasam.se\/ostravarmland\/forbundsgemensam-resurs-for-statistik-och-analys\/","name":"F\u00f6rbundsgemensam resurs f\u00f6r statistik och analys - Samordningsf\u00f6rbundet \u00d6stra V\u00e4rmland","isPartOf":{"@id":"https:\/\/klasam.se\/ostravarmland\/#website"},"datePublished":"2021-03-30T08:50:39+00:00","breadcrumb":{"@id":"https:\/\/klasam.se\/ostravarmland\/forbundsgemensam-resurs-for-statistik-och-analys\/#breadcrumb"},"inLanguage":"sv-SE","potentialAction":[{"@type":"ReadAction","target":["https:\/\/klasam.se\/ostravarmland\/forbundsgemensam-resurs-for-statistik-och-analys\/"]}]},{"@type":"BreadcrumbList","@id":"https:\/\/klasam.se\/ostravarmland\/forbundsgemensam-resurs-for-statistik-och-analys\/#breadcrumb","itemListElement":[{"@type":"ListItem","position":1,"name":"Home","item":"https:\/\/klasam.se\/ostravarmland\/"},{"@type":"ListItem","position":2,"name":"F\u00f6rbundsgemensam resurs f\u00f6r statistik och analys"}]},{"@type":"WebSite","@id":"https:\/\/klasam.se\/ostravarmland\/#website","url":"https:\/\/klasam.se\/ostravarmland\/","name":"Samordningsf\u00f6rbundet \u00d6stra V\u00e4rmland","description":"","potentialAction":[{"@type":"SearchAction","target":{"@type":"EntryPoint","urlTemplate":"https:\/\/klasam.se\/ostravarmland\/?s={search_term_string}"},"query-input":{"@type":"PropertyValueSpecification","valueRequired":true,"valueName":"search_term_string"}}],"inLanguage":"sv-SE"}]}},"_links":{"self":[{"href":"https:\/\/klasam.se\/ostravarmland\/wp-json\/wp\/v2\/pages\/1376","targetHints":{"allow":["GET"]}}],"collection":[{"href":"https:\/\/klasam.se\/ostravarmland\/wp-json\/wp\/v2\/pages"}],"about":[{"href":"https:\/\/klasam.se\/ostravarmland\/wp-json\/wp\/v2\/types\/page"}],"author":[{"embeddable":true,"href":"https:\/\/klasam.se\/ostravarmland\/wp-json\/wp\/v2\/users\/7"}],"replies":[{"embeddable":true,"href":"https:\/\/klasam.se\/ostravarmland\/wp-json\/wp\/v2\/comments?post=1376"}],"version-history":[{"count":0,"href":"https:\/\/klasam.se\/ostravarmland\/wp-json\/wp\/v2\/pages\/1376\/revisions"}],"wp:attachment":[{"href":"https:\/\/klasam.se\/ostravarmland\/wp-json\/wp\/v2\/media?parent=1376"}],"curies":[{"name":"wp","href":"https:\/\/api.w.org\/{rel}","templated":true}]}}