{"id":1365,"date":"2021-03-26T11:30:52","date_gmt":"2021-03-26T10:30:52","guid":{"rendered":"https:\/\/klasam.se\/?page_id=1365"},"modified":"2023-03-30T07:21:59","modified_gmt":"2023-03-30T07:21:59","slug":"protokoll-2021","status":"publish","type":"page","link":"https:\/\/klasam.se\/ostravarmland\/protokoll-2021\/","title":{"rendered":"Protokoll 2022"},"content":{"rendered":"\n<p>Styrelsem\u00f6te 220215<\/p>\n\n\n\n<div data-wp-interactive=\"core\/file\" class=\"wp-block-file\"><object data-wp-bind--hidden=\"!state.hasPdfPreview\" hidden class=\"wp-block-file__embed\" data=\"https:\/\/klasam.se\/ostravarmland\/wp-content\/uploads\/sites\/2\/2023\/03\/220215-Protokoll-Finsam.pdf\" type=\"application\/pdf\" style=\"width:100%;height:600px\" aria-label=\"Inb\u00e4ddning av 220215-Protokoll-Finsam.\"><\/object><a id=\"wp-block-file--media-c5c2032d-8adc-4c71-9917-f33652463374\" href=\"https:\/\/klasam.se\/ostravarmland\/wp-content\/uploads\/sites\/2\/2023\/03\/220215-Protokoll-Finsam.pdf\">220215-Protokoll-Finsam<\/a><a href=\"https:\/\/klasam.se\/ostravarmland\/wp-content\/uploads\/sites\/2\/2023\/03\/220215-Protokoll-Finsam.pdf\" class=\"wp-block-file__button wp-element-button\" download aria-describedby=\"wp-block-file--media-c5c2032d-8adc-4c71-9917-f33652463374\">Ladda ner<\/a><\/div>\n\n\n\n<p>Styrelsem\u00f6te 220419<\/p>\n\n\n\n<div data-wp-interactive=\"core\/file\" class=\"wp-block-file\"><object data-wp-bind--hidden=\"!state.hasPdfPreview\" hidden class=\"wp-block-file__embed\" data=\"https:\/\/klasam.se\/ostravarmland\/wp-content\/uploads\/sites\/2\/2023\/03\/220419-Protokoll-Finsam-1.pdf\" type=\"application\/pdf\" style=\"width:100%;height:600px\" aria-label=\"Inb\u00e4ddning av 220419-Protokoll-Finsam-1.\"><\/object><a id=\"wp-block-file--media-e71ef9c7-a048-4ef1-92f6-a4c1d10b0b07\" href=\"https:\/\/klasam.se\/ostravarmland\/wp-content\/uploads\/sites\/2\/2023\/03\/220419-Protokoll-Finsam-1.pdf\">220419-Protokoll-Finsam-1<\/a><a href=\"https:\/\/klasam.se\/ostravarmland\/wp-content\/uploads\/sites\/2\/2023\/03\/220419-Protokoll-Finsam-1.pdf\" class=\"wp-block-file__button wp-element-button\" download aria-describedby=\"wp-block-file--media-e71ef9c7-a048-4ef1-92f6-a4c1d10b0b07\">Ladda ner<\/a><\/div>\n\n\n\n<p>Styrelsem\u00f6te 220607<\/p>\n\n\n\n<div data-wp-interactive=\"core\/file\" class=\"wp-block-file\"><object data-wp-bind--hidden=\"!state.hasPdfPreview\" hidden class=\"wp-block-file__embed\" data=\"https:\/\/klasam.se\/ostravarmland\/wp-content\/uploads\/sites\/2\/2023\/03\/220607-Protokoll-Finsam-2.pdf\" type=\"application\/pdf\" style=\"width:100%;height:600px\" aria-label=\"Inb\u00e4ddning av 220607-Protokoll-Finsam-2.\"><\/object><a id=\"wp-block-file--media-e1ec872f-622c-433e-ba6d-a222c7152dd3\" href=\"https:\/\/klasam.se\/ostravarmland\/wp-content\/uploads\/sites\/2\/2023\/03\/220607-Protokoll-Finsam-2.pdf\">220607-Protokoll-Finsam-2<\/a><a href=\"https:\/\/klasam.se\/ostravarmland\/wp-content\/uploads\/sites\/2\/2023\/03\/220607-Protokoll-Finsam-2.pdf\" class=\"wp-block-file__button wp-element-button\" download aria-describedby=\"wp-block-file--media-e1ec872f-622c-433e-ba6d-a222c7152dd3\">Ladda ner<\/a><\/div>\n\n\n\n<p>Styrelsem\u00f6te 220913<\/p>\n\n\n\n<div data-wp-interactive=\"core\/file\" class=\"wp-block-file\"><object data-wp-bind--hidden=\"!state.hasPdfPreview\" hidden class=\"wp-block-file__embed\" data=\"https:\/\/klasam.se\/ostravarmland\/wp-content\/uploads\/sites\/2\/2023\/03\/220913-Protokoll-Finsam-1.pdf\" type=\"application\/pdf\" style=\"width:100%;height:600px\" aria-label=\"Inb\u00e4ddning av 220913-Protokoll-Finsam-1.\"><\/object><a id=\"wp-block-file--media-f3f867f0-85cf-4e8f-8035-ea884cd148bc\" href=\"https:\/\/klasam.se\/ostravarmland\/wp-content\/uploads\/sites\/2\/2023\/03\/220913-Protokoll-Finsam-1.pdf\">220913-Protokoll-Finsam-1<\/a><a href=\"https:\/\/klasam.se\/ostravarmland\/wp-content\/uploads\/sites\/2\/2023\/03\/220913-Protokoll-Finsam-1.pdf\" class=\"wp-block-file__button wp-element-button\" download aria-describedby=\"wp-block-file--media-f3f867f0-85cf-4e8f-8035-ea884cd148bc\">Ladda ner<\/a><\/div>\n\n\n\n<p>Styrelsem\u00f6te 221011<\/p>\n\n\n\n<div data-wp-interactive=\"core\/file\" class=\"wp-block-file\"><object data-wp-bind--hidden=\"!state.hasPdfPreview\" hidden class=\"wp-block-file__embed\" data=\"https:\/\/klasam.se\/ostravarmland\/wp-content\/uploads\/sites\/2\/2023\/03\/221011-Protokoll-Finsam.pdf\" type=\"application\/pdf\" style=\"width:100%;height:600px\" aria-label=\"Inb\u00e4ddning av 221011-Protokoll-Finsam.\"><\/object><a id=\"wp-block-file--media-bfcec8da-3c80-42d1-82b5-a0b8e4ab7068\" href=\"https:\/\/klasam.se\/ostravarmland\/wp-content\/uploads\/sites\/2\/2023\/03\/221011-Protokoll-Finsam.pdf\">221011-Protokoll-Finsam<\/a><a href=\"https:\/\/klasam.se\/ostravarmland\/wp-content\/uploads\/sites\/2\/2023\/03\/221011-Protokoll-Finsam.pdf\" class=\"wp-block-file__button wp-element-button\" download aria-describedby=\"wp-block-file--media-bfcec8da-3c80-42d1-82b5-a0b8e4ab7068\">Ladda ner<\/a><\/div>\n\n\n\n<p>Styrelsem\u00f6te 221129<\/p>\n\n\n\n<div data-wp-interactive=\"core\/file\" class=\"wp-block-file\"><object data-wp-bind--hidden=\"!state.hasPdfPreview\" hidden class=\"wp-block-file__embed\" data=\"https:\/\/klasam.se\/ostravarmland\/wp-content\/uploads\/sites\/2\/2023\/03\/221129-Protokoll-Finsam.pdf\" type=\"application\/pdf\" style=\"width:100%;height:600px\" aria-label=\"Inb\u00e4ddning av 221129-Protokoll-Finsam.\"><\/object><a id=\"wp-block-file--media-2addb36a-3150-4e14-a538-02cb71b58ad3\" href=\"https:\/\/klasam.se\/ostravarmland\/wp-content\/uploads\/sites\/2\/2023\/03\/221129-Protokoll-Finsam.pdf\">221129-Protokoll-Finsam<\/a><a href=\"https:\/\/klasam.se\/ostravarmland\/wp-content\/uploads\/sites\/2\/2023\/03\/221129-Protokoll-Finsam.pdf\" class=\"wp-block-file__button wp-element-button\" download aria-describedby=\"wp-block-file--media-2addb36a-3150-4e14-a538-02cb71b58ad3\">Ladda ner<\/a><\/div>\n","protected":false},"excerpt":{"rendered":"<p>Styrelsem\u00f6te 220215 Styrelsem\u00f6te 220419 Styrelsem\u00f6te 220607 Styrelsem\u00f6te 220913 Styrelsem\u00f6te 221011 Styrelsem\u00f6te 221129<\/p>\n","protected":false},"author":7,"featured_media":0,"parent":0,"menu_order":0,"comment_status":"closed","ping_status":"closed","template":"","meta":{"footnotes":""},"class_list":["post-1365","page","type-page","status-publish","hentry"],"yoast_head":"<!-- This site is optimized with the Yoast SEO plugin v27.3 - https:\/\/yoast.com\/product\/yoast-seo-wordpress\/ -->\n<title>Protokoll 2022 - Samordningsf\u00f6rbundet \u00d6stra V\u00e4rmland<\/title>\n<meta name=\"robots\" content=\"index, follow, max-snippet:-1, max-image-preview:large, max-video-preview:-1\" \/>\n<link rel=\"canonical\" href=\"https:\/\/klasam.se\/ostravarmland\/protokoll-2021\/\" \/>\n<meta property=\"og:locale\" content=\"sv_SE\" \/>\n<meta property=\"og:type\" content=\"article\" \/>\n<meta property=\"og:title\" content=\"Protokoll 2022 - Samordningsf\u00f6rbundet \u00d6stra V\u00e4rmland\" \/>\n<meta property=\"og:description\" content=\"Styrelsem\u00f6te 220215 Styrelsem\u00f6te 220419 Styrelsem\u00f6te 220607 Styrelsem\u00f6te 220913 Styrelsem\u00f6te 221011 Styrelsem\u00f6te 221129\" \/>\n<meta property=\"og:url\" content=\"https:\/\/klasam.se\/ostravarmland\/protokoll-2021\/\" \/>\n<meta property=\"og:site_name\" content=\"Samordningsf\u00f6rbundet \u00d6stra V\u00e4rmland\" \/>\n<meta property=\"article:modified_time\" content=\"2023-03-30T07:21:59+00:00\" \/>\n<meta name=\"twitter:card\" content=\"summary_large_image\" \/>\n<meta name=\"twitter:label1\" content=\"Ber\u00e4knad l\u00e4stid\" \/>\n\t<meta name=\"twitter:data1\" content=\"1 minut\" \/>\n<script type=\"application\/ld+json\" class=\"yoast-schema-graph\">{\"@context\":\"https:\\\/\\\/schema.org\",\"@graph\":[{\"@type\":\"WebPage\",\"@id\":\"https:\\\/\\\/klasam.se\\\/ostravarmland\\\/protokoll-2021\\\/\",\"url\":\"https:\\\/\\\/klasam.se\\\/ostravarmland\\\/protokoll-2021\\\/\",\"name\":\"Protokoll 2022 - Samordningsf\u00f6rbundet \u00d6stra V\u00e4rmland\",\"isPartOf\":{\"@id\":\"https:\\\/\\\/klasam.se\\\/ostravarmland\\\/#website\"},\"datePublished\":\"2021-03-26T10:30:52+00:00\",\"dateModified\":\"2023-03-30T07:21:59+00:00\",\"breadcrumb\":{\"@id\":\"https:\\\/\\\/klasam.se\\\/ostravarmland\\\/protokoll-2021\\\/#breadcrumb\"},\"inLanguage\":\"sv-SE\",\"potentialAction\":[{\"@type\":\"ReadAction\",\"target\":[\"https:\\\/\\\/klasam.se\\\/ostravarmland\\\/protokoll-2021\\\/\"]}]},{\"@type\":\"BreadcrumbList\",\"@id\":\"https:\\\/\\\/klasam.se\\\/ostravarmland\\\/protokoll-2021\\\/#breadcrumb\",\"itemListElement\":[{\"@type\":\"ListItem\",\"position\":1,\"name\":\"Home\",\"item\":\"https:\\\/\\\/klasam.se\\\/ostravarmland\\\/\"},{\"@type\":\"ListItem\",\"position\":2,\"name\":\"Protokoll 2022\"}]},{\"@type\":\"WebSite\",\"@id\":\"https:\\\/\\\/klasam.se\\\/ostravarmland\\\/#website\",\"url\":\"https:\\\/\\\/klasam.se\\\/ostravarmland\\\/\",\"name\":\"Samordningsf\u00f6rbundet \u00d6stra V\u00e4rmland\",\"description\":\"\",\"potentialAction\":[{\"@type\":\"SearchAction\",\"target\":{\"@type\":\"EntryPoint\",\"urlTemplate\":\"https:\\\/\\\/klasam.se\\\/ostravarmland\\\/?s={search_term_string}\"},\"query-input\":{\"@type\":\"PropertyValueSpecification\",\"valueRequired\":true,\"valueName\":\"search_term_string\"}}],\"inLanguage\":\"sv-SE\"}]}<\/script>\n<!-- \/ Yoast SEO plugin. -->","yoast_head_json":{"title":"Protokoll 2022 - Samordningsf\u00f6rbundet \u00d6stra V\u00e4rmland","robots":{"index":"index","follow":"follow","max-snippet":"max-snippet:-1","max-image-preview":"max-image-preview:large","max-video-preview":"max-video-preview:-1"},"canonical":"https:\/\/klasam.se\/ostravarmland\/protokoll-2021\/","og_locale":"sv_SE","og_type":"article","og_title":"Protokoll 2022 - Samordningsf\u00f6rbundet \u00d6stra V\u00e4rmland","og_description":"Styrelsem\u00f6te 220215 Styrelsem\u00f6te 220419 Styrelsem\u00f6te 220607 Styrelsem\u00f6te 220913 Styrelsem\u00f6te 221011 Styrelsem\u00f6te 221129","og_url":"https:\/\/klasam.se\/ostravarmland\/protokoll-2021\/","og_site_name":"Samordningsf\u00f6rbundet \u00d6stra V\u00e4rmland","article_modified_time":"2023-03-30T07:21:59+00:00","twitter_card":"summary_large_image","twitter_misc":{"Ber\u00e4knad l\u00e4stid":"1 minut"},"schema":{"@context":"https:\/\/schema.org","@graph":[{"@type":"WebPage","@id":"https:\/\/klasam.se\/ostravarmland\/protokoll-2021\/","url":"https:\/\/klasam.se\/ostravarmland\/protokoll-2021\/","name":"Protokoll 2022 - Samordningsf\u00f6rbundet \u00d6stra V\u00e4rmland","isPartOf":{"@id":"https:\/\/klasam.se\/ostravarmland\/#website"},"datePublished":"2021-03-26T10:30:52+00:00","dateModified":"2023-03-30T07:21:59+00:00","breadcrumb":{"@id":"https:\/\/klasam.se\/ostravarmland\/protokoll-2021\/#breadcrumb"},"inLanguage":"sv-SE","potentialAction":[{"@type":"ReadAction","target":["https:\/\/klasam.se\/ostravarmland\/protokoll-2021\/"]}]},{"@type":"BreadcrumbList","@id":"https:\/\/klasam.se\/ostravarmland\/protokoll-2021\/#breadcrumb","itemListElement":[{"@type":"ListItem","position":1,"name":"Home","item":"https:\/\/klasam.se\/ostravarmland\/"},{"@type":"ListItem","position":2,"name":"Protokoll 2022"}]},{"@type":"WebSite","@id":"https:\/\/klasam.se\/ostravarmland\/#website","url":"https:\/\/klasam.se\/ostravarmland\/","name":"Samordningsf\u00f6rbundet \u00d6stra V\u00e4rmland","description":"","potentialAction":[{"@type":"SearchAction","target":{"@type":"EntryPoint","urlTemplate":"https:\/\/klasam.se\/ostravarmland\/?s={search_term_string}"},"query-input":{"@type":"PropertyValueSpecification","valueRequired":true,"valueName":"search_term_string"}}],"inLanguage":"sv-SE"}]}},"_links":{"self":[{"href":"https:\/\/klasam.se\/ostravarmland\/wp-json\/wp\/v2\/pages\/1365","targetHints":{"allow":["GET"]}}],"collection":[{"href":"https:\/\/klasam.se\/ostravarmland\/wp-json\/wp\/v2\/pages"}],"about":[{"href":"https:\/\/klasam.se\/ostravarmland\/wp-json\/wp\/v2\/types\/page"}],"author":[{"embeddable":true,"href":"https:\/\/klasam.se\/ostravarmland\/wp-json\/wp\/v2\/users\/7"}],"replies":[{"embeddable":true,"href":"https:\/\/klasam.se\/ostravarmland\/wp-json\/wp\/v2\/comments?post=1365"}],"version-history":[{"count":4,"href":"https:\/\/klasam.se\/ostravarmland\/wp-json\/wp\/v2\/pages\/1365\/revisions"}],"predecessor-version":[{"id":2093,"href":"https:\/\/klasam.se\/ostravarmland\/wp-json\/wp\/v2\/pages\/1365\/revisions\/2093"}],"wp:attachment":[{"href":"https:\/\/klasam.se\/ostravarmland\/wp-json\/wp\/v2\/media?parent=1365"}],"curies":[{"name":"wp","href":"https:\/\/api.w.org\/{rel}","templated":true}]}}