{"id":1168,"date":"2019-02-08T09:39:57","date_gmt":"2019-02-08T08:39:57","guid":{"rendered":"https:\/\/klasam.se\/?page_id=1168"},"modified":"2024-02-26T15:39:04","modified_gmt":"2024-02-26T15:39:04","slug":"protokoll-2019","status":"publish","type":"page","link":"https:\/\/klasam.se\/ostravarmland\/protokoll-2019\/","title":{"rendered":"Protokoll 2023"},"content":{"rendered":"\n<p>Sammantr\u00e4de 230119<\/p>\n\n\n\n<div data-wp-interactive=\"core\/file\" class=\"wp-block-file\"><object data-wp-bind--hidden=\"!state.hasPdfPreview\" hidden class=\"wp-block-file__embed\" data=\"https:\/\/klasam.se\/ostravarmland\/wp-content\/uploads\/sites\/2\/2023\/04\/230119-Protokoll-Finsam.pdf\" type=\"application\/pdf\" style=\"width:100%;height:600px\" aria-label=\"Inb\u00e4ddning av 230119-Protokoll-Finsam.\"><\/object><a id=\"wp-block-file--media-493df176-4d2d-4e8c-b08e-51e4e5d769c5\" href=\"https:\/\/klasam.se\/ostravarmland\/wp-content\/uploads\/sites\/2\/2023\/04\/230119-Protokoll-Finsam.pdf\">230119-Protokoll-Finsam<\/a><a href=\"https:\/\/klasam.se\/ostravarmland\/wp-content\/uploads\/sites\/2\/2023\/04\/230119-Protokoll-Finsam.pdf\" class=\"wp-block-file__button wp-element-button\" download aria-describedby=\"wp-block-file--media-493df176-4d2d-4e8c-b08e-51e4e5d769c5\">Ladda ner<\/a><\/div>\n\n\n\n<div class=\"wp-block-file\"><a href=\"https:\/\/klasam.se\/f482717b-ed02-45b0-96b1-629466188006\" class=\"wp-block-file__button wp-element-button\" download>Ladda ner<\/a><\/div>\n\n\n\n<p>Sammantr\u00e4de 230222<\/p>\n\n\n\n<div data-wp-interactive=\"core\/file\" class=\"wp-block-file\"><object data-wp-bind--hidden=\"!state.hasPdfPreview\" hidden class=\"wp-block-file__embed\" data=\"https:\/\/klasam.se\/ostravarmland\/wp-content\/uploads\/sites\/2\/2023\/04\/230222-Protokoll-Finsam-1.pdf\" type=\"application\/pdf\" style=\"width:100%;height:600px\" aria-label=\"Inb\u00e4ddning av 230222-Protokoll-Finsam-1.\"><\/object><a id=\"wp-block-file--media-c76d83f9-24a5-441c-be01-e515b924e146\" href=\"https:\/\/klasam.se\/ostravarmland\/wp-content\/uploads\/sites\/2\/2023\/04\/230222-Protokoll-Finsam-1.pdf\">230222-Protokoll-Finsam-1<\/a><a href=\"https:\/\/klasam.se\/ostravarmland\/wp-content\/uploads\/sites\/2\/2023\/04\/230222-Protokoll-Finsam-1.pdf\" class=\"wp-block-file__button wp-element-button\" download aria-describedby=\"wp-block-file--media-c76d83f9-24a5-441c-be01-e515b924e146\">Ladda ner<\/a><\/div>\n\n\n\n<p>Styrelsem\u00f6te 230328 <\/p>\n\n\n\n<div data-wp-interactive=\"core\/file\" class=\"wp-block-file\"><object data-wp-bind--hidden=\"!state.hasPdfPreview\" hidden class=\"wp-block-file__embed\" data=\"https:\/\/klasam.se\/ostravarmland\/wp-content\/uploads\/sites\/2\/2024\/02\/230328-Protokoll-Finsam.pdf\" type=\"application\/pdf\" style=\"width:100%;height:600px\" aria-label=\"Inb\u00e4ddning av 230328-Protokoll-Finsam.\"><\/object><a id=\"wp-block-file--media-b26b224c-9933-4449-b7ee-40a0f55acdbc\" href=\"https:\/\/klasam.se\/ostravarmland\/wp-content\/uploads\/sites\/2\/2024\/02\/230328-Protokoll-Finsam.pdf\">230328-Protokoll-Finsam<\/a><a href=\"https:\/\/klasam.se\/ostravarmland\/wp-content\/uploads\/sites\/2\/2024\/02\/230328-Protokoll-Finsam.pdf\" class=\"wp-block-file__button wp-element-button\" download aria-describedby=\"wp-block-file--media-b26b224c-9933-4449-b7ee-40a0f55acdbc\">Ladda ner<\/a><\/div>\n\n\n\n<p>Sammantr\u00e4de 230425<\/p>\n\n\n\n<div data-wp-interactive=\"core\/file\" class=\"wp-block-file\"><object data-wp-bind--hidden=\"!state.hasPdfPreview\" hidden class=\"wp-block-file__embed\" data=\"https:\/\/klasam.se\/ostravarmland\/wp-content\/uploads\/sites\/2\/2023\/05\/230425-Protokoll-Finsam.pdf\" type=\"application\/pdf\" style=\"width:100%;height:600px\" aria-label=\"Inb\u00e4ddning av 230425-Protokoll-Finsam.\"><\/object><a id=\"wp-block-file--media-e778c1b7-fe01-4ca2-baed-6c36068a4d1f\" href=\"https:\/\/klasam.se\/ostravarmland\/wp-content\/uploads\/sites\/2\/2023\/05\/230425-Protokoll-Finsam.pdf\">230425-Protokoll-Finsam<\/a><a href=\"https:\/\/klasam.se\/ostravarmland\/wp-content\/uploads\/sites\/2\/2023\/05\/230425-Protokoll-Finsam.pdf\" class=\"wp-block-file__button wp-element-button\" download aria-describedby=\"wp-block-file--media-e778c1b7-fe01-4ca2-baed-6c36068a4d1f\">Ladda ner<\/a><\/div>\n\n\n\n<p>Sammantr\u00e4de 230607<\/p>\n\n\n\n<div data-wp-interactive=\"core\/file\" class=\"wp-block-file\"><object data-wp-bind--hidden=\"!state.hasPdfPreview\" hidden class=\"wp-block-file__embed\" data=\"https:\/\/klasam.se\/ostravarmland\/wp-content\/uploads\/sites\/2\/2023\/06\/230607-Protokoll-Finsam.pdf\" type=\"application\/pdf\" style=\"width:100%;height:600px\" aria-label=\"Inb\u00e4ddning av 230607-Protokoll-Finsam.\"><\/object><a id=\"wp-block-file--media-3313003f-3975-4098-8e2e-a8d013ff4b45\" href=\"https:\/\/klasam.se\/ostravarmland\/wp-content\/uploads\/sites\/2\/2023\/06\/230607-Protokoll-Finsam.pdf\">230607-Protokoll-Finsam<\/a><a href=\"https:\/\/klasam.se\/ostravarmland\/wp-content\/uploads\/sites\/2\/2023\/06\/230607-Protokoll-Finsam.pdf\" class=\"wp-block-file__button wp-element-button\" download aria-describedby=\"wp-block-file--media-3313003f-3975-4098-8e2e-a8d013ff4b45\">Ladda ner<\/a><\/div>\n\n\n\n<p>230831 Protokoll styrelsem\u00f6te<\/p>\n\n\n\n<div data-wp-interactive=\"core\/file\" class=\"wp-block-file\"><object data-wp-bind--hidden=\"!state.hasPdfPreview\" hidden class=\"wp-block-file__embed\" data=\"https:\/\/klasam.se\/ostravarmland\/wp-content\/uploads\/sites\/2\/2023\/09\/230831-Protokoll-Finsam.pdf\" type=\"application\/pdf\" style=\"width:100%;height:600px\" aria-label=\"Inb\u00e4ddning av 230831-Protokoll-Finsam.\"><\/object><a id=\"wp-block-file--media-2d469335-3ad4-4f4e-8e03-16083d6b7693\" href=\"https:\/\/klasam.se\/ostravarmland\/wp-content\/uploads\/sites\/2\/2023\/09\/230831-Protokoll-Finsam.pdf\">230831-Protokoll-Finsam<\/a><a href=\"https:\/\/klasam.se\/ostravarmland\/wp-content\/uploads\/sites\/2\/2023\/09\/230831-Protokoll-Finsam.pdf\" class=\"wp-block-file__button wp-element-button\" download aria-describedby=\"wp-block-file--media-2d469335-3ad4-4f4e-8e03-16083d6b7693\">Ladda ner<\/a><\/div>\n\n\n\n<p>Sammantr\u00e4de 231010<\/p>\n\n\n\n<div data-wp-interactive=\"core\/file\" class=\"wp-block-file\"><object data-wp-bind--hidden=\"!state.hasPdfPreview\" hidden class=\"wp-block-file__embed\" data=\"https:\/\/klasam.se\/ostravarmland\/wp-content\/uploads\/sites\/2\/2023\/10\/231010-Protokoll-Finsam.pdf\" type=\"application\/pdf\" style=\"width:100%;height:600px\" aria-label=\"Inb\u00e4ddning av 231010-Protokoll-Finsam.\"><\/object><a id=\"wp-block-file--media-70256302-bb29-4b5a-81d1-9a27a837d48e\" href=\"https:\/\/klasam.se\/ostravarmland\/wp-content\/uploads\/sites\/2\/2023\/10\/231010-Protokoll-Finsam.pdf\">231010-Protokoll-Finsam<\/a><a href=\"https:\/\/klasam.se\/ostravarmland\/wp-content\/uploads\/sites\/2\/2023\/10\/231010-Protokoll-Finsam.pdf\" class=\"wp-block-file__button wp-element-button\" download aria-describedby=\"wp-block-file--media-70256302-bb29-4b5a-81d1-9a27a837d48e\">Ladda ner<\/a><\/div>\n\n\n\n<p>Sammantr\u00e4de 231129<\/p>\n\n\n\n<div data-wp-interactive=\"core\/file\" class=\"wp-block-file\"><object data-wp-bind--hidden=\"!state.hasPdfPreview\" hidden class=\"wp-block-file__embed\" data=\"https:\/\/klasam.se\/ostravarmland\/wp-content\/uploads\/sites\/2\/2023\/12\/231129-Protokoll-Finsam.pdf\" type=\"application\/pdf\" style=\"width:100%;height:600px\" aria-label=\"Inb\u00e4ddning av 231129-Protokoll-Finsam.\"><\/object><a id=\"wp-block-file--media-c99c2079-f52e-439f-b330-e789ec2de53f\" href=\"https:\/\/klasam.se\/ostravarmland\/wp-content\/uploads\/sites\/2\/2023\/12\/231129-Protokoll-Finsam.pdf\">231129-Protokoll-Finsam<\/a><a href=\"https:\/\/klasam.se\/ostravarmland\/wp-content\/uploads\/sites\/2\/2023\/12\/231129-Protokoll-Finsam.pdf\" class=\"wp-block-file__button wp-element-button\" download aria-describedby=\"wp-block-file--media-c99c2079-f52e-439f-b330-e789ec2de53f\">Ladda ner<\/a><\/div>\n","protected":false},"excerpt":{"rendered":"<p>Sammantr\u00e4de 230119 Sammantr\u00e4de 230222 Styrelsem\u00f6te 230328 Sammantr\u00e4de 230425 Sammantr\u00e4de 230607 230831 Protokoll styrelsem\u00f6te Sammantr\u00e4de 231010 Sammantr\u00e4de 231129<\/p>\n","protected":false},"author":7,"featured_media":0,"parent":0,"menu_order":0,"comment_status":"closed","ping_status":"closed","template":"","meta":{"footnotes":""},"class_list":["post-1168","page","type-page","status-publish","hentry"],"yoast_head":"<!-- This site is optimized with the Yoast SEO plugin v27.3 - https:\/\/yoast.com\/product\/yoast-seo-wordpress\/ -->\n<title>Protokoll 2023 - Samordningsf\u00f6rbundet \u00d6stra V\u00e4rmland<\/title>\n<meta name=\"robots\" content=\"index, follow, max-snippet:-1, max-image-preview:large, max-video-preview:-1\" \/>\n<link rel=\"canonical\" href=\"https:\/\/klasam.se\/ostravarmland\/protokoll-2019\/\" \/>\n<meta property=\"og:locale\" content=\"sv_SE\" \/>\n<meta property=\"og:type\" content=\"article\" \/>\n<meta property=\"og:title\" content=\"Protokoll 2023 - Samordningsf\u00f6rbundet \u00d6stra V\u00e4rmland\" \/>\n<meta property=\"og:description\" content=\"Sammantr\u00e4de 230119 Sammantr\u00e4de 230222 Styrelsem\u00f6te 230328 Sammantr\u00e4de 230425 Sammantr\u00e4de 230607 230831 Protokoll styrelsem\u00f6te Sammantr\u00e4de 231010 Sammantr\u00e4de 231129\" \/>\n<meta property=\"og:url\" content=\"https:\/\/klasam.se\/ostravarmland\/protokoll-2019\/\" \/>\n<meta property=\"og:site_name\" content=\"Samordningsf\u00f6rbundet \u00d6stra V\u00e4rmland\" \/>\n<meta property=\"article:modified_time\" content=\"2024-02-26T15:39:04+00:00\" \/>\n<meta name=\"twitter:card\" content=\"summary_large_image\" \/>\n<meta name=\"twitter:label1\" content=\"Ber\u00e4knad l\u00e4stid\" \/>\n\t<meta name=\"twitter:data1\" content=\"1 minut\" \/>\n<script type=\"application\/ld+json\" class=\"yoast-schema-graph\">{\"@context\":\"https:\\\/\\\/schema.org\",\"@graph\":[{\"@type\":\"WebPage\",\"@id\":\"https:\\\/\\\/klasam.se\\\/ostravarmland\\\/protokoll-2019\\\/\",\"url\":\"https:\\\/\\\/klasam.se\\\/ostravarmland\\\/protokoll-2019\\\/\",\"name\":\"Protokoll 2023 - Samordningsf\u00f6rbundet \u00d6stra V\u00e4rmland\",\"isPartOf\":{\"@id\":\"https:\\\/\\\/klasam.se\\\/ostravarmland\\\/#website\"},\"datePublished\":\"2019-02-08T08:39:57+00:00\",\"dateModified\":\"2024-02-26T15:39:04+00:00\",\"breadcrumb\":{\"@id\":\"https:\\\/\\\/klasam.se\\\/ostravarmland\\\/protokoll-2019\\\/#breadcrumb\"},\"inLanguage\":\"sv-SE\",\"potentialAction\":[{\"@type\":\"ReadAction\",\"target\":[\"https:\\\/\\\/klasam.se\\\/ostravarmland\\\/protokoll-2019\\\/\"]}]},{\"@type\":\"BreadcrumbList\",\"@id\":\"https:\\\/\\\/klasam.se\\\/ostravarmland\\\/protokoll-2019\\\/#breadcrumb\",\"itemListElement\":[{\"@type\":\"ListItem\",\"position\":1,\"name\":\"Home\",\"item\":\"https:\\\/\\\/klasam.se\\\/ostravarmland\\\/\"},{\"@type\":\"ListItem\",\"position\":2,\"name\":\"Protokoll 2023\"}]},{\"@type\":\"WebSite\",\"@id\":\"https:\\\/\\\/klasam.se\\\/ostravarmland\\\/#website\",\"url\":\"https:\\\/\\\/klasam.se\\\/ostravarmland\\\/\",\"name\":\"Samordningsf\u00f6rbundet \u00d6stra V\u00e4rmland\",\"description\":\"\",\"potentialAction\":[{\"@type\":\"SearchAction\",\"target\":{\"@type\":\"EntryPoint\",\"urlTemplate\":\"https:\\\/\\\/klasam.se\\\/ostravarmland\\\/?s={search_term_string}\"},\"query-input\":{\"@type\":\"PropertyValueSpecification\",\"valueRequired\":true,\"valueName\":\"search_term_string\"}}],\"inLanguage\":\"sv-SE\"}]}<\/script>\n<!-- \/ Yoast SEO plugin. -->","yoast_head_json":{"title":"Protokoll 2023 - Samordningsf\u00f6rbundet \u00d6stra V\u00e4rmland","robots":{"index":"index","follow":"follow","max-snippet":"max-snippet:-1","max-image-preview":"max-image-preview:large","max-video-preview":"max-video-preview:-1"},"canonical":"https:\/\/klasam.se\/ostravarmland\/protokoll-2019\/","og_locale":"sv_SE","og_type":"article","og_title":"Protokoll 2023 - Samordningsf\u00f6rbundet \u00d6stra V\u00e4rmland","og_description":"Sammantr\u00e4de 230119 Sammantr\u00e4de 230222 Styrelsem\u00f6te 230328 Sammantr\u00e4de 230425 Sammantr\u00e4de 230607 230831 Protokoll styrelsem\u00f6te Sammantr\u00e4de 231010 Sammantr\u00e4de 231129","og_url":"https:\/\/klasam.se\/ostravarmland\/protokoll-2019\/","og_site_name":"Samordningsf\u00f6rbundet \u00d6stra V\u00e4rmland","article_modified_time":"2024-02-26T15:39:04+00:00","twitter_card":"summary_large_image","twitter_misc":{"Ber\u00e4knad l\u00e4stid":"1 minut"},"schema":{"@context":"https:\/\/schema.org","@graph":[{"@type":"WebPage","@id":"https:\/\/klasam.se\/ostravarmland\/protokoll-2019\/","url":"https:\/\/klasam.se\/ostravarmland\/protokoll-2019\/","name":"Protokoll 2023 - Samordningsf\u00f6rbundet \u00d6stra V\u00e4rmland","isPartOf":{"@id":"https:\/\/klasam.se\/ostravarmland\/#website"},"datePublished":"2019-02-08T08:39:57+00:00","dateModified":"2024-02-26T15:39:04+00:00","breadcrumb":{"@id":"https:\/\/klasam.se\/ostravarmland\/protokoll-2019\/#breadcrumb"},"inLanguage":"sv-SE","potentialAction":[{"@type":"ReadAction","target":["https:\/\/klasam.se\/ostravarmland\/protokoll-2019\/"]}]},{"@type":"BreadcrumbList","@id":"https:\/\/klasam.se\/ostravarmland\/protokoll-2019\/#breadcrumb","itemListElement":[{"@type":"ListItem","position":1,"name":"Home","item":"https:\/\/klasam.se\/ostravarmland\/"},{"@type":"ListItem","position":2,"name":"Protokoll 2023"}]},{"@type":"WebSite","@id":"https:\/\/klasam.se\/ostravarmland\/#website","url":"https:\/\/klasam.se\/ostravarmland\/","name":"Samordningsf\u00f6rbundet \u00d6stra V\u00e4rmland","description":"","potentialAction":[{"@type":"SearchAction","target":{"@type":"EntryPoint","urlTemplate":"https:\/\/klasam.se\/ostravarmland\/?s={search_term_string}"},"query-input":{"@type":"PropertyValueSpecification","valueRequired":true,"valueName":"search_term_string"}}],"inLanguage":"sv-SE"}]}},"_links":{"self":[{"href":"https:\/\/klasam.se\/ostravarmland\/wp-json\/wp\/v2\/pages\/1168","targetHints":{"allow":["GET"]}}],"collection":[{"href":"https:\/\/klasam.se\/ostravarmland\/wp-json\/wp\/v2\/pages"}],"about":[{"href":"https:\/\/klasam.se\/ostravarmland\/wp-json\/wp\/v2\/types\/page"}],"author":[{"embeddable":true,"href":"https:\/\/klasam.se\/ostravarmland\/wp-json\/wp\/v2\/users\/7"}],"replies":[{"embeddable":true,"href":"https:\/\/klasam.se\/ostravarmland\/wp-json\/wp\/v2\/comments?post=1168"}],"version-history":[{"count":11,"href":"https:\/\/klasam.se\/ostravarmland\/wp-json\/wp\/v2\/pages\/1168\/revisions"}],"predecessor-version":[{"id":2214,"href":"https:\/\/klasam.se\/ostravarmland\/wp-json\/wp\/v2\/pages\/1168\/revisions\/2214"}],"wp:attachment":[{"href":"https:\/\/klasam.se\/ostravarmland\/wp-json\/wp\/v2\/media?parent=1168"}],"curies":[{"name":"wp","href":"https:\/\/api.w.org\/{rel}","templated":true}]}}