{"id":1044,"date":"2018-06-15T10:57:04","date_gmt":"2018-06-15T08:57:04","guid":{"rendered":"https:\/\/klasam.se\/?page_id=1044"},"modified":"2025-03-26T09:16:36","modified_gmt":"2025-03-26T09:16:36","slug":"fria-medel-2","status":"publish","type":"page","link":"https:\/\/klasam.se\/ostravarmland\/fria-medel-2\/","title":{"rendered":"Ans\u00f6ka om medel"},"content":{"rendered":"<h3>Ans\u00f6ka om medel<\/h3>\n<p>F\u00f6r finansiering av nya och p\u00e5g\u00e5ende individinsatser g\u00e4ller att ans\u00f6kan g\u00f6rs p\u00e5 blankett h\u00e4r nedan. Medel kan s\u00f6kas l\u00f6pande under \u00e5ret. D\u00e5 det g\u00e4ller insatser f\u00f6r n\u00e4stkommande \u00e5r ska ans\u00f6kan l\u00e4mnas till f\u00f6rbundet senast 2025-08-31.\u00a0 Beredningsgruppen bereder sedan ans\u00f6kan och beslut fattas d\u00e4refter av styrelsen i oktober eller som senast november.\u00a0<\/p>\n<p><strong>F\u00f6r finansiering av 2025 \u00e5rs medel ska ans\u00f6kan vara f\u00f6rbundet tillhanda senast den 2025-08-31 f\u00f6r beredning i beredningsgruppen under h\u00f6sten f\u00f6r att styrelsen d\u00e4refter ska fatta beslut i oktober eller som senast i november.<\/strong><\/p>\n<h4><strong>Har ni en id\u00e9 f\u00f6r samverkan och beh\u00f6ver medel f\u00f6r att genomf\u00f6ra den?\u00a0<\/strong><\/h4>\n<p>Samordningsf\u00f6rbundet \u00f6stra V\u00e4rmland stimulerar samverkan genom att sprida kunskap och information, ge st\u00f6d till och initiera nya arbetsmodeller och former f\u00f6r samverkan. F\u00f6rbundet identifierar ocks\u00e5 utvecklingsomr\u00e5den f\u00f6r \u00f6kad samverkan mellan myndigheterna. F\u00f6rbundet kan d\u00e4rf\u00f6r finansiera insatser inom rehabiliteringsomr\u00e5det som st\u00f6djer utvecklingen av effektivare arbetss\u00e4tt. Dessa ska vara l\u00e5ngsiktiga och ha som m\u00e5l att skapa best\u00e5ende f\u00f6rb\u00e4ttringar av medlemmarnas st\u00f6d som blir till nytta f\u00f6r enskilda individer. Finansieringen fr\u00e5n samordningsf\u00f6rbundet kan avse b\u00e5de kortare och l\u00e4ngre insatser. L\u00e5ngsiktiga insatser utg\u00f6r mer \u00e4n 12 m\u00e5nader.<\/p>\n<h5>\u00d6vergripande utg\u00e5ngspunkt f\u00f6r samordningsf\u00f6rbundets insatser \u00e4r att;<\/h5>\n<ul>\n<li>\n<p>verka f\u00f6r att medborgare vid behov ska f\u00e5 st\u00f6d och rehabilitering som ger dem m\u00f6jlighet att f\u00f6rs\u00f6rja sig sj\u00e4lva<\/p>\n<\/li>\n<li>\n<p>finansiera f\u00f6rebyggande insatser s\u00e5v\u00e4l strukturellt som individinriktat<\/p>\n<\/li>\n<li>\n<p>verka f\u00f6r en l\u00e5ngsiktigt h\u00e5llbar samverkan mellan f\u00f6rbundets parter<\/p>\n<\/li>\n<\/ul>\n<h5><strong>Syfte med samverkansmedel<\/strong><\/h5>\n<ul>\n<li>Aktiviteter och insatser inom rehabiliteringsomr\u00e5det som \u00e4r till nytta f\u00f6r att den enskilde ska komma n\u00e4rmare egen f\u00f6rs\u00f6rjning, f\u00e5 arbete, b\u00f6rja studera och\/eller uppn\u00e5 h\u00f6gre livskvalitet.\u00a0<\/li>\n<li>Aktiviteter och insatser som bidrar till en effektivare samverkan och ett b\u00e4ttre resursutnyttjande mellan myndigheterna.<\/li>\n<\/ul>\n<p><strong>M\u00e5lgrupper f\u00f6r insatser<br \/><\/strong>Personer i f\u00f6rv\u00e4rvsaktiv \u00e5lder (16-64 \u00e5r) som \u00e4r i behov av samordnade insatser.<\/p>\n<p><strong>Vem kan ans\u00f6ka om medel?<br \/><\/strong>Medel till insatser kan s\u00f6kas av parter som \u00e4r medlemmar i Samordningsf\u00f6rbundet \u00f6stra V\u00e4rmland. Ans\u00f6kan kan g\u00f6ras av minst tv\u00e5 av parterna i samverkan. En av parterna ska vara huvudman f\u00f6r insatsen. Andra akt\u00f6rer kan f\u00e5 del av medel genom samarbete med den part som \u00e4r huvudman f\u00f6r insatsen.<\/p>\n<p><strong>Grundl\u00e4ggande f\u00f6ruts\u00e4ttningar f\u00f6r samverkansmedel<br \/><\/strong>Medlemmarna avg\u00f6r varje \u00e5r niv\u00e5n p\u00e5 finansiell tilldelning till f\u00f6rbundet. Skulle villkoren v\u00e4sentligt f\u00f6r\u00e4ndras till nackdel f\u00f6r f\u00f6rbundet kan f\u00f6rbundet i f\u00f6rtid avsluta p\u00e5g\u00e5ende insats\/projekt.<\/p>\n<p><strong>Uppf\u00f6ljning och utv\u00e4rdering<br \/><\/strong>Enligt lag ska alla finansierade insatser\/projekt och aktiviteter inom samordningsf\u00f6rbundet f\u00f6ljas upp och utv\u00e4rderas. Vi vill \u00e4ven sprida goda id\u00e9er och \u00f6ka kunskapen i V\u00e4rmland\/Dalsland om samverkansinsatser, resultat och erfarenheter. Av dessa sk\u00e4l ska insatser dokumenteras och rapporteras p\u00e5 det s\u00e4tt som anges i varje avtal om finansiering av insats. Samordningsf\u00f6rbundet har ocks\u00e5 ansvar f\u00f6r att rapportera in resultat i det nationella uppf\u00f6ljningssystemet Uppf\u00f6ljning Finsam.<\/p>\n<p><strong>Beredning och beslut<br \/><\/strong>Ans\u00f6kan skickas till f\u00f6rbundets kansli. Det finns m\u00f6jlighet att f\u00e5 ta del av en ans\u00f6kningsmall. F\u00f6r att f\u00e5 tillg\u00e5ng till mallen kontaktas kansliet via socialforvaltningen@filipstad.se<\/p>\n<p>Beredningsgruppens uppdrag \u00e4r att utg\u00f6ra st\u00f6d f\u00f6r f\u00f6rbundskansliet genom att:<br \/>&#8211;\u00a0\u00a0\u00a0\u00a0\u00a0\u00a0\u00a0 Bereda och f\u00f6rankra insatser<br \/>&#8211;\u00a0\u00a0\u00a0\u00a0\u00a0\u00a0\u00a0 Initiera utvecklingsfr\u00e5gor och definiera uppdrag<br \/>&#8211;\u00a0\u00a0\u00a0\u00a0\u00a0\u00a0\u00a0 St\u00f6dja implementering av framg\u00e5ngsrika insatser<br \/>&#8211;\u00a0\u00a0\u00a0\u00a0\u00a0\u00a0\u00a0 Bidra med kompetens<br \/>&#8211;\u00a0\u00a0\u00a0\u00a0\u00a0\u00a0\u00a0 Verka f\u00f6r att den finansiella samordningen utvecklas<\/p>\n<pre>\u00a0<\/pre>\n\n\n<p><\/p>\n","protected":false},"excerpt":{"rendered":"<p>Ans\u00f6ka om medel F\u00f6r finansiering av nya och p\u00e5g\u00e5ende individinsatser g\u00e4ller att ans\u00f6kan g\u00f6rs p\u00e5 blankett h\u00e4r nedan. Medel kan s\u00f6kas l\u00f6pande under \u00e5ret. D\u00e5 det g\u00e4ller insatser f\u00f6r n\u00e4stkommande \u00e5r ska ans\u00f6kan l\u00e4mnas till f\u00f6rbundet senast 2025-08-31.\u00a0 Beredningsgruppen bereder sedan ans\u00f6kan och beslut fattas d\u00e4refter av styrelsen i oktober eller som senast november.\u00a0 F\u00f6r [&hellip;]<\/p>\n","protected":false},"author":7,"featured_media":0,"parent":0,"menu_order":0,"comment_status":"closed","ping_status":"closed","template":"","meta":{"footnotes":""},"class_list":["post-1044","page","type-page","status-publish","hentry"],"yoast_head":"<!-- This site is optimized with the Yoast SEO plugin v27.3 - https:\/\/yoast.com\/product\/yoast-seo-wordpress\/ -->\n<title>Ans\u00f6ka om medel - Samordningsf\u00f6rbundet \u00d6stra V\u00e4rmland<\/title>\n<meta name=\"robots\" content=\"index, follow, max-snippet:-1, max-image-preview:large, max-video-preview:-1\" \/>\n<link rel=\"canonical\" href=\"https:\/\/klasam.se\/ostravarmland\/fria-medel-2\/\" \/>\n<meta property=\"og:locale\" content=\"sv_SE\" \/>\n<meta property=\"og:type\" content=\"article\" \/>\n<meta property=\"og:title\" content=\"Ans\u00f6ka om medel - Samordningsf\u00f6rbundet \u00d6stra V\u00e4rmland\" \/>\n<meta property=\"og:description\" content=\"Ans\u00f6ka om medel F\u00f6r finansiering av nya och p\u00e5g\u00e5ende individinsatser g\u00e4ller att ans\u00f6kan g\u00f6rs p\u00e5 blankett h\u00e4r nedan. Medel kan s\u00f6kas l\u00f6pande under \u00e5ret. D\u00e5 det g\u00e4ller insatser f\u00f6r n\u00e4stkommande \u00e5r ska ans\u00f6kan l\u00e4mnas till f\u00f6rbundet senast 2025-08-31.\u00a0 Beredningsgruppen bereder sedan ans\u00f6kan och beslut fattas d\u00e4refter av styrelsen i oktober eller som senast november.\u00a0 F\u00f6r [&hellip;]\" \/>\n<meta property=\"og:url\" content=\"https:\/\/klasam.se\/ostravarmland\/fria-medel-2\/\" \/>\n<meta property=\"og:site_name\" content=\"Samordningsf\u00f6rbundet \u00d6stra V\u00e4rmland\" \/>\n<meta property=\"article:modified_time\" content=\"2025-03-26T09:16:36+00:00\" \/>\n<meta name=\"twitter:card\" content=\"summary_large_image\" \/>\n<meta name=\"twitter:label1\" content=\"Ber\u00e4knad l\u00e4stid\" \/>\n\t<meta name=\"twitter:data1\" content=\"3 minuter\" \/>\n<script type=\"application\/ld+json\" class=\"yoast-schema-graph\">{\"@context\":\"https:\\\/\\\/schema.org\",\"@graph\":[{\"@type\":\"WebPage\",\"@id\":\"https:\\\/\\\/klasam.se\\\/ostravarmland\\\/fria-medel-2\\\/\",\"url\":\"https:\\\/\\\/klasam.se\\\/ostravarmland\\\/fria-medel-2\\\/\",\"name\":\"Ans\u00f6ka om medel - Samordningsf\u00f6rbundet \u00d6stra V\u00e4rmland\",\"isPartOf\":{\"@id\":\"https:\\\/\\\/klasam.se\\\/ostravarmland\\\/#website\"},\"datePublished\":\"2018-06-15T08:57:04+00:00\",\"dateModified\":\"2025-03-26T09:16:36+00:00\",\"breadcrumb\":{\"@id\":\"https:\\\/\\\/klasam.se\\\/ostravarmland\\\/fria-medel-2\\\/#breadcrumb\"},\"inLanguage\":\"sv-SE\",\"potentialAction\":[{\"@type\":\"ReadAction\",\"target\":[\"https:\\\/\\\/klasam.se\\\/ostravarmland\\\/fria-medel-2\\\/\"]}]},{\"@type\":\"BreadcrumbList\",\"@id\":\"https:\\\/\\\/klasam.se\\\/ostravarmland\\\/fria-medel-2\\\/#breadcrumb\",\"itemListElement\":[{\"@type\":\"ListItem\",\"position\":1,\"name\":\"Home\",\"item\":\"https:\\\/\\\/klasam.se\\\/ostravarmland\\\/\"},{\"@type\":\"ListItem\",\"position\":2,\"name\":\"Ans\u00f6ka om medel\"}]},{\"@type\":\"WebSite\",\"@id\":\"https:\\\/\\\/klasam.se\\\/ostravarmland\\\/#website\",\"url\":\"https:\\\/\\\/klasam.se\\\/ostravarmland\\\/\",\"name\":\"Samordningsf\u00f6rbundet \u00d6stra V\u00e4rmland\",\"description\":\"\",\"potentialAction\":[{\"@type\":\"SearchAction\",\"target\":{\"@type\":\"EntryPoint\",\"urlTemplate\":\"https:\\\/\\\/klasam.se\\\/ostravarmland\\\/?s={search_term_string}\"},\"query-input\":{\"@type\":\"PropertyValueSpecification\",\"valueRequired\":true,\"valueName\":\"search_term_string\"}}],\"inLanguage\":\"sv-SE\"}]}<\/script>\n<!-- \/ Yoast SEO plugin. -->","yoast_head_json":{"title":"Ans\u00f6ka om medel - Samordningsf\u00f6rbundet \u00d6stra V\u00e4rmland","robots":{"index":"index","follow":"follow","max-snippet":"max-snippet:-1","max-image-preview":"max-image-preview:large","max-video-preview":"max-video-preview:-1"},"canonical":"https:\/\/klasam.se\/ostravarmland\/fria-medel-2\/","og_locale":"sv_SE","og_type":"article","og_title":"Ans\u00f6ka om medel - Samordningsf\u00f6rbundet \u00d6stra V\u00e4rmland","og_description":"Ans\u00f6ka om medel F\u00f6r finansiering av nya och p\u00e5g\u00e5ende individinsatser g\u00e4ller att ans\u00f6kan g\u00f6rs p\u00e5 blankett h\u00e4r nedan. Medel kan s\u00f6kas l\u00f6pande under \u00e5ret. D\u00e5 det g\u00e4ller insatser f\u00f6r n\u00e4stkommande \u00e5r ska ans\u00f6kan l\u00e4mnas till f\u00f6rbundet senast 2025-08-31.\u00a0 Beredningsgruppen bereder sedan ans\u00f6kan och beslut fattas d\u00e4refter av styrelsen i oktober eller som senast november.\u00a0 F\u00f6r [&hellip;]","og_url":"https:\/\/klasam.se\/ostravarmland\/fria-medel-2\/","og_site_name":"Samordningsf\u00f6rbundet \u00d6stra V\u00e4rmland","article_modified_time":"2025-03-26T09:16:36+00:00","twitter_card":"summary_large_image","twitter_misc":{"Ber\u00e4knad l\u00e4stid":"3 minuter"},"schema":{"@context":"https:\/\/schema.org","@graph":[{"@type":"WebPage","@id":"https:\/\/klasam.se\/ostravarmland\/fria-medel-2\/","url":"https:\/\/klasam.se\/ostravarmland\/fria-medel-2\/","name":"Ans\u00f6ka om medel - Samordningsf\u00f6rbundet \u00d6stra V\u00e4rmland","isPartOf":{"@id":"https:\/\/klasam.se\/ostravarmland\/#website"},"datePublished":"2018-06-15T08:57:04+00:00","dateModified":"2025-03-26T09:16:36+00:00","breadcrumb":{"@id":"https:\/\/klasam.se\/ostravarmland\/fria-medel-2\/#breadcrumb"},"inLanguage":"sv-SE","potentialAction":[{"@type":"ReadAction","target":["https:\/\/klasam.se\/ostravarmland\/fria-medel-2\/"]}]},{"@type":"BreadcrumbList","@id":"https:\/\/klasam.se\/ostravarmland\/fria-medel-2\/#breadcrumb","itemListElement":[{"@type":"ListItem","position":1,"name":"Home","item":"https:\/\/klasam.se\/ostravarmland\/"},{"@type":"ListItem","position":2,"name":"Ans\u00f6ka om medel"}]},{"@type":"WebSite","@id":"https:\/\/klasam.se\/ostravarmland\/#website","url":"https:\/\/klasam.se\/ostravarmland\/","name":"Samordningsf\u00f6rbundet \u00d6stra V\u00e4rmland","description":"","potentialAction":[{"@type":"SearchAction","target":{"@type":"EntryPoint","urlTemplate":"https:\/\/klasam.se\/ostravarmland\/?s={search_term_string}"},"query-input":{"@type":"PropertyValueSpecification","valueRequired":true,"valueName":"search_term_string"}}],"inLanguage":"sv-SE"}]}},"_links":{"self":[{"href":"https:\/\/klasam.se\/ostravarmland\/wp-json\/wp\/v2\/pages\/1044","targetHints":{"allow":["GET"]}}],"collection":[{"href":"https:\/\/klasam.se\/ostravarmland\/wp-json\/wp\/v2\/pages"}],"about":[{"href":"https:\/\/klasam.se\/ostravarmland\/wp-json\/wp\/v2\/types\/page"}],"author":[{"embeddable":true,"href":"https:\/\/klasam.se\/ostravarmland\/wp-json\/wp\/v2\/users\/7"}],"replies":[{"embeddable":true,"href":"https:\/\/klasam.se\/ostravarmland\/wp-json\/wp\/v2\/comments?post=1044"}],"version-history":[{"count":4,"href":"https:\/\/klasam.se\/ostravarmland\/wp-json\/wp\/v2\/pages\/1044\/revisions"}],"predecessor-version":[{"id":2294,"href":"https:\/\/klasam.se\/ostravarmland\/wp-json\/wp\/v2\/pages\/1044\/revisions\/2294"}],"wp:attachment":[{"href":"https:\/\/klasam.se\/ostravarmland\/wp-json\/wp\/v2\/media?parent=1044"}],"curies":[{"name":"wp","href":"https:\/\/api.w.org\/{rel}","templated":true}]}}