{"id":273,"date":"2017-01-12T10:42:05","date_gmt":"2017-01-12T09:42:05","guid":{"rendered":"https:\/\/klasam.se\/?page_id=273"},"modified":"2026-02-05T11:46:30","modified_gmt":"2026-02-05T10:46:30","slug":"projekt-rebus","status":"publish","type":"page","link":"https:\/\/klasam.se\/klasam\/startsida\/projekt-rebus\/","title":{"rendered":"Finansierade individinsatser"},"content":{"rendered":"<p>Hagfors och Munkfors har beviljats medel att, tillsammans med Arbetsf\u00f6rmedlingen, F\u00f6rs\u00e4kringskassan och Region V\u00e4rmland driva individinsatserna Rebus Hagfors och Modus Munkfors. M\u00e5let med insatserna \u00e4r att deltagare skall n\u00e4rma sig eller n\u00e5 egen f\u00f6rs\u00f6rjning.<\/p>\n<p>&nbsp;<\/p>\n<p>&nbsp;<\/p>\n<p>&nbsp;<\/p>\n\n\n<figure class=\"wp-block-image size-large is-resized\"><img loading=\"lazy\" decoding=\"async\" width=\"1024\" height=\"622\" src=\"https:\/\/klasam.se\/klasam\/wp-content\/uploads\/sites\/1\/2024\/04\/Kompass-i-hand-1024x622.jpg\" alt=\"\" class=\"wp-image-2277\" style=\"width:529px;height:auto\" srcset=\"https:\/\/klasam.se\/klasam\/wp-content\/uploads\/sites\/1\/2024\/04\/Kompass-i-hand-1024x622.jpg 1024w, https:\/\/klasam.se\/klasam\/wp-content\/uploads\/sites\/1\/2024\/04\/Kompass-i-hand-300x182.jpg 300w, https:\/\/klasam.se\/klasam\/wp-content\/uploads\/sites\/1\/2024\/04\/Kompass-i-hand-768x466.jpg 768w, https:\/\/klasam.se\/klasam\/wp-content\/uploads\/sites\/1\/2024\/04\/Kompass-i-hand.jpg 1280w\" sizes=\"auto, (max-width: 1024px) 100vw, 1024px\" \/><\/figure>\n","protected":false},"excerpt":{"rendered":"<p>Hagfors och Munkfors har beviljats medel att, tillsammans med Arbetsf\u00f6rmedlingen, F\u00f6rs\u00e4kringskassan och Region V\u00e4rmland driva individinsatserna Rebus Hagfors och Modus Munkfors. M\u00e5let med insatserna \u00e4r att deltagare skall n\u00e4rma sig eller n\u00e5 egen f\u00f6rs\u00f6rjning. &nbsp; &nbsp; &nbsp;<\/p>\n","protected":false},"author":4,"featured_media":0,"parent":169,"menu_order":0,"comment_status":"closed","ping_status":"closed","template":"","meta":{"footnotes":""},"class_list":["post-273","page","type-page","status-publish","hentry"],"yoast_head":"<!-- This site is optimized with the Yoast SEO plugin v27.3 - https:\/\/yoast.com\/product\/yoast-seo-wordpress\/ -->\n<title>Finansierade individinsatser - Klar\u00e4lvdalens Samordningsf\u00f6rbund<\/title>\n<meta name=\"robots\" content=\"index, follow, max-snippet:-1, max-image-preview:large, max-video-preview:-1\" \/>\n<link rel=\"canonical\" href=\"https:\/\/klasam.se\/klasam\/startsida\/projekt-rebus\/\" \/>\n<meta property=\"og:locale\" content=\"sv_SE\" \/>\n<meta property=\"og:type\" content=\"article\" \/>\n<meta property=\"og:title\" content=\"Finansierade individinsatser - Klar\u00e4lvdalens Samordningsf\u00f6rbund\" \/>\n<meta property=\"og:description\" content=\"Hagfors och Munkfors har beviljats medel att, tillsammans med Arbetsf\u00f6rmedlingen, F\u00f6rs\u00e4kringskassan och Region V\u00e4rmland driva individinsatserna Rebus Hagfors och Modus Munkfors. M\u00e5let med insatserna \u00e4r att deltagare skall n\u00e4rma sig eller n\u00e5 egen f\u00f6rs\u00f6rjning. &nbsp; &nbsp; &nbsp;\" \/>\n<meta property=\"og:url\" content=\"https:\/\/klasam.se\/klasam\/startsida\/projekt-rebus\/\" \/>\n<meta property=\"og:site_name\" content=\"Klar\u00e4lvdalens Samordningsf\u00f6rbund\" \/>\n<meta property=\"article:modified_time\" content=\"2026-02-05T10:46:30+00:00\" \/>\n<meta property=\"og:image\" content=\"https:\/\/klasam.se\/klasam\/wp-content\/uploads\/sites\/1\/2024\/04\/Kompass-i-hand.jpg\" \/>\n\t<meta property=\"og:image:width\" content=\"1280\" \/>\n\t<meta property=\"og:image:height\" content=\"777\" \/>\n\t<meta property=\"og:image:type\" content=\"image\/jpeg\" \/>\n<meta name=\"twitter:card\" content=\"summary_large_image\" \/>\n<meta name=\"twitter:label1\" content=\"Ber\u00e4knad l\u00e4stid\" \/>\n\t<meta name=\"twitter:data1\" content=\"1 minut\" \/>\n<script type=\"application\/ld+json\" class=\"yoast-schema-graph\">{\"@context\":\"https:\\\/\\\/schema.org\",\"@graph\":[{\"@type\":\"WebPage\",\"@id\":\"https:\\\/\\\/klasam.se\\\/klasam\\\/startsida\\\/projekt-rebus\\\/\",\"url\":\"https:\\\/\\\/klasam.se\\\/klasam\\\/startsida\\\/projekt-rebus\\\/\",\"name\":\"Finansierade individinsatser - Klar\u00e4lvdalens Samordningsf\u00f6rbund\",\"isPartOf\":{\"@id\":\"https:\\\/\\\/klasam.se\\\/klasam\\\/#website\"},\"primaryImageOfPage\":{\"@id\":\"https:\\\/\\\/klasam.se\\\/klasam\\\/startsida\\\/projekt-rebus\\\/#primaryimage\"},\"image\":{\"@id\":\"https:\\\/\\\/klasam.se\\\/klasam\\\/startsida\\\/projekt-rebus\\\/#primaryimage\"},\"thumbnailUrl\":\"https:\\\/\\\/klasam.se\\\/klasam\\\/wp-content\\\/uploads\\\/sites\\\/1\\\/2024\\\/04\\\/Kompass-i-hand-1024x622.jpg\",\"datePublished\":\"2017-01-12T09:42:05+00:00\",\"dateModified\":\"2026-02-05T10:46:30+00:00\",\"breadcrumb\":{\"@id\":\"https:\\\/\\\/klasam.se\\\/klasam\\\/startsida\\\/projekt-rebus\\\/#breadcrumb\"},\"inLanguage\":\"sv-SE\",\"potentialAction\":[{\"@type\":\"ReadAction\",\"target\":[\"https:\\\/\\\/klasam.se\\\/klasam\\\/startsida\\\/projekt-rebus\\\/\"]}]},{\"@type\":\"ImageObject\",\"inLanguage\":\"sv-SE\",\"@id\":\"https:\\\/\\\/klasam.se\\\/klasam\\\/startsida\\\/projekt-rebus\\\/#primaryimage\",\"url\":\"https:\\\/\\\/klasam.se\\\/klasam\\\/wp-content\\\/uploads\\\/sites\\\/1\\\/2024\\\/04\\\/Kompass-i-hand.jpg\",\"contentUrl\":\"https:\\\/\\\/klasam.se\\\/klasam\\\/wp-content\\\/uploads\\\/sites\\\/1\\\/2024\\\/04\\\/Kompass-i-hand.jpg\",\"width\":1280,\"height\":777},{\"@type\":\"BreadcrumbList\",\"@id\":\"https:\\\/\\\/klasam.se\\\/klasam\\\/startsida\\\/projekt-rebus\\\/#breadcrumb\",\"itemListElement\":[{\"@type\":\"ListItem\",\"position\":1,\"name\":\"Home\",\"item\":\"https:\\\/\\\/klasam.se\\\/klasam\\\/\"},{\"@type\":\"ListItem\",\"position\":2,\"name\":\"V\u00e5ra gemensamma insatser leder till utveckling och arbete\",\"item\":\"https:\\\/\\\/klasam.se\\\/klasam\\\/\"},{\"@type\":\"ListItem\",\"position\":3,\"name\":\"Finansierade individinsatser\"}]},{\"@type\":\"WebSite\",\"@id\":\"https:\\\/\\\/klasam.se\\\/klasam\\\/#website\",\"url\":\"https:\\\/\\\/klasam.se\\\/klasam\\\/\",\"name\":\"Klar\u00e4lvdalens Samordningsf\u00f6rbund\",\"description\":\"Arbete och nya m\u00f6jligheter f\u00f6r alla\",\"publisher\":{\"@id\":\"https:\\\/\\\/klasam.se\\\/klasam\\\/#organization\"},\"potentialAction\":[{\"@type\":\"SearchAction\",\"target\":{\"@type\":\"EntryPoint\",\"urlTemplate\":\"https:\\\/\\\/klasam.se\\\/klasam\\\/?s={search_term_string}\"},\"query-input\":{\"@type\":\"PropertyValueSpecification\",\"valueRequired\":true,\"valueName\":\"search_term_string\"}}],\"inLanguage\":\"sv-SE\"},{\"@type\":\"Organization\",\"@id\":\"https:\\\/\\\/klasam.se\\\/klasam\\\/#organization\",\"name\":\"Klar\u00e4lvdalens Samordningsf\u00f6rbund\",\"url\":\"https:\\\/\\\/klasam.se\\\/klasam\\\/\",\"logo\":{\"@type\":\"ImageObject\",\"inLanguage\":\"sv-SE\",\"@id\":\"https:\\\/\\\/klasam.se\\\/klasam\\\/#\\\/schema\\\/logo\\\/image\\\/\",\"url\":\"https:\\\/\\\/klasam.se\\\/klasam\\\/wp-content\\\/uploads\\\/sites\\\/1\\\/2024\\\/06\\\/Klaralvdalens-Samordningsforbund-Logotyp-Liggande-750-Transparant.png\",\"contentUrl\":\"https:\\\/\\\/klasam.se\\\/klasam\\\/wp-content\\\/uploads\\\/sites\\\/1\\\/2024\\\/06\\\/Klaralvdalens-Samordningsforbund-Logotyp-Liggande-750-Transparant.png\",\"width\":750,\"height\":216,\"caption\":\"Klar\u00e4lvdalens Samordningsf\u00f6rbund\"},\"image\":{\"@id\":\"https:\\\/\\\/klasam.se\\\/klasam\\\/#\\\/schema\\\/logo\\\/image\\\/\"}}]}<\/script>\n<!-- \/ Yoast SEO plugin. -->","yoast_head_json":{"title":"Finansierade individinsatser - Klar\u00e4lvdalens Samordningsf\u00f6rbund","robots":{"index":"index","follow":"follow","max-snippet":"max-snippet:-1","max-image-preview":"max-image-preview:large","max-video-preview":"max-video-preview:-1"},"canonical":"https:\/\/klasam.se\/klasam\/startsida\/projekt-rebus\/","og_locale":"sv_SE","og_type":"article","og_title":"Finansierade individinsatser - Klar\u00e4lvdalens Samordningsf\u00f6rbund","og_description":"Hagfors och Munkfors har beviljats medel att, tillsammans med Arbetsf\u00f6rmedlingen, F\u00f6rs\u00e4kringskassan och Region V\u00e4rmland driva individinsatserna Rebus Hagfors och Modus Munkfors. M\u00e5let med insatserna \u00e4r att deltagare skall n\u00e4rma sig eller n\u00e5 egen f\u00f6rs\u00f6rjning. &nbsp; &nbsp; &nbsp;","og_url":"https:\/\/klasam.se\/klasam\/startsida\/projekt-rebus\/","og_site_name":"Klar\u00e4lvdalens Samordningsf\u00f6rbund","article_modified_time":"2026-02-05T10:46:30+00:00","og_image":[{"width":1280,"height":777,"url":"https:\/\/klasam.se\/klasam\/wp-content\/uploads\/sites\/1\/2024\/04\/Kompass-i-hand.jpg","type":"image\/jpeg"}],"twitter_card":"summary_large_image","twitter_misc":{"Ber\u00e4knad l\u00e4stid":"1 minut"},"schema":{"@context":"https:\/\/schema.org","@graph":[{"@type":"WebPage","@id":"https:\/\/klasam.se\/klasam\/startsida\/projekt-rebus\/","url":"https:\/\/klasam.se\/klasam\/startsida\/projekt-rebus\/","name":"Finansierade individinsatser - Klar\u00e4lvdalens Samordningsf\u00f6rbund","isPartOf":{"@id":"https:\/\/klasam.se\/klasam\/#website"},"primaryImageOfPage":{"@id":"https:\/\/klasam.se\/klasam\/startsida\/projekt-rebus\/#primaryimage"},"image":{"@id":"https:\/\/klasam.se\/klasam\/startsida\/projekt-rebus\/#primaryimage"},"thumbnailUrl":"https:\/\/klasam.se\/klasam\/wp-content\/uploads\/sites\/1\/2024\/04\/Kompass-i-hand-1024x622.jpg","datePublished":"2017-01-12T09:42:05+00:00","dateModified":"2026-02-05T10:46:30+00:00","breadcrumb":{"@id":"https:\/\/klasam.se\/klasam\/startsida\/projekt-rebus\/#breadcrumb"},"inLanguage":"sv-SE","potentialAction":[{"@type":"ReadAction","target":["https:\/\/klasam.se\/klasam\/startsida\/projekt-rebus\/"]}]},{"@type":"ImageObject","inLanguage":"sv-SE","@id":"https:\/\/klasam.se\/klasam\/startsida\/projekt-rebus\/#primaryimage","url":"https:\/\/klasam.se\/klasam\/wp-content\/uploads\/sites\/1\/2024\/04\/Kompass-i-hand.jpg","contentUrl":"https:\/\/klasam.se\/klasam\/wp-content\/uploads\/sites\/1\/2024\/04\/Kompass-i-hand.jpg","width":1280,"height":777},{"@type":"BreadcrumbList","@id":"https:\/\/klasam.se\/klasam\/startsida\/projekt-rebus\/#breadcrumb","itemListElement":[{"@type":"ListItem","position":1,"name":"Home","item":"https:\/\/klasam.se\/klasam\/"},{"@type":"ListItem","position":2,"name":"V\u00e5ra gemensamma insatser leder till utveckling och arbete","item":"https:\/\/klasam.se\/klasam\/"},{"@type":"ListItem","position":3,"name":"Finansierade individinsatser"}]},{"@type":"WebSite","@id":"https:\/\/klasam.se\/klasam\/#website","url":"https:\/\/klasam.se\/klasam\/","name":"Klar\u00e4lvdalens Samordningsf\u00f6rbund","description":"Arbete och nya m\u00f6jligheter f\u00f6r alla","publisher":{"@id":"https:\/\/klasam.se\/klasam\/#organization"},"potentialAction":[{"@type":"SearchAction","target":{"@type":"EntryPoint","urlTemplate":"https:\/\/klasam.se\/klasam\/?s={search_term_string}"},"query-input":{"@type":"PropertyValueSpecification","valueRequired":true,"valueName":"search_term_string"}}],"inLanguage":"sv-SE"},{"@type":"Organization","@id":"https:\/\/klasam.se\/klasam\/#organization","name":"Klar\u00e4lvdalens Samordningsf\u00f6rbund","url":"https:\/\/klasam.se\/klasam\/","logo":{"@type":"ImageObject","inLanguage":"sv-SE","@id":"https:\/\/klasam.se\/klasam\/#\/schema\/logo\/image\/","url":"https:\/\/klasam.se\/klasam\/wp-content\/uploads\/sites\/1\/2024\/06\/Klaralvdalens-Samordningsforbund-Logotyp-Liggande-750-Transparant.png","contentUrl":"https:\/\/klasam.se\/klasam\/wp-content\/uploads\/sites\/1\/2024\/06\/Klaralvdalens-Samordningsforbund-Logotyp-Liggande-750-Transparant.png","width":750,"height":216,"caption":"Klar\u00e4lvdalens Samordningsf\u00f6rbund"},"image":{"@id":"https:\/\/klasam.se\/klasam\/#\/schema\/logo\/image\/"}}]}},"_links":{"self":[{"href":"https:\/\/klasam.se\/klasam\/wp-json\/wp\/v2\/pages\/273","targetHints":{"allow":["GET"]}}],"collection":[{"href":"https:\/\/klasam.se\/klasam\/wp-json\/wp\/v2\/pages"}],"about":[{"href":"https:\/\/klasam.se\/klasam\/wp-json\/wp\/v2\/types\/page"}],"author":[{"embeddable":true,"href":"https:\/\/klasam.se\/klasam\/wp-json\/wp\/v2\/users\/4"}],"replies":[{"embeddable":true,"href":"https:\/\/klasam.se\/klasam\/wp-json\/wp\/v2\/comments?post=273"}],"version-history":[{"count":48,"href":"https:\/\/klasam.se\/klasam\/wp-json\/wp\/v2\/pages\/273\/revisions"}],"predecessor-version":[{"id":2547,"href":"https:\/\/klasam.se\/klasam\/wp-json\/wp\/v2\/pages\/273\/revisions\/2547"}],"up":[{"embeddable":true,"href":"https:\/\/klasam.se\/klasam\/wp-json\/wp\/v2\/pages\/169"}],"wp:attachment":[{"href":"https:\/\/klasam.se\/klasam\/wp-json\/wp\/v2\/media?parent=273"}],"curies":[{"name":"wp","href":"https:\/\/api.w.org\/{rel}","templated":true}]}}