{"id":2549,"date":"2026-02-10T10:37:01","date_gmt":"2026-02-10T09:37:01","guid":{"rendered":"https:\/\/klasam.se\/klasam\/?page_id=2549"},"modified":"2026-02-10T10:37:38","modified_gmt":"2026-02-10T09:37:38","slug":"rebus-hagfors","status":"publish","type":"page","link":"https:\/\/klasam.se\/klasam\/rebus-hagfors\/","title":{"rendered":"Rebus Hagfors"},"content":{"rendered":"\n<p>Hagfors kommun har beviljats medel att, tillsammans med Arbetsf\u00f6rmedlingen, F\u00f6rs\u00e4kringskassan och Region V\u00e4rmland driva insatsen Rebus Hagfors.<\/p>\n\n\n\n<p>Syftet med Rebus \u00e4r att med hj\u00e4lp av individinriktade insatser f\u00f6r personer i behov av samordnad rehabilitering ge dem m\u00f6jlighet att n\u00e5 egen f\u00f6rs\u00f6rjning eller g\u00e5 vidare till studier. Parallella, samordnade insatser d\u00e4r flera insatser l\u00e4ggs in p\u00e5 en g\u00e5ng \u2013 och d\u00e4r den jobbfokuserade insatsen ing\u00e5r \u2013 skapar mest utveckling\/progression.<br><br>Deltagaren skall n\u00e4rma sig eller n\u00e5 egen f\u00f6rs\u00f6rjning genom uppr\u00e4ttade delm\u00e5l samt \u00f6vergripande slutm\u00e5l (uppdraget). 80% skall, m\u00e4tt mot uppsatta delm\u00e5l och m\u00e5l, gjort en stegf\u00f6rflyttning vid avslut. 45% av dessa skall vid avslut n\u00e5tt m\u00e5let arbete, studier eller ev. sjukers\u00e4ttning.<br><br>Indirekta effektm\u00e5l \u00e4r \u00f6kat v\u00e4lbefinnande och upplevd livskvalitet f\u00f6r deltagaren samt att f\u00f6rhindra rundg\u00e5ng mellan parterna. Individen ska hamna r\u00e4tt i v\u00e4lf\u00e4rdssystemet. 80 % skall, m\u00e4tt mot enk\u00e4tsvar, uppge upplevt \u00f6kat v\u00e4lbefinnande samt vid avslut fastst\u00e4llt en handlingsplan om inte arbete och studier \u00e4r aktuellt vid avslut.<br><br>Arbetslinjen \u00e4r tydlig, parterna beh\u00f6ver f\u00e5 en samsyn kring begreppet arbetsf\u00f6rm\u00e5ga och rehabilitering. De individer som beh\u00f6ver samordnad rehabilitering kan b\u00e5de ha fysiska, psykiska, sociala och arbetsm\u00e4ssiga sv\u00e5righeter.<br>Personerna skall vid inskrivning vara aktuella hos minst tv\u00e5 av parterna i f\u00f6rbundet.<\/p>\n\n\n\n<p>Kontakt:<\/p>\n\n\n\n<p>Ann-Sofie Ronacher, projekt\u00e4gare Rebus Hagfors telefon: 0563-188 03,\u00a0<a href=\"mailto:madelene.andersson@munkfors.se\">ann-sofie.ronacher@hagfors.se<\/a><\/p>\n\n\n\n<p>Ir\u00e9ne Wedholm, projektledare Rebus Hagfors telefon: 070-254 73 13<\/p>\n\n\n\n<p>L\u00e4nk till Rebus Hagfors, p\u00e5 kommunens hemsida: https:\/\/www.hagfors.se\/undersidor\/stod-och-omsorg\/klaralvdalens-samordningsforbund.html<\/p>\n\n\n\n<figure class=\"wp-block-image size-full\"><img loading=\"lazy\" decoding=\"async\" width=\"1920\" height=\"1563\" src=\"https:\/\/klasam.se\/klasam\/wp-content\/uploads\/sites\/1\/2022\/12\/puzzle-pieces-gc138b784f_1920.jpg\" alt=\"\" class=\"wp-image-2028\" srcset=\"https:\/\/klasam.se\/klasam\/wp-content\/uploads\/sites\/1\/2022\/12\/puzzle-pieces-gc138b784f_1920.jpg 1920w, https:\/\/klasam.se\/klasam\/wp-content\/uploads\/sites\/1\/2022\/12\/puzzle-pieces-gc138b784f_1920-300x244.jpg 300w, https:\/\/klasam.se\/klasam\/wp-content\/uploads\/sites\/1\/2022\/12\/puzzle-pieces-gc138b784f_1920-1024x834.jpg 1024w, https:\/\/klasam.se\/klasam\/wp-content\/uploads\/sites\/1\/2022\/12\/puzzle-pieces-gc138b784f_1920-768x625.jpg 768w, https:\/\/klasam.se\/klasam\/wp-content\/uploads\/sites\/1\/2022\/12\/puzzle-pieces-gc138b784f_1920-1536x1250.jpg 1536w\" sizes=\"auto, (max-width: 1920px) 100vw, 1920px\" \/><\/figure>\n","protected":false},"excerpt":{"rendered":"<p>Hagfors kommun har beviljats medel att, tillsammans med Arbetsf\u00f6rmedlingen, F\u00f6rs\u00e4kringskassan och Region V\u00e4rmland driva insatsen Rebus Hagfors. Syftet med Rebus \u00e4r att med hj\u00e4lp av individinriktade insatser f\u00f6r personer i behov av samordnad rehabilitering ge dem m\u00f6jlighet att n\u00e5 egen f\u00f6rs\u00f6rjning eller g\u00e5 vidare till studier. Parallella, samordnade insatser d\u00e4r flera insatser l\u00e4ggs in p\u00e5 [&hellip;]<\/p>\n","protected":false},"author":7,"featured_media":0,"parent":0,"menu_order":0,"comment_status":"closed","ping_status":"closed","template":"","meta":{"footnotes":""},"class_list":["post-2549","page","type-page","status-publish","hentry"],"yoast_head":"<!-- This site is optimized with the Yoast SEO plugin v27.3 - https:\/\/yoast.com\/product\/yoast-seo-wordpress\/ -->\n<title>Rebus Hagfors - Klar\u00e4lvdalens Samordningsf\u00f6rbund<\/title>\n<meta name=\"robots\" content=\"index, follow, max-snippet:-1, max-image-preview:large, max-video-preview:-1\" \/>\n<link rel=\"canonical\" href=\"https:\/\/klasam.se\/klasam\/rebus-hagfors\/\" \/>\n<meta property=\"og:locale\" content=\"sv_SE\" \/>\n<meta property=\"og:type\" content=\"article\" \/>\n<meta property=\"og:title\" content=\"Rebus Hagfors - Klar\u00e4lvdalens Samordningsf\u00f6rbund\" \/>\n<meta property=\"og:description\" content=\"Hagfors kommun har beviljats medel att, tillsammans med Arbetsf\u00f6rmedlingen, F\u00f6rs\u00e4kringskassan och Region V\u00e4rmland driva insatsen Rebus Hagfors. Syftet med Rebus \u00e4r att med hj\u00e4lp av individinriktade insatser f\u00f6r personer i behov av samordnad rehabilitering ge dem m\u00f6jlighet att n\u00e5 egen f\u00f6rs\u00f6rjning eller g\u00e5 vidare till studier. Parallella, samordnade insatser d\u00e4r flera insatser l\u00e4ggs in p\u00e5 [&hellip;]\" \/>\n<meta property=\"og:url\" content=\"https:\/\/klasam.se\/klasam\/rebus-hagfors\/\" \/>\n<meta property=\"og:site_name\" content=\"Klar\u00e4lvdalens Samordningsf\u00f6rbund\" \/>\n<meta property=\"article:modified_time\" content=\"2026-02-10T09:37:38+00:00\" \/>\n<meta property=\"og:image\" content=\"https:\/\/klasam.se\/klasam\/wp-content\/uploads\/sites\/1\/2022\/12\/puzzle-pieces-gc138b784f_1920.jpg\" \/>\n\t<meta property=\"og:image:width\" content=\"1920\" \/>\n\t<meta property=\"og:image:height\" content=\"1563\" \/>\n\t<meta property=\"og:image:type\" content=\"image\/jpeg\" \/>\n<meta name=\"twitter:card\" content=\"summary_large_image\" \/>\n<meta name=\"twitter:label1\" content=\"Ber\u00e4knad l\u00e4stid\" \/>\n\t<meta name=\"twitter:data1\" content=\"2 minuter\" \/>\n<script type=\"application\/ld+json\" class=\"yoast-schema-graph\">{\"@context\":\"https:\\\/\\\/schema.org\",\"@graph\":[{\"@type\":\"WebPage\",\"@id\":\"https:\\\/\\\/klasam.se\\\/klasam\\\/rebus-hagfors\\\/\",\"url\":\"https:\\\/\\\/klasam.se\\\/klasam\\\/rebus-hagfors\\\/\",\"name\":\"Rebus Hagfors - Klar\u00e4lvdalens Samordningsf\u00f6rbund\",\"isPartOf\":{\"@id\":\"https:\\\/\\\/klasam.se\\\/klasam\\\/#website\"},\"primaryImageOfPage\":{\"@id\":\"https:\\\/\\\/klasam.se\\\/klasam\\\/rebus-hagfors\\\/#primaryimage\"},\"image\":{\"@id\":\"https:\\\/\\\/klasam.se\\\/klasam\\\/rebus-hagfors\\\/#primaryimage\"},\"thumbnailUrl\":\"https:\\\/\\\/klasam.se\\\/klasam\\\/wp-content\\\/uploads\\\/sites\\\/1\\\/2022\\\/12\\\/puzzle-pieces-gc138b784f_1920.jpg\",\"datePublished\":\"2026-02-10T09:37:01+00:00\",\"dateModified\":\"2026-02-10T09:37:38+00:00\",\"breadcrumb\":{\"@id\":\"https:\\\/\\\/klasam.se\\\/klasam\\\/rebus-hagfors\\\/#breadcrumb\"},\"inLanguage\":\"sv-SE\",\"potentialAction\":[{\"@type\":\"ReadAction\",\"target\":[\"https:\\\/\\\/klasam.se\\\/klasam\\\/rebus-hagfors\\\/\"]}]},{\"@type\":\"ImageObject\",\"inLanguage\":\"sv-SE\",\"@id\":\"https:\\\/\\\/klasam.se\\\/klasam\\\/rebus-hagfors\\\/#primaryimage\",\"url\":\"https:\\\/\\\/klasam.se\\\/klasam\\\/wp-content\\\/uploads\\\/sites\\\/1\\\/2022\\\/12\\\/puzzle-pieces-gc138b784f_1920.jpg\",\"contentUrl\":\"https:\\\/\\\/klasam.se\\\/klasam\\\/wp-content\\\/uploads\\\/sites\\\/1\\\/2022\\\/12\\\/puzzle-pieces-gc138b784f_1920.jpg\",\"width\":1920,\"height\":1563},{\"@type\":\"BreadcrumbList\",\"@id\":\"https:\\\/\\\/klasam.se\\\/klasam\\\/rebus-hagfors\\\/#breadcrumb\",\"itemListElement\":[{\"@type\":\"ListItem\",\"position\":1,\"name\":\"Home\",\"item\":\"https:\\\/\\\/klasam.se\\\/klasam\\\/\"},{\"@type\":\"ListItem\",\"position\":2,\"name\":\"Rebus Hagfors\"}]},{\"@type\":\"WebSite\",\"@id\":\"https:\\\/\\\/klasam.se\\\/klasam\\\/#website\",\"url\":\"https:\\\/\\\/klasam.se\\\/klasam\\\/\",\"name\":\"Klar\u00e4lvdalens Samordningsf\u00f6rbund\",\"description\":\"Arbete och nya m\u00f6jligheter f\u00f6r alla\",\"publisher\":{\"@id\":\"https:\\\/\\\/klasam.se\\\/klasam\\\/#organization\"},\"potentialAction\":[{\"@type\":\"SearchAction\",\"target\":{\"@type\":\"EntryPoint\",\"urlTemplate\":\"https:\\\/\\\/klasam.se\\\/klasam\\\/?s={search_term_string}\"},\"query-input\":{\"@type\":\"PropertyValueSpecification\",\"valueRequired\":true,\"valueName\":\"search_term_string\"}}],\"inLanguage\":\"sv-SE\"},{\"@type\":\"Organization\",\"@id\":\"https:\\\/\\\/klasam.se\\\/klasam\\\/#organization\",\"name\":\"Klar\u00e4lvdalens Samordningsf\u00f6rbund\",\"url\":\"https:\\\/\\\/klasam.se\\\/klasam\\\/\",\"logo\":{\"@type\":\"ImageObject\",\"inLanguage\":\"sv-SE\",\"@id\":\"https:\\\/\\\/klasam.se\\\/klasam\\\/#\\\/schema\\\/logo\\\/image\\\/\",\"url\":\"https:\\\/\\\/klasam.se\\\/klasam\\\/wp-content\\\/uploads\\\/sites\\\/1\\\/2024\\\/06\\\/Klaralvdalens-Samordningsforbund-Logotyp-Liggande-750-Transparant.png\",\"contentUrl\":\"https:\\\/\\\/klasam.se\\\/klasam\\\/wp-content\\\/uploads\\\/sites\\\/1\\\/2024\\\/06\\\/Klaralvdalens-Samordningsforbund-Logotyp-Liggande-750-Transparant.png\",\"width\":750,\"height\":216,\"caption\":\"Klar\u00e4lvdalens Samordningsf\u00f6rbund\"},\"image\":{\"@id\":\"https:\\\/\\\/klasam.se\\\/klasam\\\/#\\\/schema\\\/logo\\\/image\\\/\"}}]}<\/script>\n<!-- \/ Yoast SEO plugin. -->","yoast_head_json":{"title":"Rebus Hagfors - Klar\u00e4lvdalens Samordningsf\u00f6rbund","robots":{"index":"index","follow":"follow","max-snippet":"max-snippet:-1","max-image-preview":"max-image-preview:large","max-video-preview":"max-video-preview:-1"},"canonical":"https:\/\/klasam.se\/klasam\/rebus-hagfors\/","og_locale":"sv_SE","og_type":"article","og_title":"Rebus Hagfors - Klar\u00e4lvdalens Samordningsf\u00f6rbund","og_description":"Hagfors kommun har beviljats medel att, tillsammans med Arbetsf\u00f6rmedlingen, F\u00f6rs\u00e4kringskassan och Region V\u00e4rmland driva insatsen Rebus Hagfors. Syftet med Rebus \u00e4r att med hj\u00e4lp av individinriktade insatser f\u00f6r personer i behov av samordnad rehabilitering ge dem m\u00f6jlighet att n\u00e5 egen f\u00f6rs\u00f6rjning eller g\u00e5 vidare till studier. Parallella, samordnade insatser d\u00e4r flera insatser l\u00e4ggs in p\u00e5 [&hellip;]","og_url":"https:\/\/klasam.se\/klasam\/rebus-hagfors\/","og_site_name":"Klar\u00e4lvdalens Samordningsf\u00f6rbund","article_modified_time":"2026-02-10T09:37:38+00:00","og_image":[{"width":1920,"height":1563,"url":"https:\/\/klasam.se\/klasam\/wp-content\/uploads\/sites\/1\/2022\/12\/puzzle-pieces-gc138b784f_1920.jpg","type":"image\/jpeg"}],"twitter_card":"summary_large_image","twitter_misc":{"Ber\u00e4knad l\u00e4stid":"2 minuter"},"schema":{"@context":"https:\/\/schema.org","@graph":[{"@type":"WebPage","@id":"https:\/\/klasam.se\/klasam\/rebus-hagfors\/","url":"https:\/\/klasam.se\/klasam\/rebus-hagfors\/","name":"Rebus Hagfors - Klar\u00e4lvdalens Samordningsf\u00f6rbund","isPartOf":{"@id":"https:\/\/klasam.se\/klasam\/#website"},"primaryImageOfPage":{"@id":"https:\/\/klasam.se\/klasam\/rebus-hagfors\/#primaryimage"},"image":{"@id":"https:\/\/klasam.se\/klasam\/rebus-hagfors\/#primaryimage"},"thumbnailUrl":"https:\/\/klasam.se\/klasam\/wp-content\/uploads\/sites\/1\/2022\/12\/puzzle-pieces-gc138b784f_1920.jpg","datePublished":"2026-02-10T09:37:01+00:00","dateModified":"2026-02-10T09:37:38+00:00","breadcrumb":{"@id":"https:\/\/klasam.se\/klasam\/rebus-hagfors\/#breadcrumb"},"inLanguage":"sv-SE","potentialAction":[{"@type":"ReadAction","target":["https:\/\/klasam.se\/klasam\/rebus-hagfors\/"]}]},{"@type":"ImageObject","inLanguage":"sv-SE","@id":"https:\/\/klasam.se\/klasam\/rebus-hagfors\/#primaryimage","url":"https:\/\/klasam.se\/klasam\/wp-content\/uploads\/sites\/1\/2022\/12\/puzzle-pieces-gc138b784f_1920.jpg","contentUrl":"https:\/\/klasam.se\/klasam\/wp-content\/uploads\/sites\/1\/2022\/12\/puzzle-pieces-gc138b784f_1920.jpg","width":1920,"height":1563},{"@type":"BreadcrumbList","@id":"https:\/\/klasam.se\/klasam\/rebus-hagfors\/#breadcrumb","itemListElement":[{"@type":"ListItem","position":1,"name":"Home","item":"https:\/\/klasam.se\/klasam\/"},{"@type":"ListItem","position":2,"name":"Rebus Hagfors"}]},{"@type":"WebSite","@id":"https:\/\/klasam.se\/klasam\/#website","url":"https:\/\/klasam.se\/klasam\/","name":"Klar\u00e4lvdalens Samordningsf\u00f6rbund","description":"Arbete och nya m\u00f6jligheter f\u00f6r alla","publisher":{"@id":"https:\/\/klasam.se\/klasam\/#organization"},"potentialAction":[{"@type":"SearchAction","target":{"@type":"EntryPoint","urlTemplate":"https:\/\/klasam.se\/klasam\/?s={search_term_string}"},"query-input":{"@type":"PropertyValueSpecification","valueRequired":true,"valueName":"search_term_string"}}],"inLanguage":"sv-SE"},{"@type":"Organization","@id":"https:\/\/klasam.se\/klasam\/#organization","name":"Klar\u00e4lvdalens Samordningsf\u00f6rbund","url":"https:\/\/klasam.se\/klasam\/","logo":{"@type":"ImageObject","inLanguage":"sv-SE","@id":"https:\/\/klasam.se\/klasam\/#\/schema\/logo\/image\/","url":"https:\/\/klasam.se\/klasam\/wp-content\/uploads\/sites\/1\/2024\/06\/Klaralvdalens-Samordningsforbund-Logotyp-Liggande-750-Transparant.png","contentUrl":"https:\/\/klasam.se\/klasam\/wp-content\/uploads\/sites\/1\/2024\/06\/Klaralvdalens-Samordningsforbund-Logotyp-Liggande-750-Transparant.png","width":750,"height":216,"caption":"Klar\u00e4lvdalens Samordningsf\u00f6rbund"},"image":{"@id":"https:\/\/klasam.se\/klasam\/#\/schema\/logo\/image\/"}}]}},"_links":{"self":[{"href":"https:\/\/klasam.se\/klasam\/wp-json\/wp\/v2\/pages\/2549","targetHints":{"allow":["GET"]}}],"collection":[{"href":"https:\/\/klasam.se\/klasam\/wp-json\/wp\/v2\/pages"}],"about":[{"href":"https:\/\/klasam.se\/klasam\/wp-json\/wp\/v2\/types\/page"}],"author":[{"embeddable":true,"href":"https:\/\/klasam.se\/klasam\/wp-json\/wp\/v2\/users\/7"}],"replies":[{"embeddable":true,"href":"https:\/\/klasam.se\/klasam\/wp-json\/wp\/v2\/comments?post=2549"}],"version-history":[{"count":2,"href":"https:\/\/klasam.se\/klasam\/wp-json\/wp\/v2\/pages\/2549\/revisions"}],"predecessor-version":[{"id":2552,"href":"https:\/\/klasam.se\/klasam\/wp-json\/wp\/v2\/pages\/2549\/revisions\/2552"}],"wp:attachment":[{"href":"https:\/\/klasam.se\/klasam\/wp-json\/wp\/v2\/media?parent=2549"}],"curies":[{"name":"wp","href":"https:\/\/api.w.org\/{rel}","templated":true}]}}