{"id":2395,"date":"2024-10-29T14:11:42","date_gmt":"2024-10-29T13:11:42","guid":{"rendered":"https:\/\/klasam.se\/klasam\/?page_id=2395"},"modified":"2025-05-15T07:36:15","modified_gmt":"2025-05-15T05:36:15","slug":"modus-munkfors","status":"publish","type":"page","link":"https:\/\/klasam.se\/klasam\/modus-munkfors\/","title":{"rendered":"MODUS Munkfors"},"content":{"rendered":"\n<p>Munkfors kommun har beviljats medel att, tillsammans med Arbetsf\u00f6rmedlingen, F\u00f6rs\u00e4kringskassan och Region V\u00e4rmland driva insatsen Modus i Munkfors.<\/p>\n\n\n\n<p>Syftet med Modus \u00e4r att med hj\u00e4lp av individinriktade insatser f\u00f6r personer i behov av samordnad rehabilitering ge dem m\u00f6jlighet att n\u00e5 egen f\u00f6rs\u00f6rjning eller g\u00e5 vidare till studier. Parallella, samordnade insatser d\u00e4r flera insatser l\u00e4ggs in p\u00e5 en g\u00e5ng &#8211; och d\u00e4r den jobbfokuserade insatsen ing\u00e5r &#8211; skapar mest utveckling\/progression.<br><br>Deltagaren skall n\u00e4rma sig eller n\u00e5 egen f\u00f6rs\u00f6rjning genom uppr\u00e4ttade delm\u00e5l samt \u00f6vergripande slutm\u00e5l (uppdraget). 80% skall, m\u00e4tt mot uppsatta delm\u00e5l och m\u00e5l, gjort en stegf\u00f6rflyttning vid avslut. 45% av dessa skall vid avslut n\u00e5tt m\u00e5let arbete, studier eller ev. sjukers\u00e4ttning.<br><br>Indirekta effektm\u00e5l \u00e4r \u00f6kat v\u00e4lbefinnande och upplevd livskvalitet f\u00f6r deltagaren samt att f\u00f6rhindra rundg\u00e5ng mellan parterna. Individen ska hamna r\u00e4tt i v\u00e4lf\u00e4rdssystemet. 80 % skall, m\u00e4tt mot enk\u00e4tsvar, uppge upplevt \u00f6kat v\u00e4lbefinnande samt vid avslut fastst\u00e4llt en handlingsplan om inte arbete och studier \u00e4r aktuellt vid avslut.<br><br>Arbetslinjen \u00e4r tydlig, parterna beh\u00f6ver f\u00e5 en samsyn kring begreppet arbetsf\u00f6rm\u00e5ga och rehabilitering. De individer som beh\u00f6ver samordnad rehabilitering kan b\u00e5de ha fysiska, psykiska, sociala och arbetsm\u00e4ssiga sv\u00e5righeter.<br>Personerna skall vid inskrivning vara aktuella hos minst tv\u00e5 av parterna i f\u00f6rbundet.<\/p>\n\n\n\n<p>Kontakt: <\/p>\n\n\n\n<p>Madelene Andersson, projekt\u00e4gare Modus Munkfors telefon: 0563-54 12 44, <a href=\"mailto:madelene.andersson@munkfors.se\">madelene.andersson@munkfors.se<\/a><\/p>\n\n\n\n<p>Kristina Andersson, projektledare Modus Munkfors telefon: 0563: 54 12 13<\/p>\n\n\n\n<p>L\u00e4nk till Modus Munkfors, p\u00e5 kommunens hemsida: https:\/\/www.munkfors.se\/naringsliv-och-arbete\/arbetsloshet\/samordnad-rehabilitering-modus\/<\/p>\n\n\n\n<figure class=\"wp-block-image\"><img loading=\"lazy\" decoding=\"async\" width=\"428\" height=\"286\" src=\"https:\/\/klasam.se\/klasam\/wp-content\/uploads\/sites\/1\/2024\/10\/image-1.png\" alt=\"\" class=\"wp-image-2396\" srcset=\"https:\/\/klasam.se\/klasam\/wp-content\/uploads\/sites\/1\/2024\/10\/image-1.png 428w, https:\/\/klasam.se\/klasam\/wp-content\/uploads\/sites\/1\/2024\/10\/image-1-300x200.png 300w\" sizes=\"auto, (max-width: 428px) 100vw, 428px\" \/><\/figure>\n\n\n\n<p>Broschyr<\/p>\n\n\n\n<div data-wp-interactive=\"core\/file\" class=\"wp-block-file\"><object data-wp-bind--hidden=\"!state.hasPdfPreview\" hidden class=\"wp-block-file__embed\" data=\"https:\/\/klasam.se\/klasam\/wp-content\/uploads\/sites\/1\/2025\/04\/Broschyr-Modus.pdf\" type=\"application\/pdf\" style=\"width:100%;height:600px\" aria-label=\"Inb\u00e4ddning av Broschyr - Modus.\"><\/object><a id=\"wp-block-file--media-b7c9cdd4-c540-41cb-b940-3990203f509d\" href=\"https:\/\/klasam.se\/klasam\/wp-content\/uploads\/sites\/1\/2025\/04\/Broschyr-Modus.pdf\">Broschyr &#8211; Modus<\/a><a href=\"https:\/\/klasam.se\/klasam\/wp-content\/uploads\/sites\/1\/2025\/04\/Broschyr-Modus.pdf\" class=\"wp-block-file__button wp-element-button\" download aria-describedby=\"wp-block-file--media-b7c9cdd4-c540-41cb-b940-3990203f509d\">Ladda ner<\/a><\/div>\n","protected":false},"excerpt":{"rendered":"<p>Munkfors kommun har beviljats medel att, tillsammans med Arbetsf\u00f6rmedlingen, F\u00f6rs\u00e4kringskassan och Region V\u00e4rmland driva insatsen Modus i Munkfors. Syftet med Modus \u00e4r att med hj\u00e4lp av individinriktade insatser f\u00f6r personer i behov av samordnad rehabilitering ge dem m\u00f6jlighet att n\u00e5 egen f\u00f6rs\u00f6rjning eller g\u00e5 vidare till studier. Parallella, samordnade insatser d\u00e4r flera insatser l\u00e4ggs in [&hellip;]<\/p>\n","protected":false},"author":7,"featured_media":0,"parent":0,"menu_order":0,"comment_status":"closed","ping_status":"closed","template":"","meta":{"footnotes":""},"class_list":["post-2395","page","type-page","status-publish","hentry"],"yoast_head":"<!-- This site is optimized with the Yoast SEO plugin v27.3 - https:\/\/yoast.com\/product\/yoast-seo-wordpress\/ -->\n<title>MODUS Munkfors - Klar\u00e4lvdalens Samordningsf\u00f6rbund<\/title>\n<meta name=\"robots\" content=\"index, follow, max-snippet:-1, max-image-preview:large, max-video-preview:-1\" \/>\n<link rel=\"canonical\" href=\"https:\/\/klasam.se\/klasam\/modus-munkfors\/\" \/>\n<meta property=\"og:locale\" content=\"sv_SE\" \/>\n<meta property=\"og:type\" content=\"article\" \/>\n<meta property=\"og:title\" content=\"MODUS Munkfors - Klar\u00e4lvdalens Samordningsf\u00f6rbund\" \/>\n<meta property=\"og:description\" content=\"Munkfors kommun har beviljats medel att, tillsammans med Arbetsf\u00f6rmedlingen, F\u00f6rs\u00e4kringskassan och Region V\u00e4rmland driva insatsen Modus i Munkfors. Syftet med Modus \u00e4r att med hj\u00e4lp av individinriktade insatser f\u00f6r personer i behov av samordnad rehabilitering ge dem m\u00f6jlighet att n\u00e5 egen f\u00f6rs\u00f6rjning eller g\u00e5 vidare till studier. Parallella, samordnade insatser d\u00e4r flera insatser l\u00e4ggs in [&hellip;]\" \/>\n<meta property=\"og:url\" content=\"https:\/\/klasam.se\/klasam\/modus-munkfors\/\" \/>\n<meta property=\"og:site_name\" content=\"Klar\u00e4lvdalens Samordningsf\u00f6rbund\" \/>\n<meta property=\"article:modified_time\" content=\"2025-05-15T05:36:15+00:00\" \/>\n<meta property=\"og:image\" content=\"https:\/\/klasam.se\/klasam\/wp-content\/uploads\/sites\/1\/2024\/10\/image-1.png\" \/>\n<meta name=\"twitter:card\" content=\"summary_large_image\" \/>\n<meta name=\"twitter:label1\" content=\"Ber\u00e4knad l\u00e4stid\" \/>\n\t<meta name=\"twitter:data1\" content=\"2 minuter\" \/>\n<script type=\"application\/ld+json\" class=\"yoast-schema-graph\">{\"@context\":\"https:\\\/\\\/schema.org\",\"@graph\":[{\"@type\":\"WebPage\",\"@id\":\"https:\\\/\\\/klasam.se\\\/klasam\\\/modus-munkfors\\\/\",\"url\":\"https:\\\/\\\/klasam.se\\\/klasam\\\/modus-munkfors\\\/\",\"name\":\"MODUS Munkfors - Klar\u00e4lvdalens Samordningsf\u00f6rbund\",\"isPartOf\":{\"@id\":\"https:\\\/\\\/klasam.se\\\/klasam\\\/#website\"},\"primaryImageOfPage\":{\"@id\":\"https:\\\/\\\/klasam.se\\\/klasam\\\/modus-munkfors\\\/#primaryimage\"},\"image\":{\"@id\":\"https:\\\/\\\/klasam.se\\\/klasam\\\/modus-munkfors\\\/#primaryimage\"},\"thumbnailUrl\":\"https:\\\/\\\/klasam.se\\\/klasam\\\/wp-content\\\/uploads\\\/sites\\\/1\\\/2024\\\/10\\\/image-1.png\",\"datePublished\":\"2024-10-29T13:11:42+00:00\",\"dateModified\":\"2025-05-15T05:36:15+00:00\",\"breadcrumb\":{\"@id\":\"https:\\\/\\\/klasam.se\\\/klasam\\\/modus-munkfors\\\/#breadcrumb\"},\"inLanguage\":\"sv-SE\",\"potentialAction\":[{\"@type\":\"ReadAction\",\"target\":[\"https:\\\/\\\/klasam.se\\\/klasam\\\/modus-munkfors\\\/\"]}]},{\"@type\":\"ImageObject\",\"inLanguage\":\"sv-SE\",\"@id\":\"https:\\\/\\\/klasam.se\\\/klasam\\\/modus-munkfors\\\/#primaryimage\",\"url\":\"https:\\\/\\\/klasam.se\\\/klasam\\\/wp-content\\\/uploads\\\/sites\\\/1\\\/2024\\\/10\\\/image-1.png\",\"contentUrl\":\"https:\\\/\\\/klasam.se\\\/klasam\\\/wp-content\\\/uploads\\\/sites\\\/1\\\/2024\\\/10\\\/image-1.png\"},{\"@type\":\"BreadcrumbList\",\"@id\":\"https:\\\/\\\/klasam.se\\\/klasam\\\/modus-munkfors\\\/#breadcrumb\",\"itemListElement\":[{\"@type\":\"ListItem\",\"position\":1,\"name\":\"Home\",\"item\":\"https:\\\/\\\/klasam.se\\\/klasam\\\/\"},{\"@type\":\"ListItem\",\"position\":2,\"name\":\"MODUS Munkfors\"}]},{\"@type\":\"WebSite\",\"@id\":\"https:\\\/\\\/klasam.se\\\/klasam\\\/#website\",\"url\":\"https:\\\/\\\/klasam.se\\\/klasam\\\/\",\"name\":\"Klar\u00e4lvdalens Samordningsf\u00f6rbund\",\"description\":\"Arbete och nya m\u00f6jligheter f\u00f6r alla\",\"publisher\":{\"@id\":\"https:\\\/\\\/klasam.se\\\/klasam\\\/#organization\"},\"potentialAction\":[{\"@type\":\"SearchAction\",\"target\":{\"@type\":\"EntryPoint\",\"urlTemplate\":\"https:\\\/\\\/klasam.se\\\/klasam\\\/?s={search_term_string}\"},\"query-input\":{\"@type\":\"PropertyValueSpecification\",\"valueRequired\":true,\"valueName\":\"search_term_string\"}}],\"inLanguage\":\"sv-SE\"},{\"@type\":\"Organization\",\"@id\":\"https:\\\/\\\/klasam.se\\\/klasam\\\/#organization\",\"name\":\"Klar\u00e4lvdalens Samordningsf\u00f6rbund\",\"url\":\"https:\\\/\\\/klasam.se\\\/klasam\\\/\",\"logo\":{\"@type\":\"ImageObject\",\"inLanguage\":\"sv-SE\",\"@id\":\"https:\\\/\\\/klasam.se\\\/klasam\\\/#\\\/schema\\\/logo\\\/image\\\/\",\"url\":\"https:\\\/\\\/klasam.se\\\/klasam\\\/wp-content\\\/uploads\\\/sites\\\/1\\\/2024\\\/06\\\/Klaralvdalens-Samordningsforbund-Logotyp-Liggande-750-Transparant.png\",\"contentUrl\":\"https:\\\/\\\/klasam.se\\\/klasam\\\/wp-content\\\/uploads\\\/sites\\\/1\\\/2024\\\/06\\\/Klaralvdalens-Samordningsforbund-Logotyp-Liggande-750-Transparant.png\",\"width\":750,\"height\":216,\"caption\":\"Klar\u00e4lvdalens Samordningsf\u00f6rbund\"},\"image\":{\"@id\":\"https:\\\/\\\/klasam.se\\\/klasam\\\/#\\\/schema\\\/logo\\\/image\\\/\"}}]}<\/script>\n<!-- \/ Yoast SEO plugin. -->","yoast_head_json":{"title":"MODUS Munkfors - Klar\u00e4lvdalens Samordningsf\u00f6rbund","robots":{"index":"index","follow":"follow","max-snippet":"max-snippet:-1","max-image-preview":"max-image-preview:large","max-video-preview":"max-video-preview:-1"},"canonical":"https:\/\/klasam.se\/klasam\/modus-munkfors\/","og_locale":"sv_SE","og_type":"article","og_title":"MODUS Munkfors - Klar\u00e4lvdalens Samordningsf\u00f6rbund","og_description":"Munkfors kommun har beviljats medel att, tillsammans med Arbetsf\u00f6rmedlingen, F\u00f6rs\u00e4kringskassan och Region V\u00e4rmland driva insatsen Modus i Munkfors. Syftet med Modus \u00e4r att med hj\u00e4lp av individinriktade insatser f\u00f6r personer i behov av samordnad rehabilitering ge dem m\u00f6jlighet att n\u00e5 egen f\u00f6rs\u00f6rjning eller g\u00e5 vidare till studier. Parallella, samordnade insatser d\u00e4r flera insatser l\u00e4ggs in [&hellip;]","og_url":"https:\/\/klasam.se\/klasam\/modus-munkfors\/","og_site_name":"Klar\u00e4lvdalens Samordningsf\u00f6rbund","article_modified_time":"2025-05-15T05:36:15+00:00","og_image":[{"url":"https:\/\/klasam.se\/klasam\/wp-content\/uploads\/sites\/1\/2024\/10\/image-1.png","type":"","width":"","height":""}],"twitter_card":"summary_large_image","twitter_misc":{"Ber\u00e4knad l\u00e4stid":"2 minuter"},"schema":{"@context":"https:\/\/schema.org","@graph":[{"@type":"WebPage","@id":"https:\/\/klasam.se\/klasam\/modus-munkfors\/","url":"https:\/\/klasam.se\/klasam\/modus-munkfors\/","name":"MODUS Munkfors - Klar\u00e4lvdalens Samordningsf\u00f6rbund","isPartOf":{"@id":"https:\/\/klasam.se\/klasam\/#website"},"primaryImageOfPage":{"@id":"https:\/\/klasam.se\/klasam\/modus-munkfors\/#primaryimage"},"image":{"@id":"https:\/\/klasam.se\/klasam\/modus-munkfors\/#primaryimage"},"thumbnailUrl":"https:\/\/klasam.se\/klasam\/wp-content\/uploads\/sites\/1\/2024\/10\/image-1.png","datePublished":"2024-10-29T13:11:42+00:00","dateModified":"2025-05-15T05:36:15+00:00","breadcrumb":{"@id":"https:\/\/klasam.se\/klasam\/modus-munkfors\/#breadcrumb"},"inLanguage":"sv-SE","potentialAction":[{"@type":"ReadAction","target":["https:\/\/klasam.se\/klasam\/modus-munkfors\/"]}]},{"@type":"ImageObject","inLanguage":"sv-SE","@id":"https:\/\/klasam.se\/klasam\/modus-munkfors\/#primaryimage","url":"https:\/\/klasam.se\/klasam\/wp-content\/uploads\/sites\/1\/2024\/10\/image-1.png","contentUrl":"https:\/\/klasam.se\/klasam\/wp-content\/uploads\/sites\/1\/2024\/10\/image-1.png"},{"@type":"BreadcrumbList","@id":"https:\/\/klasam.se\/klasam\/modus-munkfors\/#breadcrumb","itemListElement":[{"@type":"ListItem","position":1,"name":"Home","item":"https:\/\/klasam.se\/klasam\/"},{"@type":"ListItem","position":2,"name":"MODUS Munkfors"}]},{"@type":"WebSite","@id":"https:\/\/klasam.se\/klasam\/#website","url":"https:\/\/klasam.se\/klasam\/","name":"Klar\u00e4lvdalens Samordningsf\u00f6rbund","description":"Arbete och nya m\u00f6jligheter f\u00f6r alla","publisher":{"@id":"https:\/\/klasam.se\/klasam\/#organization"},"potentialAction":[{"@type":"SearchAction","target":{"@type":"EntryPoint","urlTemplate":"https:\/\/klasam.se\/klasam\/?s={search_term_string}"},"query-input":{"@type":"PropertyValueSpecification","valueRequired":true,"valueName":"search_term_string"}}],"inLanguage":"sv-SE"},{"@type":"Organization","@id":"https:\/\/klasam.se\/klasam\/#organization","name":"Klar\u00e4lvdalens Samordningsf\u00f6rbund","url":"https:\/\/klasam.se\/klasam\/","logo":{"@type":"ImageObject","inLanguage":"sv-SE","@id":"https:\/\/klasam.se\/klasam\/#\/schema\/logo\/image\/","url":"https:\/\/klasam.se\/klasam\/wp-content\/uploads\/sites\/1\/2024\/06\/Klaralvdalens-Samordningsforbund-Logotyp-Liggande-750-Transparant.png","contentUrl":"https:\/\/klasam.se\/klasam\/wp-content\/uploads\/sites\/1\/2024\/06\/Klaralvdalens-Samordningsforbund-Logotyp-Liggande-750-Transparant.png","width":750,"height":216,"caption":"Klar\u00e4lvdalens Samordningsf\u00f6rbund"},"image":{"@id":"https:\/\/klasam.se\/klasam\/#\/schema\/logo\/image\/"}}]}},"_links":{"self":[{"href":"https:\/\/klasam.se\/klasam\/wp-json\/wp\/v2\/pages\/2395","targetHints":{"allow":["GET"]}}],"collection":[{"href":"https:\/\/klasam.se\/klasam\/wp-json\/wp\/v2\/pages"}],"about":[{"href":"https:\/\/klasam.se\/klasam\/wp-json\/wp\/v2\/types\/page"}],"author":[{"embeddable":true,"href":"https:\/\/klasam.se\/klasam\/wp-json\/wp\/v2\/users\/7"}],"replies":[{"embeddable":true,"href":"https:\/\/klasam.se\/klasam\/wp-json\/wp\/v2\/comments?post=2395"}],"version-history":[{"count":4,"href":"https:\/\/klasam.se\/klasam\/wp-json\/wp\/v2\/pages\/2395\/revisions"}],"predecessor-version":[{"id":2458,"href":"https:\/\/klasam.se\/klasam\/wp-json\/wp\/v2\/pages\/2395\/revisions\/2458"}],"wp:attachment":[{"href":"https:\/\/klasam.se\/klasam\/wp-json\/wp\/v2\/media?parent=2395"}],"curies":[{"name":"wp","href":"https:\/\/api.w.org\/{rel}","templated":true}]}}