{"id":169,"date":"2016-12-29T11:22:53","date_gmt":"2016-12-29T10:22:53","guid":{"rendered":"https:\/\/klasam.se\/?page_id=169"},"modified":"2024-05-31T14:12:48","modified_gmt":"2024-05-31T12:12:48","slug":"startsida","status":"publish","type":"page","link":"https:\/\/klasam.se\/klasam\/","title":{"rendered":"V\u00e5ra gemensamma insatser leder till utveckling och arbete"},"content":{"rendered":"","protected":false},"excerpt":{"rendered":"","protected":false},"author":1,"featured_media":510,"parent":0,"menu_order":0,"comment_status":"closed","ping_status":"closed","template":"templates\/home-template.php","meta":{"footnotes":""},"class_list":["post-169","page","type-page","status-publish","has-post-thumbnail","hentry"],"yoast_head":"<!-- This site is optimized with the Yoast SEO plugin v27.3 - https:\/\/yoast.com\/product\/yoast-seo-wordpress\/ -->\n<title>V\u00e5ra gemensamma insatser leder till utveckling och arbete - Klar\u00e4lvdalens Samordningsf\u00f6rbund<\/title>\n<meta name=\"robots\" content=\"index, follow, max-snippet:-1, max-image-preview:large, max-video-preview:-1\" \/>\n<link rel=\"canonical\" href=\"https:\/\/klasam.se\/klasam\/\" \/>\n<meta property=\"og:locale\" content=\"sv_SE\" \/>\n<meta property=\"og:type\" content=\"article\" \/>\n<meta property=\"og:title\" content=\"V\u00e5ra gemensamma insatser leder till utveckling och arbete - Klar\u00e4lvdalens Samordningsf\u00f6rbund\" \/>\n<meta property=\"og:url\" content=\"https:\/\/klasam.se\/klasam\/\" \/>\n<meta property=\"og:site_name\" content=\"Klar\u00e4lvdalens Samordningsf\u00f6rbund\" \/>\n<meta property=\"article:modified_time\" content=\"2024-05-31T12:12:48+00:00\" \/>\n<meta property=\"og:image\" content=\"https:\/\/klasam.se\/klasam\/wp-content\/uploads\/sites\/1\/2016\/12\/projekt.jpg\" \/>\n\t<meta property=\"og:image:width\" content=\"890\" \/>\n\t<meta property=\"og:image:height\" content=\"300\" \/>\n\t<meta property=\"og:image:type\" content=\"image\/jpeg\" \/>\n<meta name=\"twitter:card\" content=\"summary_large_image\" \/>\n<meta name=\"twitter:label1\" content=\"Ber\u00e4knad l\u00e4stid\" \/>\n\t<meta name=\"twitter:data1\" content=\"1 minut\" \/>\n<script type=\"application\/ld+json\" class=\"yoast-schema-graph\">{\"@context\":\"https:\\\/\\\/schema.org\",\"@graph\":[{\"@type\":\"WebPage\",\"@id\":\"https:\\\/\\\/klasam.se\\\/klasam\\\/\",\"url\":\"https:\\\/\\\/klasam.se\\\/klasam\\\/\",\"name\":\"V\u00e5ra gemensamma insatser leder till utveckling och arbete - Klar\u00e4lvdalens Samordningsf\u00f6rbund\",\"isPartOf\":{\"@id\":\"https:\\\/\\\/klasam.se\\\/klasam\\\/#website\"},\"primaryImageOfPage\":{\"@id\":\"https:\\\/\\\/klasam.se\\\/klasam\\\/#primaryimage\"},\"image\":{\"@id\":\"https:\\\/\\\/klasam.se\\\/klasam\\\/#primaryimage\"},\"thumbnailUrl\":\"https:\\\/\\\/klasam.se\\\/klasam\\\/wp-content\\\/uploads\\\/sites\\\/1\\\/2016\\\/12\\\/projekt.jpg\",\"datePublished\":\"2016-12-29T10:22:53+00:00\",\"dateModified\":\"2024-05-31T12:12:48+00:00\",\"breadcrumb\":{\"@id\":\"https:\\\/\\\/klasam.se\\\/klasam\\\/#breadcrumb\"},\"inLanguage\":\"sv-SE\",\"potentialAction\":[{\"@type\":\"ReadAction\",\"target\":[\"https:\\\/\\\/klasam.se\\\/klasam\\\/\"]}]},{\"@type\":\"ImageObject\",\"inLanguage\":\"sv-SE\",\"@id\":\"https:\\\/\\\/klasam.se\\\/klasam\\\/#primaryimage\",\"url\":\"https:\\\/\\\/klasam.se\\\/klasam\\\/wp-content\\\/uploads\\\/sites\\\/1\\\/2016\\\/12\\\/projekt.jpg\",\"contentUrl\":\"https:\\\/\\\/klasam.se\\\/klasam\\\/wp-content\\\/uploads\\\/sites\\\/1\\\/2016\\\/12\\\/projekt.jpg\",\"width\":890,\"height\":300},{\"@type\":\"BreadcrumbList\",\"@id\":\"https:\\\/\\\/klasam.se\\\/klasam\\\/#breadcrumb\",\"itemListElement\":[{\"@type\":\"ListItem\",\"position\":1,\"name\":\"Home\",\"item\":\"https:\\\/\\\/klasam.se\\\/klasam\\\/\"},{\"@type\":\"ListItem\",\"position\":2,\"name\":\"V\u00e5ra gemensamma insatser leder till utveckling och arbete\"}]},{\"@type\":\"WebSite\",\"@id\":\"https:\\\/\\\/klasam.se\\\/klasam\\\/#website\",\"url\":\"https:\\\/\\\/klasam.se\\\/klasam\\\/\",\"name\":\"Klar\u00e4lvdalens Samordningsf\u00f6rbund\",\"description\":\"Arbete och nya m\u00f6jligheter f\u00f6r alla\",\"publisher\":{\"@id\":\"https:\\\/\\\/klasam.se\\\/klasam\\\/#organization\"},\"potentialAction\":[{\"@type\":\"SearchAction\",\"target\":{\"@type\":\"EntryPoint\",\"urlTemplate\":\"https:\\\/\\\/klasam.se\\\/klasam\\\/?s={search_term_string}\"},\"query-input\":{\"@type\":\"PropertyValueSpecification\",\"valueRequired\":true,\"valueName\":\"search_term_string\"}}],\"inLanguage\":\"sv-SE\"},{\"@type\":\"Organization\",\"@id\":\"https:\\\/\\\/klasam.se\\\/klasam\\\/#organization\",\"name\":\"Klar\u00e4lvdalens Samordningsf\u00f6rbund\",\"url\":\"https:\\\/\\\/klasam.se\\\/klasam\\\/\",\"logo\":{\"@type\":\"ImageObject\",\"inLanguage\":\"sv-SE\",\"@id\":\"https:\\\/\\\/klasam.se\\\/klasam\\\/#\\\/schema\\\/logo\\\/image\\\/\",\"url\":\"https:\\\/\\\/klasam.se\\\/klasam\\\/wp-content\\\/uploads\\\/sites\\\/1\\\/2024\\\/06\\\/Klaralvdalens-Samordningsforbund-Logotyp-Liggande-750-Transparant.png\",\"contentUrl\":\"https:\\\/\\\/klasam.se\\\/klasam\\\/wp-content\\\/uploads\\\/sites\\\/1\\\/2024\\\/06\\\/Klaralvdalens-Samordningsforbund-Logotyp-Liggande-750-Transparant.png\",\"width\":750,\"height\":216,\"caption\":\"Klar\u00e4lvdalens Samordningsf\u00f6rbund\"},\"image\":{\"@id\":\"https:\\\/\\\/klasam.se\\\/klasam\\\/#\\\/schema\\\/logo\\\/image\\\/\"}}]}<\/script>\n<!-- \/ Yoast SEO plugin. -->","yoast_head_json":{"title":"V\u00e5ra gemensamma insatser leder till utveckling och arbete - Klar\u00e4lvdalens Samordningsf\u00f6rbund","robots":{"index":"index","follow":"follow","max-snippet":"max-snippet:-1","max-image-preview":"max-image-preview:large","max-video-preview":"max-video-preview:-1"},"canonical":"https:\/\/klasam.se\/klasam\/","og_locale":"sv_SE","og_type":"article","og_title":"V\u00e5ra gemensamma insatser leder till utveckling och arbete - Klar\u00e4lvdalens Samordningsf\u00f6rbund","og_url":"https:\/\/klasam.se\/klasam\/","og_site_name":"Klar\u00e4lvdalens Samordningsf\u00f6rbund","article_modified_time":"2024-05-31T12:12:48+00:00","og_image":[{"width":890,"height":300,"url":"https:\/\/klasam.se\/klasam\/wp-content\/uploads\/sites\/1\/2016\/12\/projekt.jpg","type":"image\/jpeg"}],"twitter_card":"summary_large_image","twitter_misc":{"Ber\u00e4knad l\u00e4stid":"1 minut"},"schema":{"@context":"https:\/\/schema.org","@graph":[{"@type":"WebPage","@id":"https:\/\/klasam.se\/klasam\/","url":"https:\/\/klasam.se\/klasam\/","name":"V\u00e5ra gemensamma insatser leder till utveckling och arbete - Klar\u00e4lvdalens Samordningsf\u00f6rbund","isPartOf":{"@id":"https:\/\/klasam.se\/klasam\/#website"},"primaryImageOfPage":{"@id":"https:\/\/klasam.se\/klasam\/#primaryimage"},"image":{"@id":"https:\/\/klasam.se\/klasam\/#primaryimage"},"thumbnailUrl":"https:\/\/klasam.se\/klasam\/wp-content\/uploads\/sites\/1\/2016\/12\/projekt.jpg","datePublished":"2016-12-29T10:22:53+00:00","dateModified":"2024-05-31T12:12:48+00:00","breadcrumb":{"@id":"https:\/\/klasam.se\/klasam\/#breadcrumb"},"inLanguage":"sv-SE","potentialAction":[{"@type":"ReadAction","target":["https:\/\/klasam.se\/klasam\/"]}]},{"@type":"ImageObject","inLanguage":"sv-SE","@id":"https:\/\/klasam.se\/klasam\/#primaryimage","url":"https:\/\/klasam.se\/klasam\/wp-content\/uploads\/sites\/1\/2016\/12\/projekt.jpg","contentUrl":"https:\/\/klasam.se\/klasam\/wp-content\/uploads\/sites\/1\/2016\/12\/projekt.jpg","width":890,"height":300},{"@type":"BreadcrumbList","@id":"https:\/\/klasam.se\/klasam\/#breadcrumb","itemListElement":[{"@type":"ListItem","position":1,"name":"Home","item":"https:\/\/klasam.se\/klasam\/"},{"@type":"ListItem","position":2,"name":"V\u00e5ra gemensamma insatser leder till utveckling och arbete"}]},{"@type":"WebSite","@id":"https:\/\/klasam.se\/klasam\/#website","url":"https:\/\/klasam.se\/klasam\/","name":"Klar\u00e4lvdalens Samordningsf\u00f6rbund","description":"Arbete och nya m\u00f6jligheter f\u00f6r alla","publisher":{"@id":"https:\/\/klasam.se\/klasam\/#organization"},"potentialAction":[{"@type":"SearchAction","target":{"@type":"EntryPoint","urlTemplate":"https:\/\/klasam.se\/klasam\/?s={search_term_string}"},"query-input":{"@type":"PropertyValueSpecification","valueRequired":true,"valueName":"search_term_string"}}],"inLanguage":"sv-SE"},{"@type":"Organization","@id":"https:\/\/klasam.se\/klasam\/#organization","name":"Klar\u00e4lvdalens Samordningsf\u00f6rbund","url":"https:\/\/klasam.se\/klasam\/","logo":{"@type":"ImageObject","inLanguage":"sv-SE","@id":"https:\/\/klasam.se\/klasam\/#\/schema\/logo\/image\/","url":"https:\/\/klasam.se\/klasam\/wp-content\/uploads\/sites\/1\/2024\/06\/Klaralvdalens-Samordningsforbund-Logotyp-Liggande-750-Transparant.png","contentUrl":"https:\/\/klasam.se\/klasam\/wp-content\/uploads\/sites\/1\/2024\/06\/Klaralvdalens-Samordningsforbund-Logotyp-Liggande-750-Transparant.png","width":750,"height":216,"caption":"Klar\u00e4lvdalens Samordningsf\u00f6rbund"},"image":{"@id":"https:\/\/klasam.se\/klasam\/#\/schema\/logo\/image\/"}}]}},"_links":{"self":[{"href":"https:\/\/klasam.se\/klasam\/wp-json\/wp\/v2\/pages\/169","targetHints":{"allow":["GET"]}}],"collection":[{"href":"https:\/\/klasam.se\/klasam\/wp-json\/wp\/v2\/pages"}],"about":[{"href":"https:\/\/klasam.se\/klasam\/wp-json\/wp\/v2\/types\/page"}],"author":[{"embeddable":true,"href":"https:\/\/klasam.se\/klasam\/wp-json\/wp\/v2\/users\/1"}],"replies":[{"embeddable":true,"href":"https:\/\/klasam.se\/klasam\/wp-json\/wp\/v2\/comments?post=169"}],"version-history":[{"count":23,"href":"https:\/\/klasam.se\/klasam\/wp-json\/wp\/v2\/pages\/169\/revisions"}],"predecessor-version":[{"id":1292,"href":"https:\/\/klasam.se\/klasam\/wp-json\/wp\/v2\/pages\/169\/revisions\/1292"}],"wp:featuredmedia":[{"embeddable":true,"href":"https:\/\/klasam.se\/klasam\/wp-json\/wp\/v2\/media\/510"}],"wp:attachment":[{"href":"https:\/\/klasam.se\/klasam\/wp-json\/wp\/v2\/media?parent=169"}],"curies":[{"name":"wp","href":"https:\/\/api.w.org\/{rel}","templated":true}]}}