{"id":1378,"date":"2021-03-30T10:51:37","date_gmt":"2021-03-30T08:51:37","guid":{"rendered":"https:\/\/klasam.se\/?page_id=1378"},"modified":"2023-11-02T11:45:50","modified_gmt":"2023-11-02T10:45:50","slug":"utbildnings-och-utvecklingsinsatser","status":"publish","type":"page","link":"https:\/\/klasam.se\/klasam\/utbildnings-och-utvecklingsinsatser\/","title":{"rendered":"Strukturinsatser"},"content":{"rendered":"\n<p><strong>Strukturinsatser <\/strong><\/p>\n\n\n\n<p>F\u00f6rbundet erbjuder medarbetare och chefer hos parterna m\u00f6jlighet till utbildnings- och utvecklingsinsatser som syftar till samsyn och kompetensutveckling inom parternas samlade ansvarsomr\u00e5de. Samordning \u00e4r p\u00e5 m\u00e5nga s\u00e4tt en unik m\u00f6jlighetslagstiftning f\u00f6r att kunna samordna resurser p\u00e5 ett effektivt s\u00e4tt. F\u00f6r att utnyttja detta p\u00e5 b\u00e4sta s\u00e4tt kr\u00e4vs kunskap. <\/p>\n\n\n\n<p>Nationella r\u00e5det erbjuder bland annat utbildning f\u00f6r f\u00f6rbundsstyrelser, chefsgrupper och andra intresserade. Utbildningarna ger kunskap om grunderna och id\u00e9erna bakom den finansiella samordningen, genomg\u00e5ng av centrala delar i lagstiftningen och ger svar p\u00e5 de vanligaste fr\u00e5gorna inom omr\u00e5det.<\/p>\n\n\n<div class=\"wp-block-image\">\n<figure class=\"aligncenter size-large is-resized\"><img loading=\"lazy\" decoding=\"async\" width=\"1024\" height=\"682\" src=\"https:\/\/klasam.se\/wp-content\/uploads\/2022\/02\/people-2557399_1920-2-1024x682.jpg\" alt=\"\" class=\"wp-image-1702\" style=\"width:646px;height:430px\" srcset=\"https:\/\/klasam.se\/klasam\/wp-content\/uploads\/sites\/1\/2022\/02\/people-2557399_1920-2-1024x682.jpg 1024w, https:\/\/klasam.se\/klasam\/wp-content\/uploads\/sites\/1\/2022\/02\/people-2557399_1920-2-300x200.jpg 300w, https:\/\/klasam.se\/klasam\/wp-content\/uploads\/sites\/1\/2022\/02\/people-2557399_1920-2-768x512.jpg 768w, https:\/\/klasam.se\/klasam\/wp-content\/uploads\/sites\/1\/2022\/02\/people-2557399_1920-2-1536x1023.jpg 1536w, https:\/\/klasam.se\/klasam\/wp-content\/uploads\/sites\/1\/2022\/02\/people-2557399_1920-2.jpg 1920w\" sizes=\"auto, (max-width: 1024px) 100vw, 1024px\" \/><\/figure>\n<\/div>\n\n\n<p><strong>Strukturinsatser 2022<\/strong><\/p>\n\n\n\n<p>Under 2022 kommer bl.a. utbildningar i Tj\u00e4nstedesign, ACT (Acceptance and Commitment Therapy) samt JGL (J\u00e4mst\u00e4lldhet, Genus och ledarskap) att erbjudas. F\u00f6rbundet kommer \u00e4ven att erbjuda st\u00f6d i verksamhetsutveckling genom tj\u00e4nstedesign.<\/p>\n\n\n\n<p>Vidare kommer f\u00f6rbundets kommuner erbjudas utbildning och introduktion i BIP, progressionsm\u00e4tning. D\u00e5 f\u00f6rbundet nu deltar i projekt Stoppa v\u00e5ldet kan det \u00e4ven komma att bli aktuellt med n\u00e5gon form av kompetensinsats inom dessa omr\u00e5den. Det kan d\u00e5 \u00e4ven bli aktuellt med att erbjuda chefer och personal hos parterna detta.<\/p>\n\n\n\n<p>Insatsen Rebus kommer att forts\u00e4tta arbetet med att sprida kunskap runt personer som diagnostiserats med marginell intellektuell funktionsvariation. Ambitionen \u00e4r att sprida kunskaperna vidare till de \u00f6vriga f\u00f6rbunden i V\u00e4rmland\/Dalsland. <\/p>\n\n\n\n<p>F\u00f6r att st\u00e4rka kunskaperna runt att arbeta med projekt kommer styrelse, beredningsgrupp, projekt att erbjudas utbildning under \u00e5ret. Utbildningen ska vara anpassad utifr\u00e5n arbetet inom FINSAM.<\/p>\n\n\n\n<p>Klar\u00e4lvdalens Samordningsf\u00f6rbund ing\u00e5r i Regeringsuppdraget att \u00f6ka uppt\u00e4ckten av V\u00e5ld i n\u00e4ra relationer. Under 2021 genomf\u00f6rdes utbildning runt v\u00e5ld i n\u00e4ra relationer f\u00f6r att ge projektmedarbetarna i insatsen Rebus f\u00f6rberedelse och kunskaper runt att st\u00e4lla fr\u00e5gor runt v\u00e5ld. Under 2022 kommer Rebus b\u00f6rja att anv\u00e4nda validerade 7-fr\u00e5geinstrumentet f\u00f6r att \u00f6ka uppt\u00e4ckten. Att rutinm\u00e4ssigt st\u00e4lla fr\u00e5gorna g\u00f6r skillnad! Mer att l\u00e4sa om Stoppa v\u00e5ldet finns i n\u00e4sta flik. <\/p>\n","protected":false},"excerpt":{"rendered":"<p>Strukturinsatser F\u00f6rbundet erbjuder medarbetare och chefer hos parterna m\u00f6jlighet till utbildnings- och utvecklingsinsatser som syftar till samsyn och kompetensutveckling inom parternas samlade ansvarsomr\u00e5de. Samordning \u00e4r p\u00e5 m\u00e5nga s\u00e4tt en unik m\u00f6jlighetslagstiftning f\u00f6r att kunna samordna resurser p\u00e5 ett effektivt s\u00e4tt. F\u00f6r att utnyttja detta p\u00e5 b\u00e4sta s\u00e4tt kr\u00e4vs kunskap. Nationella r\u00e5det erbjuder bland annat utbildning [&hellip;]<\/p>\n","protected":false},"author":4,"featured_media":510,"parent":0,"menu_order":0,"comment_status":"closed","ping_status":"closed","template":"","meta":{"footnotes":""},"class_list":["post-1378","page","type-page","status-publish","has-post-thumbnail","hentry"],"yoast_head":"<!-- This site is optimized with the Yoast SEO plugin v27.3 - https:\/\/yoast.com\/product\/yoast-seo-wordpress\/ -->\n<title>Strukturinsatser - Klar\u00e4lvdalens Samordningsf\u00f6rbund<\/title>\n<meta name=\"robots\" content=\"index, follow, max-snippet:-1, max-image-preview:large, max-video-preview:-1\" \/>\n<link rel=\"canonical\" href=\"https:\/\/klasam.se\/klasam\/utbildnings-och-utvecklingsinsatser\/\" \/>\n<meta property=\"og:locale\" content=\"sv_SE\" \/>\n<meta property=\"og:type\" content=\"article\" \/>\n<meta property=\"og:title\" content=\"Strukturinsatser - Klar\u00e4lvdalens Samordningsf\u00f6rbund\" \/>\n<meta property=\"og:description\" content=\"Strukturinsatser F\u00f6rbundet erbjuder medarbetare och chefer hos parterna m\u00f6jlighet till utbildnings- och utvecklingsinsatser som syftar till samsyn och kompetensutveckling inom parternas samlade ansvarsomr\u00e5de. Samordning \u00e4r p\u00e5 m\u00e5nga s\u00e4tt en unik m\u00f6jlighetslagstiftning f\u00f6r att kunna samordna resurser p\u00e5 ett effektivt s\u00e4tt. F\u00f6r att utnyttja detta p\u00e5 b\u00e4sta s\u00e4tt kr\u00e4vs kunskap. Nationella r\u00e5det erbjuder bland annat utbildning [&hellip;]\" \/>\n<meta property=\"og:url\" content=\"https:\/\/klasam.se\/klasam\/utbildnings-och-utvecklingsinsatser\/\" \/>\n<meta property=\"og:site_name\" content=\"Klar\u00e4lvdalens Samordningsf\u00f6rbund\" \/>\n<meta property=\"article:modified_time\" content=\"2023-11-02T10:45:50+00:00\" \/>\n<meta property=\"og:image\" content=\"https:\/\/klasam.se\/klasam\/wp-content\/uploads\/sites\/1\/2016\/12\/projekt.jpg\" \/>\n\t<meta property=\"og:image:width\" content=\"890\" \/>\n\t<meta property=\"og:image:height\" content=\"300\" \/>\n\t<meta property=\"og:image:type\" content=\"image\/jpeg\" \/>\n<meta name=\"twitter:card\" content=\"summary_large_image\" \/>\n<meta name=\"twitter:label1\" content=\"Ber\u00e4knad l\u00e4stid\" \/>\n\t<meta name=\"twitter:data1\" content=\"2 minuter\" \/>\n<script type=\"application\/ld+json\" class=\"yoast-schema-graph\">{\"@context\":\"https:\\\/\\\/schema.org\",\"@graph\":[{\"@type\":\"WebPage\",\"@id\":\"https:\\\/\\\/klasam.se\\\/klasam\\\/utbildnings-och-utvecklingsinsatser\\\/\",\"url\":\"https:\\\/\\\/klasam.se\\\/klasam\\\/utbildnings-och-utvecklingsinsatser\\\/\",\"name\":\"Strukturinsatser - Klar\u00e4lvdalens Samordningsf\u00f6rbund\",\"isPartOf\":{\"@id\":\"https:\\\/\\\/klasam.se\\\/klasam\\\/#website\"},\"primaryImageOfPage\":{\"@id\":\"https:\\\/\\\/klasam.se\\\/klasam\\\/utbildnings-och-utvecklingsinsatser\\\/#primaryimage\"},\"image\":{\"@id\":\"https:\\\/\\\/klasam.se\\\/klasam\\\/utbildnings-och-utvecklingsinsatser\\\/#primaryimage\"},\"thumbnailUrl\":\"https:\\\/\\\/klasam.se\\\/klasam\\\/wp-content\\\/uploads\\\/sites\\\/1\\\/2016\\\/12\\\/projekt.jpg\",\"datePublished\":\"2021-03-30T08:51:37+00:00\",\"dateModified\":\"2023-11-02T10:45:50+00:00\",\"breadcrumb\":{\"@id\":\"https:\\\/\\\/klasam.se\\\/klasam\\\/utbildnings-och-utvecklingsinsatser\\\/#breadcrumb\"},\"inLanguage\":\"sv-SE\",\"potentialAction\":[{\"@type\":\"ReadAction\",\"target\":[\"https:\\\/\\\/klasam.se\\\/klasam\\\/utbildnings-och-utvecklingsinsatser\\\/\"]}]},{\"@type\":\"ImageObject\",\"inLanguage\":\"sv-SE\",\"@id\":\"https:\\\/\\\/klasam.se\\\/klasam\\\/utbildnings-och-utvecklingsinsatser\\\/#primaryimage\",\"url\":\"https:\\\/\\\/klasam.se\\\/klasam\\\/wp-content\\\/uploads\\\/sites\\\/1\\\/2016\\\/12\\\/projekt.jpg\",\"contentUrl\":\"https:\\\/\\\/klasam.se\\\/klasam\\\/wp-content\\\/uploads\\\/sites\\\/1\\\/2016\\\/12\\\/projekt.jpg\",\"width\":890,\"height\":300},{\"@type\":\"BreadcrumbList\",\"@id\":\"https:\\\/\\\/klasam.se\\\/klasam\\\/utbildnings-och-utvecklingsinsatser\\\/#breadcrumb\",\"itemListElement\":[{\"@type\":\"ListItem\",\"position\":1,\"name\":\"Home\",\"item\":\"https:\\\/\\\/klasam.se\\\/klasam\\\/\"},{\"@type\":\"ListItem\",\"position\":2,\"name\":\"Strukturinsatser\"}]},{\"@type\":\"WebSite\",\"@id\":\"https:\\\/\\\/klasam.se\\\/klasam\\\/#website\",\"url\":\"https:\\\/\\\/klasam.se\\\/klasam\\\/\",\"name\":\"Klar\u00e4lvdalens Samordningsf\u00f6rbund\",\"description\":\"Arbete och nya m\u00f6jligheter f\u00f6r alla\",\"publisher\":{\"@id\":\"https:\\\/\\\/klasam.se\\\/klasam\\\/#organization\"},\"potentialAction\":[{\"@type\":\"SearchAction\",\"target\":{\"@type\":\"EntryPoint\",\"urlTemplate\":\"https:\\\/\\\/klasam.se\\\/klasam\\\/?s={search_term_string}\"},\"query-input\":{\"@type\":\"PropertyValueSpecification\",\"valueRequired\":true,\"valueName\":\"search_term_string\"}}],\"inLanguage\":\"sv-SE\"},{\"@type\":\"Organization\",\"@id\":\"https:\\\/\\\/klasam.se\\\/klasam\\\/#organization\",\"name\":\"Klar\u00e4lvdalens Samordningsf\u00f6rbund\",\"url\":\"https:\\\/\\\/klasam.se\\\/klasam\\\/\",\"logo\":{\"@type\":\"ImageObject\",\"inLanguage\":\"sv-SE\",\"@id\":\"https:\\\/\\\/klasam.se\\\/klasam\\\/#\\\/schema\\\/logo\\\/image\\\/\",\"url\":\"https:\\\/\\\/klasam.se\\\/klasam\\\/wp-content\\\/uploads\\\/sites\\\/1\\\/2024\\\/06\\\/Klaralvdalens-Samordningsforbund-Logotyp-Liggande-750-Transparant.png\",\"contentUrl\":\"https:\\\/\\\/klasam.se\\\/klasam\\\/wp-content\\\/uploads\\\/sites\\\/1\\\/2024\\\/06\\\/Klaralvdalens-Samordningsforbund-Logotyp-Liggande-750-Transparant.png\",\"width\":750,\"height\":216,\"caption\":\"Klar\u00e4lvdalens Samordningsf\u00f6rbund\"},\"image\":{\"@id\":\"https:\\\/\\\/klasam.se\\\/klasam\\\/#\\\/schema\\\/logo\\\/image\\\/\"}}]}<\/script>\n<!-- \/ Yoast SEO plugin. -->","yoast_head_json":{"title":"Strukturinsatser - Klar\u00e4lvdalens Samordningsf\u00f6rbund","robots":{"index":"index","follow":"follow","max-snippet":"max-snippet:-1","max-image-preview":"max-image-preview:large","max-video-preview":"max-video-preview:-1"},"canonical":"https:\/\/klasam.se\/klasam\/utbildnings-och-utvecklingsinsatser\/","og_locale":"sv_SE","og_type":"article","og_title":"Strukturinsatser - Klar\u00e4lvdalens Samordningsf\u00f6rbund","og_description":"Strukturinsatser F\u00f6rbundet erbjuder medarbetare och chefer hos parterna m\u00f6jlighet till utbildnings- och utvecklingsinsatser som syftar till samsyn och kompetensutveckling inom parternas samlade ansvarsomr\u00e5de. Samordning \u00e4r p\u00e5 m\u00e5nga s\u00e4tt en unik m\u00f6jlighetslagstiftning f\u00f6r att kunna samordna resurser p\u00e5 ett effektivt s\u00e4tt. F\u00f6r att utnyttja detta p\u00e5 b\u00e4sta s\u00e4tt kr\u00e4vs kunskap. Nationella r\u00e5det erbjuder bland annat utbildning [&hellip;]","og_url":"https:\/\/klasam.se\/klasam\/utbildnings-och-utvecklingsinsatser\/","og_site_name":"Klar\u00e4lvdalens Samordningsf\u00f6rbund","article_modified_time":"2023-11-02T10:45:50+00:00","og_image":[{"width":890,"height":300,"url":"https:\/\/klasam.se\/klasam\/wp-content\/uploads\/sites\/1\/2016\/12\/projekt.jpg","type":"image\/jpeg"}],"twitter_card":"summary_large_image","twitter_misc":{"Ber\u00e4knad l\u00e4stid":"2 minuter"},"schema":{"@context":"https:\/\/schema.org","@graph":[{"@type":"WebPage","@id":"https:\/\/klasam.se\/klasam\/utbildnings-och-utvecklingsinsatser\/","url":"https:\/\/klasam.se\/klasam\/utbildnings-och-utvecklingsinsatser\/","name":"Strukturinsatser - Klar\u00e4lvdalens Samordningsf\u00f6rbund","isPartOf":{"@id":"https:\/\/klasam.se\/klasam\/#website"},"primaryImageOfPage":{"@id":"https:\/\/klasam.se\/klasam\/utbildnings-och-utvecklingsinsatser\/#primaryimage"},"image":{"@id":"https:\/\/klasam.se\/klasam\/utbildnings-och-utvecklingsinsatser\/#primaryimage"},"thumbnailUrl":"https:\/\/klasam.se\/klasam\/wp-content\/uploads\/sites\/1\/2016\/12\/projekt.jpg","datePublished":"2021-03-30T08:51:37+00:00","dateModified":"2023-11-02T10:45:50+00:00","breadcrumb":{"@id":"https:\/\/klasam.se\/klasam\/utbildnings-och-utvecklingsinsatser\/#breadcrumb"},"inLanguage":"sv-SE","potentialAction":[{"@type":"ReadAction","target":["https:\/\/klasam.se\/klasam\/utbildnings-och-utvecklingsinsatser\/"]}]},{"@type":"ImageObject","inLanguage":"sv-SE","@id":"https:\/\/klasam.se\/klasam\/utbildnings-och-utvecklingsinsatser\/#primaryimage","url":"https:\/\/klasam.se\/klasam\/wp-content\/uploads\/sites\/1\/2016\/12\/projekt.jpg","contentUrl":"https:\/\/klasam.se\/klasam\/wp-content\/uploads\/sites\/1\/2016\/12\/projekt.jpg","width":890,"height":300},{"@type":"BreadcrumbList","@id":"https:\/\/klasam.se\/klasam\/utbildnings-och-utvecklingsinsatser\/#breadcrumb","itemListElement":[{"@type":"ListItem","position":1,"name":"Home","item":"https:\/\/klasam.se\/klasam\/"},{"@type":"ListItem","position":2,"name":"Strukturinsatser"}]},{"@type":"WebSite","@id":"https:\/\/klasam.se\/klasam\/#website","url":"https:\/\/klasam.se\/klasam\/","name":"Klar\u00e4lvdalens Samordningsf\u00f6rbund","description":"Arbete och nya m\u00f6jligheter f\u00f6r alla","publisher":{"@id":"https:\/\/klasam.se\/klasam\/#organization"},"potentialAction":[{"@type":"SearchAction","target":{"@type":"EntryPoint","urlTemplate":"https:\/\/klasam.se\/klasam\/?s={search_term_string}"},"query-input":{"@type":"PropertyValueSpecification","valueRequired":true,"valueName":"search_term_string"}}],"inLanguage":"sv-SE"},{"@type":"Organization","@id":"https:\/\/klasam.se\/klasam\/#organization","name":"Klar\u00e4lvdalens Samordningsf\u00f6rbund","url":"https:\/\/klasam.se\/klasam\/","logo":{"@type":"ImageObject","inLanguage":"sv-SE","@id":"https:\/\/klasam.se\/klasam\/#\/schema\/logo\/image\/","url":"https:\/\/klasam.se\/klasam\/wp-content\/uploads\/sites\/1\/2024\/06\/Klaralvdalens-Samordningsforbund-Logotyp-Liggande-750-Transparant.png","contentUrl":"https:\/\/klasam.se\/klasam\/wp-content\/uploads\/sites\/1\/2024\/06\/Klaralvdalens-Samordningsforbund-Logotyp-Liggande-750-Transparant.png","width":750,"height":216,"caption":"Klar\u00e4lvdalens Samordningsf\u00f6rbund"},"image":{"@id":"https:\/\/klasam.se\/klasam\/#\/schema\/logo\/image\/"}}]}},"_links":{"self":[{"href":"https:\/\/klasam.se\/klasam\/wp-json\/wp\/v2\/pages\/1378","targetHints":{"allow":["GET"]}}],"collection":[{"href":"https:\/\/klasam.se\/klasam\/wp-json\/wp\/v2\/pages"}],"about":[{"href":"https:\/\/klasam.se\/klasam\/wp-json\/wp\/v2\/types\/page"}],"author":[{"embeddable":true,"href":"https:\/\/klasam.se\/klasam\/wp-json\/wp\/v2\/users\/4"}],"replies":[{"embeddable":true,"href":"https:\/\/klasam.se\/klasam\/wp-json\/wp\/v2\/comments?post=1378"}],"version-history":[{"count":9,"href":"https:\/\/klasam.se\/klasam\/wp-json\/wp\/v2\/pages\/1378\/revisions"}],"predecessor-version":[{"id":2196,"href":"https:\/\/klasam.se\/klasam\/wp-json\/wp\/v2\/pages\/1378\/revisions\/2196"}],"wp:featuredmedia":[{"embeddable":true,"href":"https:\/\/klasam.se\/klasam\/wp-json\/wp\/v2\/media\/510"}],"wp:attachment":[{"href":"https:\/\/klasam.se\/klasam\/wp-json\/wp\/v2\/media?parent=1378"}],"curies":[{"name":"wp","href":"https:\/\/api.w.org\/{rel}","templated":true}]}}